{"id":8468,"date":"2026-04-01T10:29:01","date_gmt":"2026-04-01T08:29:01","guid":{"rendered":"https:\/\/www.vargenthor.nl\/product\/niet-gecategoriseerd\/glima-cocktail-set-zwart\/"},"modified":"2026-04-01T10:34:12","modified_gmt":"2026-04-01T08:34:12","slug":"glima-cocktail-set-zwart","status":"publish","type":"product","link":"https:\/\/www.vargenthor.nl\/fr\/produit\/accessoires-en-overig\/cocktail-set\/glima-cocktail-set-zwart\/","title":{"rendered":"GLIMA - set de cocktail (noir)"},"content":{"rendered":"<p>Pour les moments qui n\u00e9cessitent plus qu'un simple verre. R\u00e9alisez des cocktails professionnels \u00e0 la maison gr\u00e2ce \u00e0 notre set complet de cocktails. Parfait pour les d\u00e9butants et les barmen exp\u00e9riment\u00e9s.<\/p>\n<p>Avec un shaker de 750 ml, un gobelet doseur et une passoire, vous cr\u00e9ez sans effort des cocktails qui font mouche - en termes de go\u00fbt, de rythme et de pr\u00e9sentation.<br \/>\nFabriqu\u00e9 en acier inoxydable de haute qualit\u00e9 et recouvert d'un rev\u00eatement noir profond. La texture GLIMA distinctive offre une bonne prise en main et du caract\u00e8re sans nuire \u00e0 l'aspect \u00e9pur\u00e9.<\/p>\n<p>Contenu de l'ensemble<br \/>\n- Shaker (750 ml)<br \/>\n- Gobelet de mesure (jigger)<br \/>\n- Tamis<\/p>\n<p>Caract\u00e9ristiques<br \/>\n- Fabriqu\u00e9 en acier inoxydable de haute qualit\u00e9 et recouvert d'un rev\u00eatement noir profond<br \/>\n- Motif GLIMA caract\u00e9ristique pour l'adh\u00e9rence et l'\u00e9quilibre<br \/>\n- Lavable au lave-vaisselle<br \/>\n- Livr\u00e9 dans un coffret cadeau de qualit\u00e9 sup\u00e9rieure en mat\u00e9riau recycl\u00e9<\/p>\n<p>Un coffret id\u00e9al \u00e0 offrir \u00e0 un ami ou \u00e0 soi-m\u00eame.<\/p>","protected":false},"excerpt":{"rendered":"Le set de cocktail GLIMA est id\u00e9al pour pr\u00e9parer vos boissons comme un professionnel !\nUn set de bar de haute qualit\u00e9 comprenant : un shaker, une passoire et un jigger.","protected":false},"featured_media":8480,"template":"","meta":{"_acf_changed":false},"product_brand":[],"product_cat":[247,242],"product_tag":[],"class_list":{"0":"post-8468","1":"product","2":"type-product","3":"status-publish","4":"has-post-thumbnail","6":"product_cat-cocktail-set","7":"product_cat-glima","8":"product_shipping_class-0-2kg","10":"first","11":"instock","12":"taxable","13":"shipping-taxable","14":"purchasable","15":"product-type-simple"},"composite_virtual":false,"composite_layout":"","composite_add_to_cart_form_location":"","composite_editable_in_cart":false,"composite_sold_individually_context":"","composite_shop_price_calc":"","composite_components":[],"composite_scenarios":[],"exclude_global_add_ons":[],"addons":[],"acf":[],"yoast_head":null,"yoast_head_json":null,"_links":{"self":[{"href":"https:\/\/www.vargenthor.nl\/fr\/wp-json\/wp\/v2\/product\/8468","targetHints":{"allow":["GET"]}}],"collection":[{"href":"https:\/\/www.vargenthor.nl\/fr\/wp-json\/wp\/v2\/product"}],"about":[{"href":"https:\/\/www.vargenthor.nl\/fr\/wp-json\/wp\/v2\/types\/product"}],"wp:featuredmedia":[{"embeddable":true,"href":"https:\/\/www.vargenthor.nl\/fr\/wp-json\/wp\/v2\/media\/8480"}],"wp:attachment":[{"href":"https:\/\/www.vargenthor.nl\/fr\/wp-json\/wp\/v2\/media?parent=8468"}],"wp:term":[{"taxonomy":"product_brand","embeddable":true,"href":"https:\/\/www.vargenthor.nl\/fr\/wp-json\/wp\/v2\/product_brand?post=8468"},{"taxonomy":"product_cat","embeddable":true,"href":"https:\/\/www.vargenthor.nl\/fr\/wp-json\/wp\/v2\/product_cat?post=8468"},{"taxonomy":"product_tag","embeddable":true,"href":"https:\/\/www.vargenthor.nl\/fr\/wp-json\/wp\/v2\/product_tag?post=8468"}],"curies":[{"name":"wp","href":"https:\/\/api.w.org\/{rel}","templated":true}]}}