{"id":8343,"date":"2026-01-19T09:55:44","date_gmt":"2026-01-19T08:55:44","guid":{"rendered":"https:\/\/www.vargenthor.nl\/product\/niet-gecategoriseerd\/glima-pannenset-gepolijst-roestvrij-staal\/"},"modified":"2026-01-19T10:05:21","modified_gmt":"2026-01-19T09:05:21","slug":"glima-pannenset-gepolijst-roestvrij-staal","status":"publish","type":"product","link":"https:\/\/www.vargenthor.nl\/fr\/produit\/pannen\/pannenset\/glima-pannenset-gepolijst-roestvrij-staal\/","title":{"rendered":"GLIMA - set de casseroles (acier inoxydable poli)"},"content":{"rendered":"<p>Apr\u00e8s quatre ann\u00e9es de d\u00e9veloppement, cet ensemble est constitu\u00e9 de cinq couches d'acier inoxydable de haute qualit\u00e9 et d'un c\u0153ur en aluminium. Cela signifie une distribution parfaite de la chaleur dans toutes les parties de l'ensemble. Les po\u00eales ont un int\u00e9rieur bross\u00e9 sans rev\u00eatement, tandis que la po\u00eale \u00e0 frire est \u00e9quip\u00e9e de notre rev\u00eatement antiadh\u00e9sif en c\u00e9ramique durable FROSTSTICK.2 - totalement exempt de PFAS, avec un excellent rev\u00eatement croustillant pour la friture.<\/p>\n<p>Chaque couvercle est dot\u00e9 de trous d'\u00e9coulement subtilement int\u00e9gr\u00e9s - une fonctionnalit\u00e9 petite mais brillante qui montre comment le design et la commodit\u00e9 s'allient dans la gamme GLIMA.<\/p>\n<p>L'ensemble comprend<\/p>\n<ul>\n<li>La casserole GLIMA de 2 litres, parfaite pour les sauces et les petits plats, est \u00e9quip\u00e9e d'un couvercle avec fonction d'\u00e9vacuation int\u00e9gr\u00e9e.<\/li>\n<li>La casserole GLIMA de 4 litres - id\u00e9ale pour les soupes et les rago\u00fbts, avec couvercle et fonction d'\u00e9gouttage int\u00e9gr\u00e9e.<\/li>\n<li>La po\u00eale \u00e0 frire GLIMA 28 cm - polyvalente pour cuire au four, sauter et plus encore, avec rev\u00eatement antiadh\u00e9sif en c\u00e9ramique sans PFAS, couvercle inclus.<\/li>\n<\/ul>\n<p>Les casseroles fonctionnent sur toutes les plaques de cuisson, y compris l'induction, r\u00e9sistent au four et peuvent \u00eatre lav\u00e9es au lave-vaisselle.<\/p>\n<p>Caract\u00e9ristiques<\/p>\n<ul>\n<li>Mat\u00e9riau : acier inoxydable \u00e0 5 couches avec noyau en aluminium<\/li>\n<li>Design : argent, acier poli<\/li>\n<li>Couvercle : oui, avec fonction de versement<\/li>\n<li>R\u00e9sistance au four : oui (jusqu'\u00e0 environ 240 \u00b0C)<\/li>\n<li>Convient \u00e0 toutes les sources de chaleur, y compris l'induction<\/li>\n<li>Passe au lave-vaisselle : oui<\/li>\n<\/ul>","protected":false},"excerpt":{"rendered":"Pour ceux qui ne peuvent pas choisir, l'ensemble GLIMA complet pour votre cuisine - puissant, \u00e9l\u00e9gant et pr\u00eat pour tout ce que vous cuisinez.\r\n\r\nCe set de po\u00eales GLIMA r\u00e9unit trois po\u00eales de la gamme GLIMA : la po\u00eale de 2 litres, la po\u00eale de 4 litres et une po\u00eale \u00e0 frire de 28 cm. Ensemble, elles forment un ensemble de base complet qui vous permettra de passer \u00e0 la vitesse sup\u00e9rieure en mati\u00e8re de cuisine - des repas familiaux de tous les jours aux plats qui impressionnent.","protected":false},"featured_media":8315,"template":"","meta":{"_acf_changed":false},"product_brand":[],"product_cat":[242,245],"product_tag":[],"class_list":{"0":"post-8343","1":"product","2":"type-product","3":"status-publish","4":"has-post-thumbnail","6":"product_cat-glima","7":"product_cat-pannenset","8":"product_shipping_class-5-10kg","10":"first","11":"instock","12":"sale","13":"taxable","14":"shipping-taxable","15":"purchasable","16":"product-type-simple"},"composite_virtual":false,"composite_layout":"","composite_add_to_cart_form_location":"","composite_editable_in_cart":false,"composite_sold_individually_context":"","composite_shop_price_calc":"","composite_components":[],"composite_scenarios":[],"exclude_global_add_ons":[],"addons":[],"acf":[],"yoast_head":null,"yoast_head_json":null,"_links":{"self":[{"href":"https:\/\/www.vargenthor.nl\/fr\/wp-json\/wp\/v2\/product\/8343","targetHints":{"allow":["GET"]}}],"collection":[{"href":"https:\/\/www.vargenthor.nl\/fr\/wp-json\/wp\/v2\/product"}],"about":[{"href":"https:\/\/www.vargenthor.nl\/fr\/wp-json\/wp\/v2\/types\/product"}],"wp:featuredmedia":[{"embeddable":true,"href":"https:\/\/www.vargenthor.nl\/fr\/wp-json\/wp\/v2\/media\/8315"}],"wp:attachment":[{"href":"https:\/\/www.vargenthor.nl\/fr\/wp-json\/wp\/v2\/media?parent=8343"}],"wp:term":[{"taxonomy":"product_brand","embeddable":true,"href":"https:\/\/www.vargenthor.nl\/fr\/wp-json\/wp\/v2\/product_brand?post=8343"},{"taxonomy":"product_cat","embeddable":true,"href":"https:\/\/www.vargenthor.nl\/fr\/wp-json\/wp\/v2\/product_cat?post=8343"},{"taxonomy":"product_tag","embeddable":true,"href":"https:\/\/www.vargenthor.nl\/fr\/wp-json\/wp\/v2\/product_tag?post=8343"}],"curies":[{"name":"wp","href":"https:\/\/api.w.org\/{rel}","templated":true}]}}