{"id":8342,"date":"2026-01-19T09:55:43","date_gmt":"2026-01-19T08:55:43","guid":{"rendered":"https:\/\/www.vargenthor.nl\/product\/niet-gecategoriseerd\/glima-4-liter-pan-gepolijst-roestvrij-staal\/"},"modified":"2026-01-19T10:05:04","modified_gmt":"2026-01-19T09:05:04","slug":"glima-4-liter-pan-gepolijst-roestvrij-staal","status":"publish","type":"product","link":"https:\/\/www.vargenthor.nl\/fr\/produit\/pannen\/kookpan\/glima-4-liter-pan-gepolijst-roestvrij-staal\/","title":{"rendered":"GLIMA - Cuvette de 4 litres (acier inoxydable poli)"},"content":{"rendered":"<p>C'est le grand fr\u00e8re de la s\u00e9rie GLIMA : puissant, stable et con\u00e7u pour durer des ann\u00e9es.<\/p>\n<p>Le GLIMA 4 L allie le design scandinave \u00e0 la pr\u00e9cision fonctionnelle. Le couvercle est dot\u00e9 d'ouvertures d'\u00e9gouttage subtiles qui vous permettent d'\u00e9vacuer facilement les liquides sans outils suppl\u00e9mentaires. Les poign\u00e9es robustes sont parfaitement \u00e9quilibr\u00e9es, m\u00eame lorsque la casserole est enti\u00e8rement remplie.<\/p>\n<p>L'int\u00e9rieur en acier bross\u00e9 est id\u00e9al pour allumer, r\u00e9duire et cuire lentement - exactement comme la cuisine est cens\u00e9e l'\u00eatre.<\/p>\n<p>Cette po\u00eale fonctionne sur toutes les plaques de cuisson, y compris l'induction, r\u00e9siste au four et peut \u00eatre lav\u00e9e au lave-vaisselle.<\/p>\n<h2>Caract\u00e9ristiques<\/h2>\n<ul>\n<li>Capacit\u00e9 : 4 L<\/li>\n<li>Mat\u00e9riau : acier inoxydable \u00e0 5 couches avec noyau en aluminium<\/li>\n<li>Design : argent, acier poli<\/li>\n<li>Int\u00e9rieur : acier bross\u00e9 (sans rev\u00eatement)<\/li>\n<li>Couvercle : oui, avec fonction de versement<\/li>\n<li>R\u00e9sistance au four : oui (jusqu'\u00e0 environ 240 \u00b0C)<\/li>\n<li>Convient \u00e0 toutes les sources de chaleur, y compris l'induction<\/li>\n<li>Passe au lave-vaisselle : oui<\/li>\n<\/ul>","protected":false},"excerpt":{"rendered":"Pour ceux qui cuisinent beaucoup mais ne veulent pas faire de compromis sur le design\r\n\r\nLa casserole GLIMA de 4 litres est faite pour la cuisine s\u00e9rieuse. Apr\u00e8s quatre ann\u00e9es de d\u00e9veloppement, cette casserole est compos\u00e9e de cinq couches d'acier inoxydable de haute qualit\u00e9 et d'un c\u0153ur en aluminium pour une r\u00e9partition optimale de la chaleur.\r\n\r\nVous sentez le poids, vous voyez le design et vous remarquez imm\u00e9diatement qu'il ne s'agit pas d'une casserole ordinaire.","protected":false},"featured_media":8325,"template":"","meta":{"_acf_changed":false},"product_brand":[],"product_cat":[242,243],"product_tag":[],"class_list":{"0":"post-8342","1":"product","2":"type-product","3":"status-publish","4":"has-post-thumbnail","6":"product_cat-glima","7":"product_cat-kookpan","8":"product_shipping_class-2-5kg","10":"first","11":"instock","12":"taxable","13":"shipping-taxable","14":"purchasable","15":"product-type-simple"},"composite_virtual":false,"composite_layout":"","composite_add_to_cart_form_location":"","composite_editable_in_cart":false,"composite_sold_individually_context":"","composite_shop_price_calc":"","composite_components":[],"composite_scenarios":[],"exclude_global_add_ons":[],"addons":[],"acf":[],"yoast_head":null,"yoast_head_json":null,"_links":{"self":[{"href":"https:\/\/www.vargenthor.nl\/fr\/wp-json\/wp\/v2\/product\/8342","targetHints":{"allow":["GET"]}}],"collection":[{"href":"https:\/\/www.vargenthor.nl\/fr\/wp-json\/wp\/v2\/product"}],"about":[{"href":"https:\/\/www.vargenthor.nl\/fr\/wp-json\/wp\/v2\/types\/product"}],"wp:featuredmedia":[{"embeddable":true,"href":"https:\/\/www.vargenthor.nl\/fr\/wp-json\/wp\/v2\/media\/8325"}],"wp:attachment":[{"href":"https:\/\/www.vargenthor.nl\/fr\/wp-json\/wp\/v2\/media?parent=8342"}],"wp:term":[{"taxonomy":"product_brand","embeddable":true,"href":"https:\/\/www.vargenthor.nl\/fr\/wp-json\/wp\/v2\/product_brand?post=8342"},{"taxonomy":"product_cat","embeddable":true,"href":"https:\/\/www.vargenthor.nl\/fr\/wp-json\/wp\/v2\/product_cat?post=8342"},{"taxonomy":"product_tag","embeddable":true,"href":"https:\/\/www.vargenthor.nl\/fr\/wp-json\/wp\/v2\/product_tag?post=8342"}],"curies":[{"name":"wp","href":"https:\/\/api.w.org\/{rel}","templated":true}]}}