{"id":8341,"date":"2026-01-19T09:55:43","date_gmt":"2026-01-19T08:55:43","guid":{"rendered":"https:\/\/www.vargenthor.nl\/product\/niet-gecategoriseerd\/glima-hapjes-koekenpan-28-cm-gepolijst-roestvrij-staal\/"},"modified":"2026-02-08T16:51:00","modified_gmt":"2026-02-08T15:51:00","slug":"glima-hapjes-koekenpan-28-cm-gepolijst-roestvrij-staal","status":"publish","type":"product","link":"https:\/\/www.vargenthor.nl\/fr\/produit\/pannen\/hapjespan\/glima-hapjes-koekenpan-28-cm-gepolijst-roestvrij-staal\/","title":{"rendered":"GLIMA - po\u00eale \u00e0 frire 28 cm (acier inoxydable poli)"},"content":{"rendered":"<p>L'\u00e9l\u00e9gant acier inoxydable poli chauffe rapidement et uniform\u00e9ment gr\u00e2ce \u00e0 sa construction \u00e0 5 couches, assurant une excellente r\u00e9partition et r\u00e9tention de la chaleur.<\/p>\n<p>L'int\u00e9rieur est dot\u00e9 du rev\u00eatement FROSTSTICK.2, un rev\u00eatement antiadh\u00e9sif moderne en c\u00e9ramique sans PFAS. Ce rev\u00eatement facilite la friture et rend le nettoyage presque aussi agr\u00e9able que la cuisson elle-m\u00eame. La po\u00eale \u00e0 frire est livr\u00e9e avec un couvercle, id\u00e9al pour faire mijoter, cuire \u00e0 l'\u00e9touff\u00e9e et servir.<\/p>\n<p>Que vous pr\u00e9pariez un d\u00e9jeuner rapide ou un d\u00eener \u00e9labor\u00e9, cette po\u00eale \u00e0 frire offre espace, contr\u00f4le et performances de pointe dans un design \u00e9l\u00e9gant.<\/p>\n<p>Cette po\u00eale fonctionne sur toutes les plaques de cuisson, y compris l'induction, r\u00e9siste au four et peut \u00eatre lav\u00e9e au lave-vaisselle.<\/p>\n<p>Il est compl\u00e9t\u00e9 par une poign\u00e9e uniforme, r\u00e9sistante \u00e0 la chaleur et robuste, ainsi que par un bouton parfaitement assorti au style GLIMA.<\/p>\n<h2>Caract\u00e9ristiques<\/h2>\n<ul>\n<li>Diam\u00e8tre : 28 cm<\/li>\n<li>Mat\u00e9riau : acier inoxydable \u00e0 5 couches avec noyau en aluminium<\/li>\n<li>Design : argent, acier poli<\/li>\n<li>Rev\u00eatement antiadh\u00e9sif en c\u00e9ramique FROSTSTICK.2 sans PFAS - propri\u00e9t\u00e9s antiadh\u00e9sives fermes et efficaces.<\/li>\n<li>Couvercle : oui<\/li>\n<li>R\u00e9sistance au four : oui (jusqu'\u00e0 environ 240 \u00b0C)<\/li>\n<li>Convient \u00e0 toutes les sources de chaleur, y compris l'induction<\/li>\n<li>Passe au lave-vaisselle : oui<\/li>\n<\/ul>","protected":false},"excerpt":{"rendered":"Meer dan een pan, ontwikkeld met passie en vakmanschap, ontworpen om koken tot een beleving te maken.\r\n\r\nDe GLIMA Hapjespan met een diameter van 28 cm combineert het beste van een klassieke koekenpan en een hapjespan. Deze veelzijdige pan is het resultaat van vier jaar ontwikkeling waarin eenvoud en kwaliteit samenkwamen.\r\n\r\nMet de kenmerkende geribbelde buitenkant in gepolijst staal harmonieert ze moeiteloos met de andere pannen uit de prestigieuze GLIMA-serie van Vargen &amp; Thor.","protected":false},"featured_media":8321,"template":"","meta":{"_acf_changed":false},"product_brand":[],"product_cat":[242,244],"product_tag":[],"class_list":{"0":"post-8341","1":"product","2":"type-product","3":"status-publish","4":"has-post-thumbnail","6":"product_cat-glima","7":"product_cat-hapjespan","8":"product_shipping_class-2-5kg","10":"first","11":"instock","12":"taxable","13":"shipping-taxable","14":"purchasable","15":"product-type-simple"},"composite_virtual":false,"composite_layout":"","composite_add_to_cart_form_location":"","composite_editable_in_cart":false,"composite_sold_individually_context":"","composite_shop_price_calc":"","composite_components":[],"composite_scenarios":[],"exclude_global_add_ons":[],"addons":[],"acf":[],"yoast_head":null,"yoast_head_json":null,"_links":{"self":[{"href":"https:\/\/www.vargenthor.nl\/fr\/wp-json\/wp\/v2\/product\/8341","targetHints":{"allow":["GET"]}}],"collection":[{"href":"https:\/\/www.vargenthor.nl\/fr\/wp-json\/wp\/v2\/product"}],"about":[{"href":"https:\/\/www.vargenthor.nl\/fr\/wp-json\/wp\/v2\/types\/product"}],"wp:featuredmedia":[{"embeddable":true,"href":"https:\/\/www.vargenthor.nl\/fr\/wp-json\/wp\/v2\/media\/8321"}],"wp:attachment":[{"href":"https:\/\/www.vargenthor.nl\/fr\/wp-json\/wp\/v2\/media?parent=8341"}],"wp:term":[{"taxonomy":"product_brand","embeddable":true,"href":"https:\/\/www.vargenthor.nl\/fr\/wp-json\/wp\/v2\/product_brand?post=8341"},{"taxonomy":"product_cat","embeddable":true,"href":"https:\/\/www.vargenthor.nl\/fr\/wp-json\/wp\/v2\/product_cat?post=8341"},{"taxonomy":"product_tag","embeddable":true,"href":"https:\/\/www.vargenthor.nl\/fr\/wp-json\/wp\/v2\/product_tag?post=8341"}],"curies":[{"name":"wp","href":"https:\/\/api.w.org\/{rel}","templated":true}]}}