{"id":8049,"date":"2025-10-06T08:41:37","date_gmt":"2025-10-06T06:41:37","guid":{"rendered":"https:\/\/www.vargenthor.nl\/product\/niet-gecategoriseerd\/servicen-c-set-van-4-dinerborden-antraciet\/"},"modified":"2026-01-21T20:46:14","modified_gmt":"2026-01-21T19:46:14","slug":"servicen-c-set-van-4-dinerborden-antraciet","status":"publish","type":"product","link":"https:\/\/www.vargenthor.nl\/fr\/produit\/glazen-en-servies\/borden\/servicen-c-set-van-4-dinerborden-antraciet\/","title":{"rendered":"SERVICEN C - set de 4 assiettes plates (Anthracite)"},"content":{"rendered":"<p><strong>Assiette \u00e0 dessert - petite par la taille, grande par la fonction<\/strong><\/p>\n<p>Con\u00e7ue pour une utilisation polyvalente au quotidien et pour le service. Fabriqu\u00e9 en gr\u00e8s durable et r\u00e9sistant, avec la m\u00eame texture martel\u00e9e que le reste de la gamme. Cela permet une bonne prise en main et un aspect uniforme.<\/p>\n<p>Parfait pour votre petit-d\u00e9jeuner, un dessert \u00e9l\u00e9gant ou comme bol pour les plats d'accompagnement au d\u00eener. Le bord subtilement sur\u00e9lev\u00e9 encadre le contenu et contribue \u00e0 un effet visuel \u00e9quilibr\u00e9. Gr\u00e2ce \u00e0 sa conception robuste, l'assiette peut \u00eatre lav\u00e9e au lave-vaisselle et est id\u00e9ale pour un usage quotidien.<\/p>\n<h2><strong>SERVICEN C &#8211; Lijnrechte harmonie<\/strong><\/h2>\n<p>La ligne SERVICEN C est con\u00e7ue pour ceux qui appr\u00e9cient \u00e0 la fois l'esth\u00e9tique et la fonctionnalit\u00e9.<\/p>\n<p>Le design lin\u00e9aire unique rend la vaisselle empilable et \u00e9quilibr\u00e9e. Une tasse a la m\u00eame hauteur que quatre assiettes ou quatre assiettes \u00e0 d\u00e9jeuner. Deux bols s'adaptent parfaitement \u00e0 quatre assiettes et \u00e0 une tasse. Il en r\u00e9sulte une sym\u00e9trie parfaite et un d\u00e9cor de table intemporel, adapt\u00e9 \u00e0 tous les jours et aux occasions festives.<\/p>\n<h2><strong>Production durable<\/strong><\/h2>\n<p>Con\u00e7u en Su\u00e8de, produit de mani\u00e8re durable au Portugal :<\/p>\n<ul>\n<li>Aliment\u00e9 par l'\u00e9nergie solaire<\/li>\n<li>Recyclage de l'eau dans la production<\/li>\n<li>Utilisation de mati\u00e8res premi\u00e8res naturelles<\/li>\n<\/ul>\n<h2><strong>Caract\u00e9ristiques<\/strong><\/h2>\n<ul>\n<li>Dimensions : <strong>:<\/strong> \u00d8 17 cm \u00d7 hauteur 2,3 cm<\/li>\n<li>Lot de 4 assiettes<\/li>\n<li>Empilable<\/li>\n<li>Production durable au Portugal<\/li>\n<li>Disponible en blanc ou en anthracite<\/li>\n<li>Passe au lave-vaisselle, au micro-ondes et au four (&lt; 240\u00b0C)<\/li>\n<\/ul>","protected":false},"excerpt":{"rendered":"D\u00e9couvrez les quatre assiettes \u00e0 dessert de notre ligne de vaisselle SERVICES C : robustes, uniques et bien pens\u00e9es. Parfaites pour \u00eatre utilis\u00e9es seules ou combin\u00e9es en harmonie lin\u00e9aire avec les autres articles de la ligne SERVICES C.","protected":false},"featured_media":7976,"template":"","meta":{"_acf_changed":false},"product_brand":[],"product_cat":[236,235],"product_tag":[],"class_list":{"0":"post-8049","1":"product","2":"type-product","3":"status-publish","4":"has-post-thumbnail","6":"product_cat-borden","7":"product_cat-servicen-c","8":"product_shipping_class-2-5kg","10":"first","11":"instock","12":"taxable","13":"shipping-taxable","14":"purchasable","15":"product-type-simple"},"composite_virtual":false,"composite_layout":"","composite_add_to_cart_form_location":"","composite_editable_in_cart":false,"composite_sold_individually_context":"","composite_shop_price_calc":"","composite_components":[],"composite_scenarios":[],"exclude_global_add_ons":[],"addons":[],"acf":[],"yoast_head":null,"yoast_head_json":null,"_links":{"self":[{"href":"https:\/\/www.vargenthor.nl\/fr\/wp-json\/wp\/v2\/product\/8049","targetHints":{"allow":["GET"]}}],"collection":[{"href":"https:\/\/www.vargenthor.nl\/fr\/wp-json\/wp\/v2\/product"}],"about":[{"href":"https:\/\/www.vargenthor.nl\/fr\/wp-json\/wp\/v2\/types\/product"}],"wp:featuredmedia":[{"embeddable":true,"href":"https:\/\/www.vargenthor.nl\/fr\/wp-json\/wp\/v2\/media\/7976"}],"wp:attachment":[{"href":"https:\/\/www.vargenthor.nl\/fr\/wp-json\/wp\/v2\/media?parent=8049"}],"wp:term":[{"taxonomy":"product_brand","embeddable":true,"href":"https:\/\/www.vargenthor.nl\/fr\/wp-json\/wp\/v2\/product_brand?post=8049"},{"taxonomy":"product_cat","embeddable":true,"href":"https:\/\/www.vargenthor.nl\/fr\/wp-json\/wp\/v2\/product_cat?post=8049"},{"taxonomy":"product_tag","embeddable":true,"href":"https:\/\/www.vargenthor.nl\/fr\/wp-json\/wp\/v2\/product_tag?post=8049"}],"curies":[{"name":"wp","href":"https:\/\/api.w.org\/{rel}","templated":true}]}}