{"id":8045,"date":"2025-10-06T08:41:35","date_gmt":"2025-10-06T06:41:35","guid":{"rendered":"https:\/\/www.vargenthor.nl\/product\/niet-gecategoriseerd\/servicen-c-set-van-4-kommen-antraciet\/"},"modified":"2026-01-21T20:47:30","modified_gmt":"2026-01-21T19:47:30","slug":"servicen-c-set-van-4-kommen-antraciet","status":"publish","type":"product","link":"https:\/\/www.vargenthor.nl\/fr\/produit\/glazen-en-servies\/kommen\/servicen-c-set-van-4-kommen-antraciet\/","title":{"rendered":"SERVICEN C - set de 4 bols (Anthracite)"},"content":{"rendered":"<p><strong>Pr\u00e9cision. \u00c9quilibre. Perfection.<\/strong><br \/>\nChaque tasse (26 cl) est fabriqu\u00e9e en gr\u00e8s de haute qualit\u00e9 pour une durabilit\u00e9 accrue et une sensation de solidit\u00e9. La surface martel\u00e9e permet une prise en main naturelle, tandis que la forme assure une tenue confortable.<\/p>\n<p>Il convient aussi bien aux boissons froides qu'aux boissons chaudes - et pourquoi pas \u00e0 une soupe ? Quel que soit le contenu : toujours la m\u00eame exp\u00e9rience robuste et harmonieuse, de la premi\u00e8re gorg\u00e9e \u00e0 la derni\u00e8re goutte.<\/p>\n<h2><strong>SERVICEN C &#8211; Lijnrechte harmonie<\/strong><\/h2>\n<p>La ligne SERVICEN C est con\u00e7ue pour ceux qui appr\u00e9cient \u00e0 la fois l'esth\u00e9tique et la fonctionnalit\u00e9.<\/p>\n<p>Le design lin\u00e9aire unique rend la vaisselle empilable et \u00e9quilibr\u00e9e. Une tasse a la m\u00eame hauteur que quatre assiettes ou quatre assiettes \u00e0 d\u00e9jeuner. Deux bols s'adaptent parfaitement \u00e0 quatre assiettes et \u00e0 une tasse. Il en r\u00e9sulte une sym\u00e9trie parfaite et un d\u00e9cor de table intemporel, adapt\u00e9 \u00e0 tous les jours et aux occasions festives.<\/p>\n<h2><strong>Production durable<\/strong><\/h2>\n<p>Con\u00e7u en Su\u00e8de, produit de mani\u00e8re durable au Portugal :<\/p>\n<ul>\n<li>Aliment\u00e9 par l'\u00e9nergie solaire<\/li>\n<li>Recyclage de l'eau dans la production<\/li>\n<li>Utilisation de mati\u00e8res premi\u00e8res naturelles<\/li>\n<\/ul>\n<h2><strong>Caract\u00e9ristiques<\/strong><\/h2>\n<ul>\n<li>Dimensions : \u00d8 8,1 cm x hauteur 7,7 cm<\/li>\n<li>Set de 4 mugs<\/li>\n<li>Empilable<\/li>\n<li>Production durable au Portugal<\/li>\n<li>Disponible en blanc ou en anthracite<\/li>\n<li>Passe au lave-vaisselle et au micro-ondes<\/li>\n<\/ul>","protected":false},"excerpt":{"rendered":"Robuste, r\u00e9fl\u00e9chi et intemporel. Ce set de 4 mugs fait partie de notre ligne de service, <b>SERVICES C<\/b>L'\u00e9l\u00e9ment de la ligne SERVICES C allie l'esth\u00e9tique \u00e0 la fonctionnalit\u00e9. Parfaite pour \u00eatre utilis\u00e9e seule ou combin\u00e9e en harmonie lin\u00e9aire avec les autres \u00e9l\u00e9ments de la ligne SERVICES C.","protected":false},"featured_media":8018,"template":"","meta":{"_acf_changed":false},"product_brand":[],"product_cat":[188,235],"product_tag":[],"class_list":{"0":"post-8045","1":"product","2":"type-product","3":"status-publish","4":"has-post-thumbnail","6":"product_cat-kommen","7":"product_cat-servicen-c","8":"product_shipping_class-0-2kg","10":"first","11":"instock","12":"taxable","13":"shipping-taxable","14":"purchasable","15":"product-type-simple"},"composite_virtual":false,"composite_layout":"","composite_add_to_cart_form_location":"","composite_editable_in_cart":false,"composite_sold_individually_context":"","composite_shop_price_calc":"","composite_components":[],"composite_scenarios":[],"exclude_global_add_ons":[],"addons":[],"acf":[],"yoast_head":null,"yoast_head_json":null,"_links":{"self":[{"href":"https:\/\/www.vargenthor.nl\/fr\/wp-json\/wp\/v2\/product\/8045","targetHints":{"allow":["GET"]}}],"collection":[{"href":"https:\/\/www.vargenthor.nl\/fr\/wp-json\/wp\/v2\/product"}],"about":[{"href":"https:\/\/www.vargenthor.nl\/fr\/wp-json\/wp\/v2\/types\/product"}],"wp:featuredmedia":[{"embeddable":true,"href":"https:\/\/www.vargenthor.nl\/fr\/wp-json\/wp\/v2\/media\/8018"}],"wp:attachment":[{"href":"https:\/\/www.vargenthor.nl\/fr\/wp-json\/wp\/v2\/media?parent=8045"}],"wp:term":[{"taxonomy":"product_brand","embeddable":true,"href":"https:\/\/www.vargenthor.nl\/fr\/wp-json\/wp\/v2\/product_brand?post=8045"},{"taxonomy":"product_cat","embeddable":true,"href":"https:\/\/www.vargenthor.nl\/fr\/wp-json\/wp\/v2\/product_cat?post=8045"},{"taxonomy":"product_tag","embeddable":true,"href":"https:\/\/www.vargenthor.nl\/fr\/wp-json\/wp\/v2\/product_tag?post=8045"}],"curies":[{"name":"wp","href":"https:\/\/api.w.org\/{rel}","templated":true}]}}