{"id":8040,"date":"2025-10-06T08:41:33","date_gmt":"2025-10-06T06:41:33","guid":{"rendered":"https:\/\/www.vargenthor.nl\/product\/niet-gecategoriseerd\/garde-koper-serie-frost\/"},"modified":"2026-01-19T09:57:02","modified_gmt":"2026-01-19T08:57:02","slug":"garde-koper-serie-frost","status":"publish","type":"product","link":"https:\/\/www.vargenthor.nl\/fr\/produit\/accessoires-en-overig\/gardes\/garde-koper-serie-frost\/","title":{"rendered":"Fouet - Cuivre (S\u00e9rie - Frost)"},"content":{"rendered":"<p>Certains pourraient penser qu'un fouet est un fouet. Mais ce n'est pas notre cas ! Nous avons pass\u00e9 beaucoup de temps \u00e0 faire de ce fouet une r\u00e9alit\u00e9. Le r\u00e9sultat est un fouet ballon avec une excellente prise en main, et bien qu'il soit enti\u00e8rement en acier, son poids est l\u00e9ger et votre bras ne se fatiguera pas.<\/p>\n<p>Faisant partie de la s\u00e9rie FROST, ce fouet est fabriqu\u00e9 en acier poli brillant et s'harmonise parfaitement avec la ligne FENIX.<\/p>\n<p>Gr\u00e2ce au motif martel\u00e9, les empreintes digitales sont \u00e9galement moins visibles que sur une surface en acier lisse.<\/p>\n<h2><strong>Caract\u00e9ristiques<\/strong><\/h2>\n<ul>\n<li>Fabriqu\u00e9 en acier inoxydable durable<\/li>\n<li>Motif martel\u00e9 embl\u00e9matique en acier poli brillant<\/li>\n<li>Logo en bas de page<\/li>\n<li>Couleur : cuivre<\/li>\n<li>Lavable au lave-vaisselle<\/li>\n<li>Longueur : 30 cm<\/li>\n<\/ul>\n<p>Le fouet est pr\u00e9sent\u00e9 dans une belle bo\u00eete, parfaite pour offrir \u00e0 un ami ou \u00e0 soi-m\u00eame. Nous avons pens\u00e9 \u00e0 tout.<\/p>","protected":false},"excerpt":{"rendered":"Enfin, nous avons notre nouvelle garniture de protection dans la s\u00e9rie Fenix, caract\u00e9ris\u00e9e par notre motif martel\u00e9 embl\u00e9matique.","protected":false},"featured_media":8017,"template":"","meta":{"_acf_changed":false},"product_brand":[],"product_cat":[143,137],"product_tag":[],"class_list":{"0":"post-8040","1":"product","2":"type-product","3":"status-publish","4":"has-post-thumbnail","6":"product_cat-gardes","7":"product_cat-fenix","8":"product_shipping_class-0-2kg","10":"first","11":"outofstock","12":"taxable","13":"shipping-taxable","14":"purchasable","15":"product-type-simple"},"composite_virtual":false,"composite_layout":"","composite_add_to_cart_form_location":"","composite_editable_in_cart":false,"composite_sold_individually_context":"","composite_shop_price_calc":"","composite_components":[],"composite_scenarios":[],"exclude_global_add_ons":[],"addons":[],"acf":[],"yoast_head":null,"yoast_head_json":null,"_links":{"self":[{"href":"https:\/\/www.vargenthor.nl\/fr\/wp-json\/wp\/v2\/product\/8040","targetHints":{"allow":["GET"]}}],"collection":[{"href":"https:\/\/www.vargenthor.nl\/fr\/wp-json\/wp\/v2\/product"}],"about":[{"href":"https:\/\/www.vargenthor.nl\/fr\/wp-json\/wp\/v2\/types\/product"}],"wp:featuredmedia":[{"embeddable":true,"href":"https:\/\/www.vargenthor.nl\/fr\/wp-json\/wp\/v2\/media\/8017"}],"wp:attachment":[{"href":"https:\/\/www.vargenthor.nl\/fr\/wp-json\/wp\/v2\/media?parent=8040"}],"wp:term":[{"taxonomy":"product_brand","embeddable":true,"href":"https:\/\/www.vargenthor.nl\/fr\/wp-json\/wp\/v2\/product_brand?post=8040"},{"taxonomy":"product_cat","embeddable":true,"href":"https:\/\/www.vargenthor.nl\/fr\/wp-json\/wp\/v2\/product_cat?post=8040"},{"taxonomy":"product_tag","embeddable":true,"href":"https:\/\/www.vargenthor.nl\/fr\/wp-json\/wp\/v2\/product_tag?post=8040"}],"curies":[{"name":"wp","href":"https:\/\/api.w.org\/{rel}","templated":true}]}}