{"id":8039,"date":"2025-10-06T08:41:33","date_gmt":"2025-10-06T06:41:33","guid":{"rendered":"https:\/\/www.vargenthor.nl\/product\/niet-gecategoriseerd\/slabestek-fenix-koper\/"},"modified":"2026-01-19T09:57:04","modified_gmt":"2026-01-19T08:57:04","slug":"slabestek-fenix-koper","status":"publish","type":"product","link":"https:\/\/www.vargenthor.nl\/fr\/produit\/bestek\/slabestek\/slabestek-fenix-koper\/","title":{"rendered":"Couverts \u00e0 laitue FENIX (cuivre)"},"content":{"rendered":"<p>Un pur r\u00e9gal pour les yeux et un vrai plaisir \u00e0 utiliser. Ces couverts \u00e0 salade font partie de la s\u00e9rie FROST. L'ensemble est de couleur cuivre et compl\u00e8te parfaitement la s\u00e9rie NIMBUS. Les couverts sont fabriqu\u00e9s en acier inoxydable durable, poli de type 18\/10.<br \/>\nRobuste et lavable au lave-vaisselle. Livr\u00e9 par lot de 2.<\/p>\n<h2>Caract\u00e9ristiques<\/h2>\n<ul>\n<li>Surface martel\u00e9e embl\u00e9matique \u00e0 l'avant et \u00e0 l'arri\u00e8re<\/li>\n<li>Lavable au lave-vaisselle (&lt;45 degr\u00e9s Celsius)<\/li>\n<li>Couleur : cuivre<\/li>\n<li>Ensemble de 2 pi\u00e8ces<\/li>\n<li>Longueur 25,8 cm, \u00e9paisseur 3,5 mm<\/li>\n<li>Fabriqu\u00e9 en acier inoxydable durable<\/li>\n<li>Parfaitement assorti \u00e0 nos autres produits martel\u00e9s de la s\u00e9rie FROST<\/li>\n<\/ul>","protected":false},"excerpt":{"rendered":"Les couverts Lettuce, de couleur cuivr\u00e9e, compl\u00e8tent parfaitement la s\u00e9rie FENIX. Le design martel\u00e9 des deux c\u00f4t\u00e9s vous permet de savoir qu'il s'agit d'un authentique Vargen &amp; Thor !","protected":false},"featured_media":7960,"template":"","meta":{"_acf_changed":false},"product_brand":[],"product_cat":[137,165],"product_tag":[],"class_list":{"0":"post-8039","1":"product","2":"type-product","3":"status-publish","4":"has-post-thumbnail","6":"product_cat-fenix","7":"product_cat-slabestek","8":"product_shipping_class-0-2kg","10":"first","11":"outofstock","12":"taxable","13":"shipping-taxable","14":"purchasable","15":"product-type-simple"},"composite_virtual":false,"composite_layout":"","composite_add_to_cart_form_location":"","composite_editable_in_cart":false,"composite_sold_individually_context":"","composite_shop_price_calc":"","composite_components":[],"composite_scenarios":[],"exclude_global_add_ons":[],"addons":[],"acf":[],"yoast_head":null,"yoast_head_json":null,"_links":{"self":[{"href":"https:\/\/www.vargenthor.nl\/fr\/wp-json\/wp\/v2\/product\/8039","targetHints":{"allow":["GET"]}}],"collection":[{"href":"https:\/\/www.vargenthor.nl\/fr\/wp-json\/wp\/v2\/product"}],"about":[{"href":"https:\/\/www.vargenthor.nl\/fr\/wp-json\/wp\/v2\/types\/product"}],"wp:featuredmedia":[{"embeddable":true,"href":"https:\/\/www.vargenthor.nl\/fr\/wp-json\/wp\/v2\/media\/7960"}],"wp:attachment":[{"href":"https:\/\/www.vargenthor.nl\/fr\/wp-json\/wp\/v2\/media?parent=8039"}],"wp:term":[{"taxonomy":"product_brand","embeddable":true,"href":"https:\/\/www.vargenthor.nl\/fr\/wp-json\/wp\/v2\/product_brand?post=8039"},{"taxonomy":"product_cat","embeddable":true,"href":"https:\/\/www.vargenthor.nl\/fr\/wp-json\/wp\/v2\/product_cat?post=8039"},{"taxonomy":"product_tag","embeddable":true,"href":"https:\/\/www.vargenthor.nl\/fr\/wp-json\/wp\/v2\/product_tag?post=8039"}],"curies":[{"name":"wp","href":"https:\/\/api.w.org\/{rel}","templated":true}]}}