{"id":7695,"date":"2025-04-28T11:07:56","date_gmt":"2025-04-28T09:07:56","guid":{"rendered":"https:\/\/www.vargenthor.nl\/product\/niet-gecategoriseerd\/mjolner-duo-2-x-koperen-koekenpan-22-28-cm\/"},"modified":"2026-01-19T09:56:58","modified_gmt":"2026-01-19T08:56:58","slug":"mjolner-duo-2-x-koperen-koekenpan-22-28-cm","status":"publish","type":"product","link":"https:\/\/www.vargenthor.nl\/fr\/produit\/serie\/mjolner\/mjolner-duo-2-x-koperen-koekenpan-22-28-cm\/","title":{"rendered":"MJ\u00d6lNER.DUO (2 x po\u00eales \u00e0 frire en cuivre, 22 + 28 cm)"},"content":{"rendered":"<p><strong>Deux, c'est mieux qu'un.<br \/>\n<\/strong>Un ensemble parfait de po\u00eales \u00e0 frire de la s\u00e9rie Mj\u00f6lner : Modell yb 28 cm et Modell Yb Jr 22 cm.<br \/>\nLes deux po\u00eales ont l'embl\u00e9matique ext\u00e9rieur martel\u00e9 et sont dot\u00e9es de notre nouveau rev\u00eatement FROSTSTICK.2 tr\u00e8s appr\u00e9ci\u00e9. Ce rev\u00eatement antiadh\u00e9sif fin, sans PFAS ni PFOA, garantit de superbes r\u00e9sultats de friture et un nettoyage facile. Fabriqu\u00e9 en trois couches, avec un c\u0153ur en aluminium pour une distribution optimale de la chaleur et un acier inoxydable durable et poli. Cuisine simple et naturelle<\/p>\n<h2><strong>D\u00e9tails<\/strong><\/h2>\n<ul>\n<li>2 casseroles par jeu<\/li>\n<li>Diam\u00e8tre : 22 cm et 28 cm<\/li>\n<li>Convient \u00e0 toutes les sources de chaleur, y compris l'induction<\/li>\n<li>R\u00e9sistant au four (&lt; 240\u00baC)<\/li>\n<li>Poign\u00e9e r\u00e9sistante \u00e0 la chaleur<\/li>\n<li>Aluminium de 2,5 mm<\/li>\n<li>Lavable au lave-vaisselle<\/li>\n<li>Poign\u00e9e en acier inoxydable<\/li>\n<li>Sans PFAS<\/li>\n<\/ul>","protected":false},"excerpt":{"rendered":"Les deux po\u00eales \u00e0 frire de la s\u00e9rie MJ\u00d6LNER, MODELL Yb et Yb Jr, sont d\u00e9sormais r\u00e9unies dans un seul set. Un set de po\u00eales \u00e0 frire robustes en cuivre avec un ext\u00e9rieur martel\u00e9 unique et une poign\u00e9e en acier inoxydable de la s\u00e9rie MJ\u00d6LNER avec des diam\u00e8tres de 22 cm et 28 cm - tout ce qu'il vous faut.","protected":false},"featured_media":7718,"template":"","meta":{"_acf_changed":false},"product_brand":[],"product_cat":[204,106,109],"product_tag":[],"class_list":{"0":"post-7695","1":"product","2":"type-product","3":"status-publish","4":"has-post-thumbnail","6":"product_cat-sale","7":"product_cat-mjolner","8":"product_cat-steelpannen","9":"product_shipping_class-2-5kg","11":"first","12":"instock","13":"sale","14":"taxable","15":"shipping-taxable","16":"purchasable","17":"product-type-simple"},"composite_virtual":false,"composite_layout":"","composite_add_to_cart_form_location":"","composite_editable_in_cart":false,"composite_sold_individually_context":"","composite_shop_price_calc":"","composite_components":[],"composite_scenarios":[],"exclude_global_add_ons":[],"addons":[],"acf":[],"yoast_head":null,"yoast_head_json":null,"_links":{"self":[{"href":"https:\/\/www.vargenthor.nl\/fr\/wp-json\/wp\/v2\/product\/7695","targetHints":{"allow":["GET"]}}],"collection":[{"href":"https:\/\/www.vargenthor.nl\/fr\/wp-json\/wp\/v2\/product"}],"about":[{"href":"https:\/\/www.vargenthor.nl\/fr\/wp-json\/wp\/v2\/types\/product"}],"wp:featuredmedia":[{"embeddable":true,"href":"https:\/\/www.vargenthor.nl\/fr\/wp-json\/wp\/v2\/media\/7718"}],"wp:attachment":[{"href":"https:\/\/www.vargenthor.nl\/fr\/wp-json\/wp\/v2\/media?parent=7695"}],"wp:term":[{"taxonomy":"product_brand","embeddable":true,"href":"https:\/\/www.vargenthor.nl\/fr\/wp-json\/wp\/v2\/product_brand?post=7695"},{"taxonomy":"product_cat","embeddable":true,"href":"https:\/\/www.vargenthor.nl\/fr\/wp-json\/wp\/v2\/product_cat?post=7695"},{"taxonomy":"product_tag","embeddable":true,"href":"https:\/\/www.vargenthor.nl\/fr\/wp-json\/wp\/v2\/product_tag?post=7695"}],"curies":[{"name":"wp","href":"https:\/\/api.w.org\/{rel}","templated":true}]}}