{"id":7691,"date":"2025-04-28T11:07:53","date_gmt":"2025-04-28T09:07:53","guid":{"rendered":"https:\/\/www.vargenthor.nl\/product\/niet-gecategoriseerd\/modell-yb-jr-koperen-koekenpan-22-cm\/"},"modified":"2026-04-12T10:52:56","modified_gmt":"2026-04-12T08:52:56","slug":"modell-yb-jr-koperen-koekenpan-22-cm","status":"publish","type":"product","link":"https:\/\/www.vargenthor.nl\/fr\/produit\/pannen\/koekenpannen\/modell-yb-jr-koperen-koekenpan-22-cm\/","title":{"rendered":"MODELL Yb Jr - po\u00eale \u00e0 frire en cuivre 22 cm"},"content":{"rendered":"<p>Comme son grand fr\u00e8re, le MODELL Yb Jr est reconnaissable \u00e0 sa finition unique en cuivre martel\u00e9 et \u00e0 ses d\u00e9tails en acier inoxydable. Il s'harmonise parfaitement avec les autres po\u00eales de la gamme MJ\u00d6LNER. L'int\u00e9rieur du MODELL Yb Jr est enti\u00e8rement en acier inoxydable bross\u00e9, ce qui permet une diffusion rapide et parfaite de la chaleur. Elle est \u00e9galement dot\u00e9e d'un rev\u00eatement innovant sans PFAS que nous appelons Froststick.<\/p>\n<p><strong>Rev\u00eatement Froststick.2<\/strong> - Un v\u00e9ritable changeur de jeu. Un rev\u00eatement qui r\u00e9fute tout ce que vous pensiez des rev\u00eatements. Le rev\u00eatement antiadh\u00e9sif fin, sans PFAS ni PFOA, garantit de superbes r\u00e9sultats de cuisson et un nettoyage facile. Combin\u00e9 \u00e0 un noyau d'aluminium comme couche interm\u00e9diaire, il permet une r\u00e9partition parfaitement uniforme de la vitesse de chauffe. Une r\u00e9partition de la chaleur \u00e0 la perfection. Une cuisson simple et naturelle.<\/p>\n<p>MODELL Yb Jr peut \u00eatre utilis\u00e9 pour cuisiner sur toutes les sources de chaleur, y compris l'induction, le gaz, la vitroc\u00e9ramique, l'\u00e9mail ou le four, et peut \u00eatre lav\u00e9 au lave-vaisselle. De plus, il est 100% lavable au lave-vaisselle pour une plus grande facilit\u00e9 d'utilisation.<\/p>\n<h2><strong>D\u00e9tails<\/strong><\/h2>\n<ul>\n<li>Diam\u00e8tre : 22 cm<\/li>\n<li>Convient \u00e0 toutes les sources de chaleur, y compris l'induction<\/li>\n<li>R\u00e9sistant au four (&lt; 240\u00baC)<\/li>\n<li>Poign\u00e9e r\u00e9sistante \u00e0 la chaleur<\/li>\n<li>Aluminium de 2,5 mm<\/li>\n<li>Lavable au lave-vaisselle<\/li>\n<li>Manche en acier inoxydable, chrom\u00e9<\/li>\n<li>Sans PFAS<\/li>\n<\/ul>\n<p>Remarque : le cuivre est un produit naturel qui se d\u00e9colore \u00e0 l'usage, car il s'oxyde naturellement. Pour conserver la couleur et l'\u00e9clat d'origine, nous recommandons de polir le cuivre.<\/p>","protected":false},"excerpt":{"rendered":"Nous avons \u00e9cout\u00e9 vos souhaits et sommes fiers de vous pr\u00e9senter le MODELL Yb Jr - une po\u00eale \u00e0 frire compacte en cuivre d'un diam\u00e8tre de 22 cm, qui compl\u00e8te parfaitement la gamme MJ\u00d6LNER, avec sa finition en cuivre martel\u00e9 et ses d\u00e9tails raffin\u00e9s en acier inoxydable.","protected":false},"featured_media":7698,"template":"","meta":{"_acf_changed":false},"product_brand":[],"product_cat":[108,106],"product_tag":[],"class_list":{"0":"post-7691","1":"product","2":"type-product","3":"status-publish","4":"has-post-thumbnail","6":"product_cat-koekenpannen","7":"product_cat-mjolner","8":"product_shipping_class-2-5kg","10":"first","11":"instock","12":"taxable","13":"shipping-taxable","14":"purchasable","15":"product-type-simple"},"composite_virtual":false,"composite_layout":"","composite_add_to_cart_form_location":"","composite_editable_in_cart":false,"composite_sold_individually_context":"","composite_shop_price_calc":"","composite_components":[],"composite_scenarios":[],"exclude_global_add_ons":[],"addons":[],"acf":[],"yoast_head":null,"yoast_head_json":null,"_links":{"self":[{"href":"https:\/\/www.vargenthor.nl\/fr\/wp-json\/wp\/v2\/product\/7691","targetHints":{"allow":["GET"]}}],"collection":[{"href":"https:\/\/www.vargenthor.nl\/fr\/wp-json\/wp\/v2\/product"}],"about":[{"href":"https:\/\/www.vargenthor.nl\/fr\/wp-json\/wp\/v2\/types\/product"}],"wp:featuredmedia":[{"embeddable":true,"href":"https:\/\/www.vargenthor.nl\/fr\/wp-json\/wp\/v2\/media\/7698"}],"wp:attachment":[{"href":"https:\/\/www.vargenthor.nl\/fr\/wp-json\/wp\/v2\/media?parent=7691"}],"wp:term":[{"taxonomy":"product_brand","embeddable":true,"href":"https:\/\/www.vargenthor.nl\/fr\/wp-json\/wp\/v2\/product_brand?post=7691"},{"taxonomy":"product_cat","embeddable":true,"href":"https:\/\/www.vargenthor.nl\/fr\/wp-json\/wp\/v2\/product_cat?post=7691"},{"taxonomy":"product_tag","embeddable":true,"href":"https:\/\/www.vargenthor.nl\/fr\/wp-json\/wp\/v2\/product_tag?post=7691"}],"curies":[{"name":"wp","href":"https:\/\/api.w.org\/{rel}","templated":true}]}}