{"id":6214,"date":"2024-07-11T14:52:18","date_gmt":"2024-07-11T12:52:18","guid":{"rendered":"https:\/\/www.vargenthor.nl\/product\/duga-flinga-kommen-4-x-700ml\/"},"modified":"2025-04-09T23:39:31","modified_gmt":"2025-04-09T21:39:31","slug":"duga-flinga-kommen-4-x-700ml","status":"publish","type":"product","link":"https:\/\/www.vargenthor.nl\/fr\/produit\/glazen-en-servies\/kommen\/duga-flinga-kommen-4-x-700ml\/","title":{"rendered":"Bols DUGA FLINGA (4 x 700ml)"},"content":{"rendered":"<p>** La s\u00e9rie DUGA est supprim\u00e9e. Vente 50% OP=OP ! **<\/p>\n<p>Apr\u00e8s les yeux et les tasses, nos designers ont poursuivi le design DUGA. C'est avec un grand honneur que nous pr\u00e9sentons maintenant le DUGA FLINGA. Un bol robuste dans notre combinaison de couleurs pr\u00e9f\u00e9r\u00e9e, blanc glace, gris sable, anthracite et noir. Une extension parfaite de la s\u00e9rie DUGA.<\/p>\n<p>DUGA FLINGA peut \u00eatre utilis\u00e9 pour le muesli du petit-d\u00e9jeuner, pour le fromage r\u00e2p\u00e9 avec les tacos ou pour une petite portion de soupe.<br \/>\nDUGA FLINGA est fabriqu\u00e9 en porcelaine robuste, lavable au lave-vaisselle et utilisable au micro-ondes.<br \/>\nChaque bol a une capacit\u00e9 de 700 ml, soit un peu plus que le bol \"classique\".<\/p>\n<p>D\u00e9tails<br \/>\no Emballage : 4 pi\u00e8ces (1 blanc glace, 1 anthracite, 1 noir, 1 gris sable) par lot.<br \/>\no M\u00eame forme et m\u00eames couleurs que les autres produits de la gamme DUGA.<br \/>\no Mat\u00e9riau : porcelaine durable<br \/>\no Capacit\u00e9 : 700ml<br \/>\npasse au lave-vaisselle et au micro-ondes<br \/>\no Largeur : 15cm<br \/>\no Hauteur : 8cm<\/p>","protected":false},"excerpt":{"rendered":"** La s\u00e9rie DUGA est supprim\u00e9e. Vente 50% OP=OP ! **\r\n\r\nDUGA FLINGA, les bols de la s\u00e9rie DUGA en couleurs\r\nSet de 4 bols d'une capacit\u00e9 de 700ml","protected":false},"featured_media":6395,"template":"","meta":{"_acf_changed":false},"product_brand":[],"product_cat":[188,204],"product_tag":[],"class_list":{"0":"post-6214","1":"product","2":"type-product","3":"status-publish","4":"has-post-thumbnail","6":"product_cat-kommen","7":"product_cat-sale","8":"product_shipping_class-2-5kg","10":"first","11":"outofstock","12":"sale","13":"taxable","14":"shipping-taxable","15":"purchasable","16":"product-type-simple"},"composite_virtual":false,"composite_layout":"","composite_add_to_cart_form_location":"","composite_editable_in_cart":false,"composite_sold_individually_context":"","composite_shop_price_calc":"","composite_components":[],"composite_scenarios":[],"exclude_global_add_ons":[],"addons":[],"acf":[],"yoast_head":null,"yoast_head_json":null,"_links":{"self":[{"href":"https:\/\/www.vargenthor.nl\/fr\/wp-json\/wp\/v2\/product\/6214","targetHints":{"allow":["GET"]}}],"collection":[{"href":"https:\/\/www.vargenthor.nl\/fr\/wp-json\/wp\/v2\/product"}],"about":[{"href":"https:\/\/www.vargenthor.nl\/fr\/wp-json\/wp\/v2\/types\/product"}],"wp:featuredmedia":[{"embeddable":true,"href":"https:\/\/www.vargenthor.nl\/fr\/wp-json\/wp\/v2\/media\/6395"}],"wp:attachment":[{"href":"https:\/\/www.vargenthor.nl\/fr\/wp-json\/wp\/v2\/media?parent=6214"}],"wp:term":[{"taxonomy":"product_brand","embeddable":true,"href":"https:\/\/www.vargenthor.nl\/fr\/wp-json\/wp\/v2\/product_brand?post=6214"},{"taxonomy":"product_cat","embeddable":true,"href":"https:\/\/www.vargenthor.nl\/fr\/wp-json\/wp\/v2\/product_cat?post=6214"},{"taxonomy":"product_tag","embeddable":true,"href":"https:\/\/www.vargenthor.nl\/fr\/wp-json\/wp\/v2\/product_tag?post=6214"}],"curies":[{"name":"wp","href":"https:\/\/api.w.org\/{rel}","templated":true}]}}