{"id":6213,"date":"2024-07-11T14:52:15","date_gmt":"2024-07-11T12:52:15","guid":{"rendered":"https:\/\/www.vargenthor.nl\/product\/smashjarn-hamburgerpers\/"},"modified":"2025-12-05T11:26:15","modified_gmt":"2025-12-05T10:26:15","slug":"smashjarn-hamburgerpers","status":"publish","type":"product","link":"https:\/\/www.vargenthor.nl\/fr\/produit\/accessoires-en-overig\/overige\/smashjarn-hamburgerpers\/","title":{"rendered":"SMASHJ\u00c4RN Presse \u00e0 hamburger"},"content":{"rendered":"<p>GL\u00d6D Smashj\u00e4rn est une presse \u00e0 burger qui permet d'obtenir un burger parfaitement \u00e9cras\u00e9. Cela permet d'obtenir un ext\u00e9rieur croustillant (cro\u00fbte) et un burger plus juteux.<br \/>\nLa poign\u00e9e est solide et le dessous est parfaitement lisse. Cette presse vous accompagnera longtemps.<\/p>\n<p>La presse \u00e0 hamburgers est enti\u00e8rement fabriqu\u00e9e en Su\u00e8de et sa finition est en acier poli brillant.<\/p>\n<p>Caract\u00e9ristiques :<br \/>\no Epaisseur 4 mm<br \/>\no Diam\u00e8tre 14 cm<br \/>\no Hauteur 4,5 cm<br \/>\no Poids 530 grammes<br \/>\no Lavable au lave-vaisselle<\/p>\n<p>Remarque :<br \/>\nLa presse \u00e0 hamburger est en grande partie fabriqu\u00e9e \u00e0 la main et peut donc pr\u00e9senter des diff\u00e9rences d'aspect, par exemple au niveau de la soudure de l'attache de la poign\u00e9e. Chaque fer est unique et nous trouvons cela charmant.<\/p>","protected":false},"excerpt":{"rendered":"Pour les grilleurs en g\u00e9n\u00e9ral et les amateurs de burgers en particulier, voici la presse \u00e0 hamburger Vargen &amp; Thor ; GL\u00d6D Smashj\u00e4rn.","protected":false},"featured_media":6293,"template":"","meta":{"_acf_changed":false},"product_brand":[],"product_cat":[172],"product_tag":[],"class_list":{"0":"post-6213","1":"product","2":"type-product","3":"status-publish","4":"has-post-thumbnail","6":"product_cat-overige","7":"product_shipping_class-0-2kg","9":"first","10":"instock","11":"taxable","12":"shipping-taxable","13":"purchasable","14":"product-type-simple"},"composite_virtual":false,"composite_layout":"","composite_add_to_cart_form_location":"","composite_editable_in_cart":false,"composite_sold_individually_context":"","composite_shop_price_calc":"","composite_components":[],"composite_scenarios":[],"exclude_global_add_ons":[],"addons":[],"acf":[],"yoast_head":null,"yoast_head_json":null,"_links":{"self":[{"href":"https:\/\/www.vargenthor.nl\/fr\/wp-json\/wp\/v2\/product\/6213","targetHints":{"allow":["GET"]}}],"collection":[{"href":"https:\/\/www.vargenthor.nl\/fr\/wp-json\/wp\/v2\/product"}],"about":[{"href":"https:\/\/www.vargenthor.nl\/fr\/wp-json\/wp\/v2\/types\/product"}],"wp:featuredmedia":[{"embeddable":true,"href":"https:\/\/www.vargenthor.nl\/fr\/wp-json\/wp\/v2\/media\/6293"}],"wp:attachment":[{"href":"https:\/\/www.vargenthor.nl\/fr\/wp-json\/wp\/v2\/media?parent=6213"}],"wp:term":[{"taxonomy":"product_brand","embeddable":true,"href":"https:\/\/www.vargenthor.nl\/fr\/wp-json\/wp\/v2\/product_brand?post=6213"},{"taxonomy":"product_cat","embeddable":true,"href":"https:\/\/www.vargenthor.nl\/fr\/wp-json\/wp\/v2\/product_cat?post=6213"},{"taxonomy":"product_tag","embeddable":true,"href":"https:\/\/www.vargenthor.nl\/fr\/wp-json\/wp\/v2\/product_tag?post=6213"}],"curies":[{"name":"wp","href":"https:\/\/api.w.org\/{rel}","templated":true}]}}