{"id":6211,"date":"2024-07-11T14:52:14","date_gmt":"2024-07-11T12:52:14","guid":{"rendered":"https:\/\/www.vargenthor.nl\/product\/snorok-thermosfles-750-ml\/"},"modified":"2025-12-31T09:50:12","modified_gmt":"2025-12-31T08:50:12","slug":"snorok-thermosfles-750-ml","status":"publish","type":"product","link":"https:\/\/www.vargenthor.nl\/fr\/produit\/accessoires-en-overig\/overige\/snorok-thermosfles-750-ml\/","title":{"rendered":"Bouteille thermos SN\u00d6R\u00d6K - 750 ml"},"content":{"rendered":"<p>D\u00e9couvrez votre compagnon id\u00e9al pour vos journ\u00e9es de travail, vos aventures et vos efforts sportifs.<br \/>\nLe thermos SN\u00d6R\u00d6K, avec sa signature Vargen &amp; Thor, est un thermos noir mat avec de magnifiques d\u00e9tails en laiton. Fabriqu\u00e9 selon notre norme ARVET, en acier inoxydable SS304 de haute qualit\u00e9, ce thermos garantit durabilit\u00e9 et r\u00e9sistance \u00e0 la rouille.<\/p>\n<p>L'excellente isolation de ce thermos permet de maintenir plus longtemps la temp\u00e9rature de vos boissons au niveau souhait\u00e9. Le couvercle viss\u00e9 \u00e9tanche emp\u00eache les fuites, ce qui rend ce thermos parfait pour le voyage, l'aventure ou le bureau.<\/p>\n<p>Caract\u00e9ristiques :<br \/>\no Fabriqu\u00e9 en acier inoxydable 304 de haute qualit\u00e9.<br \/>\no Hauteur : 24 cm.<br \/>\no Capacit\u00e9 : 750 ml.<br \/>\no Lavable au lave-vaisselle.<\/p>\n<p>SN\u00d6R\u00d6K : Il garde vos boissons froides bien fra\u00eeches et vos boissons chaudes d\u00e9licieusement chaudes. Et il le fait de mani\u00e8re excellente.<\/p>","protected":false},"excerpt":{"rendered":"SN\u00d6R\u00d6K, le thermos de Vargen &amp; Thor, con\u00e7u selon la norme ONYX","protected":false},"featured_media":6261,"template":"","meta":{"_acf_changed":false},"product_brand":[],"product_cat":[172,140],"product_tag":[],"class_list":{"0":"post-6211","1":"product","2":"type-product","3":"status-publish","4":"has-post-thumbnail","6":"product_cat-overige","7":"product_cat-onyx","8":"product_shipping_class-0-2kg","10":"first","11":"instock","12":"taxable","13":"shipping-taxable","14":"purchasable","15":"product-type-simple"},"composite_virtual":false,"composite_layout":"","composite_add_to_cart_form_location":"","composite_editable_in_cart":false,"composite_sold_individually_context":"","composite_shop_price_calc":"","composite_components":[],"composite_scenarios":[],"exclude_global_add_ons":[],"addons":[],"acf":[],"yoast_head":null,"yoast_head_json":null,"_links":{"self":[{"href":"https:\/\/www.vargenthor.nl\/fr\/wp-json\/wp\/v2\/product\/6211","targetHints":{"allow":["GET"]}}],"collection":[{"href":"https:\/\/www.vargenthor.nl\/fr\/wp-json\/wp\/v2\/product"}],"about":[{"href":"https:\/\/www.vargenthor.nl\/fr\/wp-json\/wp\/v2\/types\/product"}],"wp:featuredmedia":[{"embeddable":true,"href":"https:\/\/www.vargenthor.nl\/fr\/wp-json\/wp\/v2\/media\/6261"}],"wp:attachment":[{"href":"https:\/\/www.vargenthor.nl\/fr\/wp-json\/wp\/v2\/media?parent=6211"}],"wp:term":[{"taxonomy":"product_brand","embeddable":true,"href":"https:\/\/www.vargenthor.nl\/fr\/wp-json\/wp\/v2\/product_brand?post=6211"},{"taxonomy":"product_cat","embeddable":true,"href":"https:\/\/www.vargenthor.nl\/fr\/wp-json\/wp\/v2\/product_cat?post=6211"},{"taxonomy":"product_tag","embeddable":true,"href":"https:\/\/www.vargenthor.nl\/fr\/wp-json\/wp\/v2\/product_tag?post=6211"}],"curies":[{"name":"wp","href":"https:\/\/api.w.org\/{rel}","templated":true}]}}