{"id":6210,"date":"2024-07-11T14:52:13","date_gmt":"2024-07-11T12:52:13","guid":{"rendered":"https:\/\/www.vargenthor.nl\/product\/ult-onderzetters-set-van-4-maten\/"},"modified":"2026-04-24T17:43:06","modified_gmt":"2026-04-24T15:43:06","slug":"ult-onderzetters-set-van-4-maten","status":"publish","type":"product","link":"https:\/\/www.vargenthor.nl\/fr\/produit\/accessoires-en-overig\/overige\/ult-onderzetters-set-van-4-maten\/","title":{"rendered":"Sous-verres ULT - jeu de 4 tailles"},"content":{"rendered":"<p>Voici donc nos dessous de verre durables. Des dessous de verre pour toutes vos casseroles, po\u00eales et po\u00eales \u00e0 frire. Fabriqu\u00e9s \u00e0 partir de bouteilles PET recycl\u00e9es.<\/p>\n<p>Un set se compose de 4 sous-verres ; 16, 20, 24 et 28 cm. L'\u00e9paisseur est de 11 mm et la couleur est gris cendr\u00e9. Le logo embl\u00e9matique de Vargen &amp; Thor y figure naturellement.<\/p>\n<p>Le coffret est pr\u00e9sent\u00e9 dans une magnifique bo\u00eete fabriqu\u00e9e \u00e0 partir de mat\u00e9riaux recycl\u00e9s.<\/p>","protected":false},"excerpt":{"rendered":"Sous-verres ULT, Vargen &amp;Thor. Jeu de 4 tailles","protected":false},"featured_media":6227,"template":"","meta":{"_acf_changed":false},"product_brand":[],"product_cat":[172],"product_tag":[],"class_list":{"0":"post-6210","1":"product","2":"type-product","3":"status-publish","4":"has-post-thumbnail","6":"product_cat-overige","7":"product_shipping_class-0-2kg","9":"first","10":"onbackorder","11":"taxable","12":"shipping-taxable","13":"purchasable","14":"product-type-simple"},"composite_virtual":false,"composite_layout":"","composite_add_to_cart_form_location":"","composite_editable_in_cart":false,"composite_sold_individually_context":"","composite_shop_price_calc":"","composite_components":[],"composite_scenarios":[],"exclude_global_add_ons":[],"addons":[],"acf":[],"yoast_head":null,"yoast_head_json":null,"_links":{"self":[{"href":"https:\/\/www.vargenthor.nl\/fr\/wp-json\/wp\/v2\/product\/6210","targetHints":{"allow":["GET"]}}],"collection":[{"href":"https:\/\/www.vargenthor.nl\/fr\/wp-json\/wp\/v2\/product"}],"about":[{"href":"https:\/\/www.vargenthor.nl\/fr\/wp-json\/wp\/v2\/types\/product"}],"wp:featuredmedia":[{"embeddable":true,"href":"https:\/\/www.vargenthor.nl\/fr\/wp-json\/wp\/v2\/media\/6227"}],"wp:attachment":[{"href":"https:\/\/www.vargenthor.nl\/fr\/wp-json\/wp\/v2\/media?parent=6210"}],"wp:term":[{"taxonomy":"product_brand","embeddable":true,"href":"https:\/\/www.vargenthor.nl\/fr\/wp-json\/wp\/v2\/product_brand?post=6210"},{"taxonomy":"product_cat","embeddable":true,"href":"https:\/\/www.vargenthor.nl\/fr\/wp-json\/wp\/v2\/product_cat?post=6210"},{"taxonomy":"product_tag","embeddable":true,"href":"https:\/\/www.vargenthor.nl\/fr\/wp-json\/wp\/v2\/product_tag?post=6210"}],"curies":[{"name":"wp","href":"https:\/\/api.w.org\/{rel}","templated":true}]}}