{"id":6209,"date":"2024-07-11T14:52:13","date_gmt":"2024-07-11T12:52:13","guid":{"rendered":"https:\/\/www.vargenthor.nl\/product\/tang-kookpincet-32-cm\/"},"modified":"2025-12-13T14:44:25","modified_gmt":"2025-12-13T13:44:25","slug":"tang-kookpincet-32-cm","status":"publish","type":"product","link":"https:\/\/www.vargenthor.nl\/fr\/produit\/accessoires-en-overig\/overige\/tang-kookpincet-32-cm\/","title":{"rendered":"T\u00c5NG pince \u00e0 \u00e9piler - 32 cm"},"content":{"rendered":"<p>La pince \u00e0 \u00e9piler T\u00c5NG en acier est un outil indispensable pour les cuisiniers amateurs. Avec une excellente prise en main et une prise ferme sur n'importe quel morceau de viande, cette pince \u00e0 \u00e9piler est souvent consid\u00e9r\u00e9e comme l'outil le plus important et le plus utilis\u00e9 dans une cuisine.<\/p>\n<p>Fabriqu\u00e9 enti\u00e8rement en acier italien, sans aucun d\u00e9tail en plastique, nous mettons l'accent sur la durabilit\u00e9 et la fonctionnalit\u00e9, comme d'habitude.<\/p>\n<p>D\u00e9tails :<br \/>\no Lengte: 32 cm<br \/>\no Breedte: 6 cm (maximaal geopend)<br \/>\no Staal: AISI 304 (uit Itali\u00eb)<br \/>\no Vargen &amp; Thor-logo aan beide zijden, laser gegraveerd<br \/>\no Lavable au lave-vaisselle<br \/>\no Uitstekende hittebestendigheid<\/p>\n<p>Ann\u00e9e apr\u00e8s ann\u00e9e, cette pince de cuisine fait ses preuves. Elle est fabriqu\u00e9e en acier inoxydable poli durable d'Italie. Elle est id\u00e9ale pour une utilisation sur le gril, dans la po\u00eale \u00e0 frire et m\u00eame pour servir les plats.<\/p>","protected":false},"excerpt":{"rendered":"D\u00e9couvrez T\u00c5NG, notre pince de cuisine en acier de 32 cm","protected":false},"featured_media":6222,"template":"","meta":{"_acf_changed":false},"product_brand":[],"product_cat":[172],"product_tag":[],"class_list":{"0":"post-6209","1":"product","2":"type-product","3":"status-publish","4":"has-post-thumbnail","6":"product_cat-overige","7":"product_shipping_class-0-2kg","9":"first","10":"instock","11":"taxable","12":"shipping-taxable","13":"purchasable","14":"product-type-simple"},"composite_virtual":false,"composite_layout":"","composite_add_to_cart_form_location":"","composite_editable_in_cart":false,"composite_sold_individually_context":"","composite_shop_price_calc":"","composite_components":[],"composite_scenarios":[],"exclude_global_add_ons":[],"addons":[],"acf":[],"yoast_head":null,"yoast_head_json":null,"_links":{"self":[{"href":"https:\/\/www.vargenthor.nl\/fr\/wp-json\/wp\/v2\/product\/6209","targetHints":{"allow":["GET"]}}],"collection":[{"href":"https:\/\/www.vargenthor.nl\/fr\/wp-json\/wp\/v2\/product"}],"about":[{"href":"https:\/\/www.vargenthor.nl\/fr\/wp-json\/wp\/v2\/types\/product"}],"wp:featuredmedia":[{"embeddable":true,"href":"https:\/\/www.vargenthor.nl\/fr\/wp-json\/wp\/v2\/media\/6222"}],"wp:attachment":[{"href":"https:\/\/www.vargenthor.nl\/fr\/wp-json\/wp\/v2\/media?parent=6209"}],"wp:term":[{"taxonomy":"product_brand","embeddable":true,"href":"https:\/\/www.vargenthor.nl\/fr\/wp-json\/wp\/v2\/product_brand?post=6209"},{"taxonomy":"product_cat","embeddable":true,"href":"https:\/\/www.vargenthor.nl\/fr\/wp-json\/wp\/v2\/product_cat?post=6209"},{"taxonomy":"product_tag","embeddable":true,"href":"https:\/\/www.vargenthor.nl\/fr\/wp-json\/wp\/v2\/product_tag?post=6209"}],"curies":[{"name":"wp","href":"https:\/\/api.w.org\/{rel}","templated":true}]}}