{"id":6208,"date":"2024-07-11T14:52:12","date_gmt":"2024-07-11T12:52:12","guid":{"rendered":"https:\/\/www.vargenthor.nl\/product\/hexa-set-wijnglazen-set-4-stuks\/"},"modified":"2026-04-08T15:12:53","modified_gmt":"2026-04-08T13:12:53","slug":"hexa-set-wijnglazen-set-4-stuks","status":"publish","type":"product","link":"https:\/\/www.vargenthor.nl\/fr\/produit\/glazen-en-servies\/glazen\/hexa-set-wijnglazen-set-4-stuks\/","title":{"rendered":"HEXA set de verres \u00e0 vin (set de 4)"},"content":{"rendered":"<p>Ar\u00f4me et sensation.<\/p>\n<p>Voici les verres \u00e0 vin HEXA. Un ajout bienvenu \u00e0 la s\u00e9rie HEXA. Hexagonal \u00e0 la base, rond au sommet. Sensation de solidit\u00e9, 350 ml, en verre de cristal.<\/p>\n<p>Polyvalence et intemporalit\u00e9 caract\u00e9risent la s\u00e9rie HEXA. Un calice spacieux qui permet au vin de respirer et de lib\u00e9rer tout son ar\u00f4me et sa saveur.<\/p>\n<p>En termes de forme et de taille, ce verre est optimal pour le vin blanc, le prosecco, le cava ou d'autres \"bulles\". Mais il convient \u00e9galement au vin rouge. Le verre r\u00e9ussit le test des grosses bulles, les bulles s'\u00e9levant directement vers le haut au lieu d'aller sur les c\u00f4t\u00e9s. Une remarque s'impose.<\/p>\n<p>D\u00e9tails Emballage :<br \/>\no 4 verres par set.<br \/>\no Mat\u00e9riau : verre de cristal.<br \/>\no Capacit\u00e9 : 350 ml par verre.<br \/>\no Vargen et Thor grav\u00e9s sur la base.<\/p>\n<p>Sk\u00e5l (sant\u00e9) !<\/p>","protected":false},"excerpt":{"rendered":"Voici les verres \u00e0 vin HEXA. Un ajout bienvenu \u00e0 la s\u00e9rie HEXA. Hexagonal en bas, rond en haut\r\nLot de 4 verres de 350 ml","protected":false},"featured_media":6220,"template":"","meta":{"_acf_changed":false},"product_brand":[],"product_cat":[169,171],"product_tag":[],"class_list":{"0":"post-6208","1":"product","2":"type-product","3":"status-publish","4":"has-post-thumbnail","6":"product_cat-glazen","7":"product_cat-hexa","8":"product_shipping_class-0-2kg","10":"first","11":"instock","12":"sale","13":"taxable","14":"shipping-taxable","15":"purchasable","16":"product-type-simple"},"composite_virtual":false,"composite_layout":"","composite_add_to_cart_form_location":"","composite_editable_in_cart":false,"composite_sold_individually_context":"","composite_shop_price_calc":"","composite_components":[],"composite_scenarios":[],"exclude_global_add_ons":[],"addons":[],"acf":[],"yoast_head":null,"yoast_head_json":null,"_links":{"self":[{"href":"https:\/\/www.vargenthor.nl\/fr\/wp-json\/wp\/v2\/product\/6208","targetHints":{"allow":["GET"]}}],"collection":[{"href":"https:\/\/www.vargenthor.nl\/fr\/wp-json\/wp\/v2\/product"}],"about":[{"href":"https:\/\/www.vargenthor.nl\/fr\/wp-json\/wp\/v2\/types\/product"}],"wp:featuredmedia":[{"embeddable":true,"href":"https:\/\/www.vargenthor.nl\/fr\/wp-json\/wp\/v2\/media\/6220"}],"wp:attachment":[{"href":"https:\/\/www.vargenthor.nl\/fr\/wp-json\/wp\/v2\/media?parent=6208"}],"wp:term":[{"taxonomy":"product_brand","embeddable":true,"href":"https:\/\/www.vargenthor.nl\/fr\/wp-json\/wp\/v2\/product_brand?post=6208"},{"taxonomy":"product_cat","embeddable":true,"href":"https:\/\/www.vargenthor.nl\/fr\/wp-json\/wp\/v2\/product_cat?post=6208"},{"taxonomy":"product_tag","embeddable":true,"href":"https:\/\/www.vargenthor.nl\/fr\/wp-json\/wp\/v2\/product_tag?post=6208"}],"curies":[{"name":"wp","href":"https:\/\/api.w.org\/{rel}","templated":true}]}}