{"id":6206,"date":"2024-07-11T14:52:11","date_gmt":"2024-07-11T12:52:11","guid":{"rendered":"https:\/\/www.vargenthor.nl\/product\/ykon-linda-karaf-1-5-iter\/"},"modified":"2025-12-09T21:22:14","modified_gmt":"2025-12-09T20:22:14","slug":"ykon-linda-karaf-1-5-liter","status":"publish","type":"product","link":"https:\/\/www.vargenthor.nl\/fr\/produit\/glazen-en-servies\/glazen\/ykon-linda-karaf-1-5-liter\/","title":{"rendered":"Carafe YKON LINDA (1,5 litre)"},"content":{"rendered":"<p>Une belle carafe polyvalente avec des caract\u00e9ristiques suppl\u00e9mentaires gr\u00e2ce \u00e0 l'utilisation de verre borosilicat\u00e9.<\/p>\n<p>La carafe YKON LINDA a une capacit\u00e9 de 1,5 litre de liquide.<\/p>\n<p>La carafe est fabriqu\u00e9e en verre borosilicat\u00e9 de haute qualit\u00e9 et r\u00e9sistant \u00e0 la temp\u00e9rature. Elle peut donc \u00eatre lav\u00e9e au lave-vaisselle et convient aux boissons chaudes. Vous pouvez m\u00eame la mettre au cong\u00e9lateur pour obtenir une boisson tr\u00e8s froide, comme de l'eau citronn\u00e9e.<\/p>\n<p>C'est exactement ce que nous voulions. La carafe polyvalente. Voyez-le. Faites-en l'exp\u00e9rience. D\u00e9couvrez-la.<br \/>\nAvec un design frappant en verre transparent, parfaitement assorti \u00e0 notre s\u00e9rie YKON.<\/p>\n<p>Caract\u00e9ristiques :<br \/>\no Capacit\u00e9 : 1,5 litre.<br \/>\no Dimensions : hauteur 25 cm, diam\u00e8tre 11,8 cm.<br \/>\no Fermeture robuste en li\u00e8ge, avec le logo Vargen &amp; Thor grav\u00e9.<br \/>\no Emball\u00e9 dans une bo\u00eete \u00e9l\u00e9gante fabriqu\u00e9e \u00e0 partir de mat\u00e9riaux recycl\u00e9s.<br \/>\no Lavable au lave-vaisselle (uniquement la carafe, pas le bouchon).<\/p>\n<p>Une carafe id\u00e9ale \u00e0 offrir \u00e0 un ami ou \u00e0 soi-m\u00eame.<\/p>\n<p>D\u00e9couvrez par vous-m\u00eame pourquoi notre carafe YKON LINDA \u00e9tablit une nouvelle norme en mati\u00e8re d'\u00e9l\u00e9gance et de polyvalence.<\/p>","protected":false},"excerpt":{"rendered":"LINDA, la carafe polyvalente de 1,5 litre, parfaitement assortie \u00e0 notre s\u00e9rie YKON.","protected":false},"featured_media":6223,"template":"","meta":{"_acf_changed":false},"product_brand":[],"product_cat":[169,170],"product_tag":[],"class_list":{"0":"post-6206","1":"product","2":"type-product","3":"status-publish","4":"has-post-thumbnail","6":"product_cat-glazen","7":"product_cat-ykon","8":"product_shipping_class-0-2kg","10":"first","11":"instock","12":"taxable","13":"shipping-taxable","14":"purchasable","15":"product-type-simple"},"composite_virtual":false,"composite_layout":"","composite_add_to_cart_form_location":"","composite_editable_in_cart":false,"composite_sold_individually_context":"","composite_shop_price_calc":"","composite_components":[],"composite_scenarios":[],"exclude_global_add_ons":[],"addons":[],"acf":[],"yoast_head":null,"yoast_head_json":null,"_links":{"self":[{"href":"https:\/\/www.vargenthor.nl\/fr\/wp-json\/wp\/v2\/product\/6206","targetHints":{"allow":["GET"]}}],"collection":[{"href":"https:\/\/www.vargenthor.nl\/fr\/wp-json\/wp\/v2\/product"}],"about":[{"href":"https:\/\/www.vargenthor.nl\/fr\/wp-json\/wp\/v2\/types\/product"}],"wp:featuredmedia":[{"embeddable":true,"href":"https:\/\/www.vargenthor.nl\/fr\/wp-json\/wp\/v2\/media\/6223"}],"wp:attachment":[{"href":"https:\/\/www.vargenthor.nl\/fr\/wp-json\/wp\/v2\/media?parent=6206"}],"wp:term":[{"taxonomy":"product_brand","embeddable":true,"href":"https:\/\/www.vargenthor.nl\/fr\/wp-json\/wp\/v2\/product_brand?post=6206"},{"taxonomy":"product_cat","embeddable":true,"href":"https:\/\/www.vargenthor.nl\/fr\/wp-json\/wp\/v2\/product_cat?post=6206"},{"taxonomy":"product_tag","embeddable":true,"href":"https:\/\/www.vargenthor.nl\/fr\/wp-json\/wp\/v2\/product_tag?post=6206"}],"curies":[{"name":"wp","href":"https:\/\/api.w.org\/{rel}","templated":true}]}}