{"id":6205,"date":"2024-07-11T14:52:10","date_gmt":"2024-07-11T12:52:10","guid":{"rendered":"https:\/\/www.vargenthor.nl\/product\/ykon-isros-bierglazen-4-x-370-ml\/"},"modified":"2025-03-28T15:22:58","modified_gmt":"2025-03-28T14:22:58","slug":"ykon-isros-bierglazen-4-x-370-ml","status":"publish","type":"product","link":"https:\/\/www.vargenthor.nl\/fr\/produit\/glazen-en-servies\/glazen\/ykon-isros-bierglazen-4-x-370-ml\/","title":{"rendered":"Verres \u00e0 bi\u00e8re YKON ISROS (4 x 370 ml)"},"content":{"rendered":"<p>Une ode \u00e0 la bi\u00e8re fra\u00eeche et rafra\u00eechissante.<\/p>\n<p>YKON ISROS - une nouvelle ic\u00f4ne. Ce set contient 4 verres \u00e0 bi\u00e8re de 370 ml chacun - nos premiers verres \u00e0 bi\u00e8re de la s\u00e9rie YKON.<\/p>\n<p>Fabriqu\u00e9s en verre borosilicat\u00e9 durable, ils r\u00e9sistent \u00e0 la chaleur et au froid. Par cons\u00e9quent, vous pouvez m\u00eame placer les verres dans le cong\u00e9lateur pour une exp\u00e9rience de bi\u00e8re encore plus fra\u00eeche.<\/p>\n<p>Ces verres robustes sont con\u00e7us pour la bi\u00e8re, mais ils sont \u00e9galement parfaits pour les desserts, l'eau... ou tout ce que vous d\u00e9sirez.<\/p>\n<p>Caract\u00e9ristiques :<br \/>\no Jeu de 4 verres d'une capacit\u00e9 de 370 ml chacun.<br \/>\no Fabriqu\u00e9 en verre borosilicat\u00e9 de haute qualit\u00e9 pour une durabilit\u00e9 et une r\u00e9sistance \u00e0 la chaleur et au froid.<br \/>\no Dimensions : Largeur : 7,8 cm, Hauteur : 14,5 cm.<\/p>\n<p>Un excellent cadeau pour un ami ou pour se faire plaisir.<\/p>","protected":false},"excerpt":{"rendered":"Les verres \u00e0 bi\u00e8re ISROS sont un ajout tr\u00e8s attendu \u00e0 la gamme YKON.\r\nLot de 4 verres","protected":false},"featured_media":6342,"template":"","meta":{"_acf_changed":false},"product_brand":[],"product_cat":[169,170],"product_tag":[],"class_list":{"0":"post-6205","1":"product","2":"type-product","3":"status-publish","4":"has-post-thumbnail","6":"product_cat-glazen","7":"product_cat-ykon","8":"product_shipping_class-0-2kg","10":"first","11":"outofstock","12":"taxable","13":"shipping-taxable","14":"purchasable","15":"product-type-simple"},"composite_virtual":false,"composite_layout":"","composite_add_to_cart_form_location":"","composite_editable_in_cart":false,"composite_sold_individually_context":"","composite_shop_price_calc":"","composite_components":[],"composite_scenarios":[],"exclude_global_add_ons":[],"addons":[],"acf":[],"yoast_head":null,"yoast_head_json":null,"_links":{"self":[{"href":"https:\/\/www.vargenthor.nl\/fr\/wp-json\/wp\/v2\/product\/6205","targetHints":{"allow":["GET"]}}],"collection":[{"href":"https:\/\/www.vargenthor.nl\/fr\/wp-json\/wp\/v2\/product"}],"about":[{"href":"https:\/\/www.vargenthor.nl\/fr\/wp-json\/wp\/v2\/types\/product"}],"wp:featuredmedia":[{"embeddable":true,"href":"https:\/\/www.vargenthor.nl\/fr\/wp-json\/wp\/v2\/media\/6342"}],"wp:attachment":[{"href":"https:\/\/www.vargenthor.nl\/fr\/wp-json\/wp\/v2\/media?parent=6205"}],"wp:term":[{"taxonomy":"product_brand","embeddable":true,"href":"https:\/\/www.vargenthor.nl\/fr\/wp-json\/wp\/v2\/product_brand?post=6205"},{"taxonomy":"product_cat","embeddable":true,"href":"https:\/\/www.vargenthor.nl\/fr\/wp-json\/wp\/v2\/product_cat?post=6205"},{"taxonomy":"product_tag","embeddable":true,"href":"https:\/\/www.vargenthor.nl\/fr\/wp-json\/wp\/v2\/product_tag?post=6205"}],"curies":[{"name":"wp","href":"https:\/\/api.w.org\/{rel}","templated":true}]}}