{"id":6204,"date":"2024-07-11T14:52:10","date_gmt":"2024-07-11T12:52:10","guid":{"rendered":"https:\/\/www.vargenthor.nl\/product\/ykon-cocktailglazen-4-x-250-ml\/"},"modified":"2024-12-30T11:48:46","modified_gmt":"2024-12-30T10:48:46","slug":"ykon-cocktailglazen-4-x-250-ml","status":"publish","type":"product","link":"https:\/\/www.vargenthor.nl\/fr\/produit\/glazen-en-servies\/glazen\/ykon-cocktailglazen-4-x-250-ml\/","title":{"rendered":"Verres \u00e0 cocktail YKON (4 x 250 ml)"},"content":{"rendered":"<p>Verres \u00e0 cocktail \u00e9l\u00e9gants pour toutes les occasions, fabriqu\u00e9s en verre de cristal. Pour les boissons, les desserts, les bulles... pour tout ce que vous voulez.<\/p>\n<p>\u00c9dition limit\u00e9e \u00e0 300 exemplaires au total.<\/p>\n<p>Caract\u00e9ristiques<br \/>\no Lot de 4 verres<br \/>\no Capacit\u00e9 de 250 ml<br \/>\no Dimensions : 10,5 x 14 cm.<br \/>\nLavable au lave-vaisselle<\/p>\n<p>Un excellent cadeau pour un ami ou pour se faire plaisir.<\/p>","protected":false},"excerpt":{"rendered":"Voici un ajout tr\u00e8s attendu \u00e0 la s\u00e9rie YKON, les verres \u00e0 cocktail.\r\nLot de 4 verres","protected":false},"featured_media":6405,"template":"","meta":{"_acf_changed":false},"product_brand":[],"product_cat":[169,170],"product_tag":[],"class_list":{"0":"post-6204","1":"product","2":"type-product","3":"status-publish","4":"has-post-thumbnail","6":"product_cat-glazen","7":"product_cat-ykon","8":"product_shipping_class-0-2kg","10":"first","11":"outofstock","12":"taxable","13":"shipping-taxable","14":"purchasable","15":"product-type-simple"},"composite_virtual":false,"composite_layout":"","composite_add_to_cart_form_location":"","composite_editable_in_cart":false,"composite_sold_individually_context":"","composite_shop_price_calc":"","composite_components":[],"composite_scenarios":[],"exclude_global_add_ons":[],"addons":[],"acf":[],"yoast_head":null,"yoast_head_json":null,"_links":{"self":[{"href":"https:\/\/www.vargenthor.nl\/fr\/wp-json\/wp\/v2\/product\/6204","targetHints":{"allow":["GET"]}}],"collection":[{"href":"https:\/\/www.vargenthor.nl\/fr\/wp-json\/wp\/v2\/product"}],"about":[{"href":"https:\/\/www.vargenthor.nl\/fr\/wp-json\/wp\/v2\/types\/product"}],"wp:featuredmedia":[{"embeddable":true,"href":"https:\/\/www.vargenthor.nl\/fr\/wp-json\/wp\/v2\/media\/6405"}],"wp:attachment":[{"href":"https:\/\/www.vargenthor.nl\/fr\/wp-json\/wp\/v2\/media?parent=6204"}],"wp:term":[{"taxonomy":"product_brand","embeddable":true,"href":"https:\/\/www.vargenthor.nl\/fr\/wp-json\/wp\/v2\/product_brand?post=6204"},{"taxonomy":"product_cat","embeddable":true,"href":"https:\/\/www.vargenthor.nl\/fr\/wp-json\/wp\/v2\/product_cat?post=6204"},{"taxonomy":"product_tag","embeddable":true,"href":"https:\/\/www.vargenthor.nl\/fr\/wp-json\/wp\/v2\/product_tag?post=6204"}],"curies":[{"name":"wp","href":"https:\/\/api.w.org\/{rel}","templated":true}]}}