{"id":6203,"date":"2024-07-11T14:52:09","date_gmt":"2024-07-11T12:52:09","guid":{"rendered":"https:\/\/www.vargenthor.nl\/product\/ykon-evident-set-glazen-6-x-410ml-transparant\/"},"modified":"2026-02-10T18:01:55","modified_gmt":"2026-02-10T17:01:55","slug":"ykon-evident-set-glazen-6-x-410ml-transparant","status":"publish","type":"product","link":"https:\/\/www.vargenthor.nl\/fr\/produit\/glazen-en-servies\/glazen\/ykon-evident-set-glazen-6-x-410ml-transparant\/","title":{"rendered":"YKON EVIDENT set de verres - 6 x 410ml (transparent)"},"content":{"rendered":"<p>Ce set de 6 verres est con\u00e7u pour vous accompagner dans vos moments de d\u00e9tente avec de l'eau rafra\u00eechissante, un verre de whisky ou un cocktail festif.<\/p>\n<p>YKON est disponible en plusieurs couleurs attrayantes, notamment Evident (transparent), B\u00e4rnstein (ambre) et ASKA (gris anthracite) - cette variante est EVIDENT.<\/p>\n<p>Fabriqu\u00e9s en verre borosilicat\u00e9 de haute qualit\u00e9, ces verres sont durables et r\u00e9sistants \u00e0 la chaleur et au froid. Que vous serviez du lait chocolat\u00e9 br\u00fblant ou que vous versiez un smoothie glac\u00e9, ces verres peuvent tout supporter. Ils passent au lave-vaisselle et r\u00e9sistent aux chocs, ce qui leur permet de durer des ann\u00e9es sans se casser.<\/p>\n<p>Caract\u00e9ristiques :<br \/>\no Lot de 6 verres<br \/>\no Capacit\u00e9 de 410 ml<br \/>\no Dimensions : Largeur 8,5 cm, Hauteur 9,5 cm<br \/>\nLavable au lave-vaisselle<\/p>","protected":false},"excerpt":{"rendered":"EVIDNET, le set de verres transparents de notre derni\u00e8re ligne de verre, YKON.\r\nEnsemble de 6 verres.","protected":false},"featured_media":6228,"template":"","meta":{"_acf_changed":false},"product_brand":[],"product_cat":[169,170],"product_tag":[],"class_list":{"0":"post-6203","1":"product","2":"type-product","3":"status-publish","4":"has-post-thumbnail","6":"product_cat-glazen","7":"product_cat-ykon","8":"product_shipping_class-0-2kg","10":"first","11":"instock","12":"taxable","13":"shipping-taxable","14":"purchasable","15":"product-type-simple"},"composite_virtual":false,"composite_layout":"","composite_add_to_cart_form_location":"","composite_editable_in_cart":false,"composite_sold_individually_context":"","composite_shop_price_calc":"","composite_components":[],"composite_scenarios":[],"exclude_global_add_ons":[],"addons":[],"acf":[],"yoast_head":null,"yoast_head_json":null,"_links":{"self":[{"href":"https:\/\/www.vargenthor.nl\/fr\/wp-json\/wp\/v2\/product\/6203","targetHints":{"allow":["GET"]}}],"collection":[{"href":"https:\/\/www.vargenthor.nl\/fr\/wp-json\/wp\/v2\/product"}],"about":[{"href":"https:\/\/www.vargenthor.nl\/fr\/wp-json\/wp\/v2\/types\/product"}],"wp:featuredmedia":[{"embeddable":true,"href":"https:\/\/www.vargenthor.nl\/fr\/wp-json\/wp\/v2\/media\/6228"}],"wp:attachment":[{"href":"https:\/\/www.vargenthor.nl\/fr\/wp-json\/wp\/v2\/media?parent=6203"}],"wp:term":[{"taxonomy":"product_brand","embeddable":true,"href":"https:\/\/www.vargenthor.nl\/fr\/wp-json\/wp\/v2\/product_brand?post=6203"},{"taxonomy":"product_cat","embeddable":true,"href":"https:\/\/www.vargenthor.nl\/fr\/wp-json\/wp\/v2\/product_cat?post=6203"},{"taxonomy":"product_tag","embeddable":true,"href":"https:\/\/www.vargenthor.nl\/fr\/wp-json\/wp\/v2\/product_tag?post=6203"}],"curies":[{"name":"wp","href":"https:\/\/api.w.org\/{rel}","templated":true}]}}