{"id":6200,"date":"2024-07-11T14:52:08","date_gmt":"2024-07-11T12:52:08","guid":{"rendered":"https:\/\/www.vargenthor.nl\/product\/vargavinter-messenset\/"},"modified":"2025-09-10T18:42:42","modified_gmt":"2025-09-10T16:42:42","slug":"vargavinter-messenset","status":"publish","type":"product","link":"https:\/\/www.vargenthor.nl\/fr\/produit\/messen\/vargavinter-messenset\/","title":{"rendered":"VARGAVINTER - Set de couteaux"},"content":{"rendered":"<p>VARGAVINTER, la collection compl\u00e8te de couteaux de Vargen &amp; Thor :<br \/>\no Roy X, koksmes<br \/>\no Elmer, broodmes<br \/>\no Roy mini, groente mes<br \/>\nPr\u00e9cision et nettet\u00e9, tout cela dans cette s\u00e9rie.<\/p>\n<p>Fabriqu\u00e9 en acier inoxydable avec un fond en laiton v\u00e9ritable. Poign\u00e9e noire mate, facile \u00e0 saisir et parfaitement \u00e9quilibr\u00e9e dans la main.<\/p>\n<p>Prenez soin des couteaux !<br \/>\nIl n'est pas recommand\u00e9 de mettre les couteaux au lave-vaisselle. Pour pr\u00e9server le tranchant, il est recommand\u00e9 de garder le couteau sec avant et apr\u00e8s utilisation. Lavez le couteau avec du liquide vaisselle uniquement si vous coupez de la viande ou du poisson. Essuyer imm\u00e9diatement apr\u00e8s.<\/p>","protected":false},"excerpt":{"rendered":"Pour ceux qui ne peuvent ou ne veulent pas choisir... le set complet de couteaux Vargen &amp; Thor ; VARGAVINTER","protected":false},"featured_media":6366,"template":"","meta":{"_acf_changed":false},"product_brand":[],"product_cat":[167,204],"product_tag":[],"class_list":{"0":"post-6200","1":"product","2":"type-product","3":"status-publish","4":"has-post-thumbnail","6":"product_cat-messen","7":"product_cat-sale","8":"product_shipping_class-0-2kg","10":"first","11":"outofstock","12":"sale","13":"taxable","14":"shipping-taxable","15":"purchasable","16":"product-type-simple"},"composite_virtual":false,"composite_layout":"","composite_add_to_cart_form_location":"","composite_editable_in_cart":false,"composite_sold_individually_context":"","composite_shop_price_calc":"","composite_components":[],"composite_scenarios":[],"exclude_global_add_ons":[],"addons":[],"acf":[],"yoast_head":null,"yoast_head_json":null,"_links":{"self":[{"href":"https:\/\/www.vargenthor.nl\/fr\/wp-json\/wp\/v2\/product\/6200","targetHints":{"allow":["GET"]}}],"collection":[{"href":"https:\/\/www.vargenthor.nl\/fr\/wp-json\/wp\/v2\/product"}],"about":[{"href":"https:\/\/www.vargenthor.nl\/fr\/wp-json\/wp\/v2\/types\/product"}],"wp:featuredmedia":[{"embeddable":true,"href":"https:\/\/www.vargenthor.nl\/fr\/wp-json\/wp\/v2\/media\/6366"}],"wp:attachment":[{"href":"https:\/\/www.vargenthor.nl\/fr\/wp-json\/wp\/v2\/media?parent=6200"}],"wp:term":[{"taxonomy":"product_brand","embeddable":true,"href":"https:\/\/www.vargenthor.nl\/fr\/wp-json\/wp\/v2\/product_brand?post=6200"},{"taxonomy":"product_cat","embeddable":true,"href":"https:\/\/www.vargenthor.nl\/fr\/wp-json\/wp\/v2\/product_cat?post=6200"},{"taxonomy":"product_tag","embeddable":true,"href":"https:\/\/www.vargenthor.nl\/fr\/wp-json\/wp\/v2\/product_tag?post=6200"}],"curies":[{"name":"wp","href":"https:\/\/api.w.org\/{rel}","templated":true}]}}