{"id":6199,"date":"2024-07-11T14:52:08","date_gmt":"2024-07-11T12:52:08","guid":{"rendered":"https:\/\/www.vargenthor.nl\/product\/elmer-broodmes\/"},"modified":"2025-03-29T14:59:06","modified_gmt":"2025-03-29T13:59:06","slug":"elmer-broodmes","status":"publish","type":"product","link":"https:\/\/www.vargenthor.nl\/fr\/produit\/messen\/elmer-broodmes\/","title":{"rendered":"ELMER - couteau \u00e0 pain"},"content":{"rendered":"<p>Faire quelque chose qui ne devrait servir qu'\u00e0 une seule chose, en l'occurrence trancher du pain, peut parfois \u00eatre la partie la plus difficile. Nous avons franchi une \u00e9tape suppl\u00e9mentaire. D'un couteau qui coupe bien le pain, \u00e0 un bon couteau qui coupe mieux le pain.<br \/>\nL'\u00e9quilibre est incroyable, le couteau de Vargen &amp; Thor est tranchant et le design fait la fiert\u00e9 de la planche \u00e0 d\u00e9couper.<\/p>\n<p>D\u00e9tails<br \/>\n&#8211; Gemaakt van roestvrij staal met echt messing aan de onderkant<br \/>\n- Poign\u00e9e noire mate facile \u00e0 saisir<br \/>\n- Un \u00e9quilibre parfait dans la main.<br \/>\n&#8211; Lemmet van 21 cm<br \/>\n&#8211; Totale afmetingen: 34 x 3 cm<\/p>\n<p>Soins pour ELMER<br \/>\nIl n'est pas recommand\u00e9 de mettre Elmer au lave-vaisselle. Pour pr\u00e9server le tranchant, nous recommandons de garder le couteau sec avant et apr\u00e8s utilisation. Ce couteau est fait pour trancher le pain, laissez-le faire ce qu'il fait le mieux.<\/p>","protected":false},"excerpt":{"rendered":"ELMER, notre couteau \u00e0 pain fait pour durer, con\u00e7u pour surprendre.","protected":false},"featured_media":6295,"template":"","meta":{"_acf_changed":false},"product_brand":[],"product_cat":[167,204],"product_tag":[],"class_list":{"0":"post-6199","1":"product","2":"type-product","3":"status-publish","4":"has-post-thumbnail","6":"product_cat-messen","7":"product_cat-sale","8":"product_shipping_class-0-2kg","10":"first","11":"instock","12":"sale","13":"taxable","14":"shipping-taxable","15":"purchasable","16":"product-type-simple"},"composite_virtual":false,"composite_layout":"","composite_add_to_cart_form_location":"","composite_editable_in_cart":false,"composite_sold_individually_context":"","composite_shop_price_calc":"","composite_components":[],"composite_scenarios":[],"exclude_global_add_ons":[],"addons":[],"acf":[],"yoast_head":null,"yoast_head_json":null,"_links":{"self":[{"href":"https:\/\/www.vargenthor.nl\/fr\/wp-json\/wp\/v2\/product\/6199","targetHints":{"allow":["GET"]}}],"collection":[{"href":"https:\/\/www.vargenthor.nl\/fr\/wp-json\/wp\/v2\/product"}],"about":[{"href":"https:\/\/www.vargenthor.nl\/fr\/wp-json\/wp\/v2\/types\/product"}],"wp:featuredmedia":[{"embeddable":true,"href":"https:\/\/www.vargenthor.nl\/fr\/wp-json\/wp\/v2\/media\/6295"}],"wp:attachment":[{"href":"https:\/\/www.vargenthor.nl\/fr\/wp-json\/wp\/v2\/media?parent=6199"}],"wp:term":[{"taxonomy":"product_brand","embeddable":true,"href":"https:\/\/www.vargenthor.nl\/fr\/wp-json\/wp\/v2\/product_brand?post=6199"},{"taxonomy":"product_cat","embeddable":true,"href":"https:\/\/www.vargenthor.nl\/fr\/wp-json\/wp\/v2\/product_cat?post=6199"},{"taxonomy":"product_tag","embeddable":true,"href":"https:\/\/www.vargenthor.nl\/fr\/wp-json\/wp\/v2\/product_tag?post=6199"}],"curies":[{"name":"wp","href":"https:\/\/api.w.org\/{rel}","templated":true}]}}