{"id":6198,"date":"2024-07-11T14:52:08","date_gmt":"2024-07-11T12:52:08","guid":{"rendered":"https:\/\/www.vargenthor.nl\/product\/roy-mini-groentemes\/"},"modified":"2025-12-10T23:02:28","modified_gmt":"2025-12-10T22:02:28","slug":"roy-mini-groentemes","status":"publish","type":"product","link":"https:\/\/www.vargenthor.nl\/fr\/produit\/messen\/roy-mini-groentemes\/","title":{"rendered":"ROY mini - couteau \u00e0 l\u00e9gumes"},"content":{"rendered":"<p>Couteau \u00e0 l\u00e9gumes et \u00e0 usages multiples de 12,7 cm de Vargen &amp; Thor. Facile \u00e0 utiliser et un d\u00e9lice pour vos l\u00e9gumes. La lame est tranchante et con\u00e7ue pour le rester.<br \/>\nNous avons cr\u00e9\u00e9 un couteau en acier inoxydable durable avec un fond en laiton v\u00e9ritable. Un design unique et intemporel.<\/p>\n<p>D\u00e9tails<br \/>\n- V\u00e9ritable laiton dans le fond<br \/>\n- Poign\u00e9e noire mate facile \u00e0 saisir<br \/>\n- Un \u00e9quilibre parfait dans la main.<br \/>\n- Acier inoxydable<br \/>\n- Lame de 12,7 cm<br \/>\n- Dimensions totales : 23,6 x 2,2 cm<\/p>\n<p>Prenez soin de ROY MINI !<br \/>\nIl n'est pas recommand\u00e9 de mettre ROY MINI au lave-vaisselle. Pour pr\u00e9server son tranchant, il est recommand\u00e9 de garder le couteau sec avant et apr\u00e8s utilisation. Ne le lavez avec du liquide vaisselle que si vous coupez de la viande ou du poisson. Essuyez-le imm\u00e9diatement apr\u00e8s.<\/p>","protected":false},"excerpt":{"rendered":"Notre couteau \u00e0 l\u00e9gumes, ROY MINI, est fabriqu\u00e9 \u00e0 partir de mat\u00e9riaux durables, con\u00e7u pour surprendre.","protected":false},"featured_media":6391,"template":"","meta":{"_acf_changed":false},"product_brand":[],"product_cat":[167,204],"product_tag":[],"class_list":{"0":"post-6198","1":"product","2":"type-product","3":"status-publish","4":"has-post-thumbnail","6":"product_cat-messen","7":"product_cat-sale","8":"product_shipping_class-0-2kg","10":"first","11":"instock","12":"sale","13":"taxable","14":"shipping-taxable","15":"purchasable","16":"product-type-simple"},"composite_virtual":false,"composite_layout":"","composite_add_to_cart_form_location":"","composite_editable_in_cart":false,"composite_sold_individually_context":"","composite_shop_price_calc":"","composite_components":[],"composite_scenarios":[],"exclude_global_add_ons":[],"addons":[],"acf":[],"yoast_head":null,"yoast_head_json":null,"_links":{"self":[{"href":"https:\/\/www.vargenthor.nl\/fr\/wp-json\/wp\/v2\/product\/6198","targetHints":{"allow":["GET"]}}],"collection":[{"href":"https:\/\/www.vargenthor.nl\/fr\/wp-json\/wp\/v2\/product"}],"about":[{"href":"https:\/\/www.vargenthor.nl\/fr\/wp-json\/wp\/v2\/types\/product"}],"wp:featuredmedia":[{"embeddable":true,"href":"https:\/\/www.vargenthor.nl\/fr\/wp-json\/wp\/v2\/media\/6391"}],"wp:attachment":[{"href":"https:\/\/www.vargenthor.nl\/fr\/wp-json\/wp\/v2\/media?parent=6198"}],"wp:term":[{"taxonomy":"product_brand","embeddable":true,"href":"https:\/\/www.vargenthor.nl\/fr\/wp-json\/wp\/v2\/product_brand?post=6198"},{"taxonomy":"product_cat","embeddable":true,"href":"https:\/\/www.vargenthor.nl\/fr\/wp-json\/wp\/v2\/product_cat?post=6198"},{"taxonomy":"product_tag","embeddable":true,"href":"https:\/\/www.vargenthor.nl\/fr\/wp-json\/wp\/v2\/product_tag?post=6198"}],"curies":[{"name":"wp","href":"https:\/\/api.w.org\/{rel}","templated":true}]}}