{"id":6194,"date":"2024-07-11T14:52:05","date_gmt":"2024-07-11T12:52:05","guid":{"rendered":"https:\/\/www.vargenthor.nl\/product\/slabestek-grafot-zilver\/"},"modified":"2025-12-07T13:21:28","modified_gmt":"2025-12-07T12:21:28","slug":"slabestek-grafot-zilver","status":"publish","type":"product","link":"https:\/\/www.vargenthor.nl\/fr\/produit\/bestek\/slabestek\/slabestek-grafot-zilver\/","title":{"rendered":"Couverts \u00e0 laitue GR\u00c5FOT (argent)"},"content":{"rendered":"<p>Un pur r\u00e9gal pour les yeux et un vrai plaisir \u00e0 utiliser. Ce service \u00e0 salade fait partie de la s\u00e9rie FROST. Il est laqu\u00e9 argent et compl\u00e8te parfaitement la s\u00e9rie GR\u00c5FOT.<\/p>\n<p>Les couverts sont fabriqu\u00e9s en acier inoxydable durable, poli de type 18\/10.<br \/>\nRobuste et lavable au lave-vaisselle. Livr\u00e9 par lot de 2.<\/p>\n<p>D\u00e9tails<br \/>\n- Surface martel\u00e9e embl\u00e9matique \u00e0 l'avant et \u00e0 l'arri\u00e8re<br \/>\n- Lavable au lave-vaisselle (&lt;45 degr\u00e9s Celsius)<br \/>\n- Couleur : argent<br \/>\n- Ensemble de 2 pi\u00e8ces<br \/>\n- Longueur 25,8 cm, \u00e9paisseur 3,5 mm<br \/>\n- Fabriqu\u00e9 en acier inoxydable durable<br \/>\n- Parfaitement assorti \u00e0 nos autres produits martel\u00e9s de la s\u00e9rie FROST<\/p>","protected":false},"excerpt":{"rendered":"Ces couverts \u00e0 salade en argent compl\u00e8tent parfaitement la s\u00e9rie GR\u00c5FOT. Le design martel\u00e9 et homog\u00e8ne des deux c\u00f4t\u00e9s indique qu'il s'agit d'un authentique Vargen &amp; Thor !","protected":false},"featured_media":6388,"template":"","meta":{"_acf_changed":false},"product_brand":[],"product_cat":[138,165],"product_tag":[],"class_list":{"0":"post-6194","1":"product","2":"type-product","3":"status-publish","4":"has-post-thumbnail","6":"product_cat-grafot","7":"product_cat-slabestek","8":"product_shipping_class-0-2kg","10":"first","11":"instock","12":"taxable","13":"shipping-taxable","14":"purchasable","15":"product-type-simple"},"composite_virtual":false,"composite_layout":"","composite_add_to_cart_form_location":"","composite_editable_in_cart":false,"composite_sold_individually_context":"","composite_shop_price_calc":"","composite_components":[],"composite_scenarios":[],"exclude_global_add_ons":[],"addons":[],"acf":[],"yoast_head":null,"yoast_head_json":null,"_links":{"self":[{"href":"https:\/\/www.vargenthor.nl\/fr\/wp-json\/wp\/v2\/product\/6194","targetHints":{"allow":["GET"]}}],"collection":[{"href":"https:\/\/www.vargenthor.nl\/fr\/wp-json\/wp\/v2\/product"}],"about":[{"href":"https:\/\/www.vargenthor.nl\/fr\/wp-json\/wp\/v2\/types\/product"}],"wp:featuredmedia":[{"embeddable":true,"href":"https:\/\/www.vargenthor.nl\/fr\/wp-json\/wp\/v2\/media\/6388"}],"wp:attachment":[{"href":"https:\/\/www.vargenthor.nl\/fr\/wp-json\/wp\/v2\/media?parent=6194"}],"wp:term":[{"taxonomy":"product_brand","embeddable":true,"href":"https:\/\/www.vargenthor.nl\/fr\/wp-json\/wp\/v2\/product_brand?post=6194"},{"taxonomy":"product_cat","embeddable":true,"href":"https:\/\/www.vargenthor.nl\/fr\/wp-json\/wp\/v2\/product_cat?post=6194"},{"taxonomy":"product_tag","embeddable":true,"href":"https:\/\/www.vargenthor.nl\/fr\/wp-json\/wp\/v2\/product_tag?post=6194"}],"curies":[{"name":"wp","href":"https:\/\/api.w.org\/{rel}","templated":true}]}}