{"id":6188,"date":"2024-07-11T14:52:02","date_gmt":"2024-07-11T12:52:02","guid":{"rendered":"https:\/\/www.vargenthor.nl\/product\/kito-chopsticks-koper-serie-frost\/"},"modified":"2026-03-31T08:19:18","modified_gmt":"2026-03-31T06:19:18","slug":"kito-chopsticks-koper-serie-frost","status":"publish","type":"product","link":"https:\/\/www.vargenthor.nl\/fr\/produit\/bestek\/chopsticks\/kito-chopsticks-koper-serie-frost\/","title":{"rendered":"Baguettes KITO Cuivre (S\u00e9rie - Frost)"},"content":{"rendered":"<p>Un produit sur lequel nous travaillons depuis longtemps et qui est enfin disponible. Nous avons d\u00e9velopp\u00e9 un jeu de baguettes en acier pur. Un bon poids, un \u00e9quilibre parfait et une sensation 100%.<br \/>\nOubliez les baguettes en plastique ou en bois que l'on trouve dans les magasins et optez plut\u00f4t pour KITO lorsqu'il s'agit de sushis ou d'autres d\u00e9lices asiatiques.<\/p>\n<p>Le cuivre KITO de Vargen &amp; Thor s'accorde parfaitement avec nos couverts en cuivre FENIX.<\/p>\n<p>Sp\u00e9cifications :<br \/>\n- Notre finition martel\u00e9e embl\u00e9matique<br \/>\n- Chaque bo\u00eete contient 4 paires (8 pi\u00e8ces) de baguettes + 4 supports de couleur assortie.<br \/>\n- Couleur : Cuivre<br \/>\n- Lavable au lave-vaisselle<br \/>\n- Fabriqu\u00e9 en acier solide et durable<br \/>\n- Parfaitement assorti \u00e0 nos autres produits martel\u00e9s de la s\u00e9rie FROST<\/p>\n<p>KITO est disponible en noir, argent, cava, cuivre et laiton et est livr\u00e9 dans une belle bo\u00eete, parfaite pour offrir \u00e0 un ami ou \u00e0 soi-m\u00eame.<\/p>","protected":false},"excerpt":{"rendered":"Il s'agit du cuivre KITO. Elle fait partie de notre gamme de baguettes de la s\u00e9rie FROST, qui se d\u00e9cline en plusieurs mod\u00e8les. Enti\u00e8rement en acier, elles pr\u00e9sentent le motif martel\u00e9 embl\u00e9matique de Vargen et Thor. Livr\u00e9es en 4 paires + 4 supports dans chaque bo\u00eete.","protected":false},"featured_media":6373,"template":"","meta":{"_acf_changed":false},"product_brand":[],"product_cat":[164,137],"product_tag":[],"class_list":{"0":"post-6188","1":"product","2":"type-product","3":"status-publish","4":"has-post-thumbnail","6":"product_cat-chopsticks","7":"product_cat-fenix","8":"product_shipping_class-0-2kg","10":"first","11":"onbackorder","12":"taxable","13":"shipping-taxable","14":"purchasable","15":"product-type-simple"},"composite_virtual":false,"composite_layout":"","composite_add_to_cart_form_location":"","composite_editable_in_cart":false,"composite_sold_individually_context":"","composite_shop_price_calc":"","composite_components":[],"composite_scenarios":[],"exclude_global_add_ons":[],"addons":[],"acf":[],"yoast_head":null,"yoast_head_json":null,"_links":{"self":[{"href":"https:\/\/www.vargenthor.nl\/fr\/wp-json\/wp\/v2\/product\/6188","targetHints":{"allow":["GET"]}}],"collection":[{"href":"https:\/\/www.vargenthor.nl\/fr\/wp-json\/wp\/v2\/product"}],"about":[{"href":"https:\/\/www.vargenthor.nl\/fr\/wp-json\/wp\/v2\/types\/product"}],"wp:featuredmedia":[{"embeddable":true,"href":"https:\/\/www.vargenthor.nl\/fr\/wp-json\/wp\/v2\/media\/6373"}],"wp:attachment":[{"href":"https:\/\/www.vargenthor.nl\/fr\/wp-json\/wp\/v2\/media?parent=6188"}],"wp:term":[{"taxonomy":"product_brand","embeddable":true,"href":"https:\/\/www.vargenthor.nl\/fr\/wp-json\/wp\/v2\/product_brand?post=6188"},{"taxonomy":"product_cat","embeddable":true,"href":"https:\/\/www.vargenthor.nl\/fr\/wp-json\/wp\/v2\/product_cat?post=6188"},{"taxonomy":"product_tag","embeddable":true,"href":"https:\/\/www.vargenthor.nl\/fr\/wp-json\/wp\/v2\/product_tag?post=6188"}],"curies":[{"name":"wp","href":"https:\/\/api.w.org\/{rel}","templated":true}]}}