{"id":6186,"date":"2024-07-11T14:52:01","date_gmt":"2024-07-11T12:52:01","guid":{"rendered":"https:\/\/www.vargenthor.nl\/product\/glod-steakset-4-vorken-4-messen\/"},"modified":"2026-04-24T09:58:04","modified_gmt":"2026-04-24T07:58:04","slug":"glod-steakset-4-vorken-4-messen","status":"publish","type":"product","link":"https:\/\/www.vargenthor.nl\/fr\/produit\/bestek\/besteksets\/glod-steakset-4-vorken-4-messen\/","title":{"rendered":"Set \u00e0 steak GL\u00d6D (4 fourchettes et 4 couteaux)"},"content":{"rendered":"<p>Un couteau bien aiguis\u00e9 et une fourchette solide. Tout ce que vous recherchez dans un set \u00e0 steak. Un couteau bien aiguis\u00e9 et agr\u00e9able \u00e0 tenir en main est le plus important, surtout lorsqu'il s'agit de couverts pour barbecue.<\/p>\n<p>Con\u00e7u pour de d\u00e9licieuses soir\u00e9es barbecue. Con\u00e7u en Su\u00e8de et fabriqu\u00e9 dans le meilleur acier d'Italie.<\/p>\n<p>D\u00e9tails<br \/>\no 100% roestvrij, geborsteld staal uit Itali\u00eb.<br \/>\no Vaatwasserbestendig.<br \/>\no Wordt geleverd in een set van 8 met 4 vorken + 4 messen in elke doos.<\/p>\n<p>Utilisez GL\u00d6D pendant la saison des barbecues ou tout au long de l'ann\u00e9e. L'ensemble reste beau, ann\u00e9e apr\u00e8s ann\u00e9e.<\/p>","protected":false},"excerpt":{"rendered":"Nos premiers couverts pour barbecue !!! GL\u00d6D de Vargen &amp; Thor se pr\u00e9sente sous la forme d'un set de 8 pi\u00e8ces (4 fourchettes et 4 couteaux tranchants).","protected":false},"featured_media":6334,"template":"","meta":{"_acf_changed":false},"product_brand":[],"product_cat":[135,204,163],"product_tag":[],"class_list":{"0":"post-6186","1":"product","2":"type-product","3":"status-publish","4":"has-post-thumbnail","6":"product_cat-besteksets","7":"product_cat-sale","8":"product_cat-glod","9":"product_shipping_class-0-2kg","11":"first","12":"outofstock","13":"sale","14":"taxable","15":"shipping-taxable","16":"purchasable","17":"product-type-simple"},"composite_virtual":false,"composite_layout":"","composite_add_to_cart_form_location":"","composite_editable_in_cart":false,"composite_sold_individually_context":"","composite_shop_price_calc":"","composite_components":[],"composite_scenarios":[],"exclude_global_add_ons":[],"addons":[],"acf":[],"yoast_head":null,"yoast_head_json":null,"_links":{"self":[{"href":"https:\/\/www.vargenthor.nl\/fr\/wp-json\/wp\/v2\/product\/6186","targetHints":{"allow":["GET"]}}],"collection":[{"href":"https:\/\/www.vargenthor.nl\/fr\/wp-json\/wp\/v2\/product"}],"about":[{"href":"https:\/\/www.vargenthor.nl\/fr\/wp-json\/wp\/v2\/types\/product"}],"wp:featuredmedia":[{"embeddable":true,"href":"https:\/\/www.vargenthor.nl\/fr\/wp-json\/wp\/v2\/media\/6334"}],"wp:attachment":[{"href":"https:\/\/www.vargenthor.nl\/fr\/wp-json\/wp\/v2\/media?parent=6186"}],"wp:term":[{"taxonomy":"product_brand","embeddable":true,"href":"https:\/\/www.vargenthor.nl\/fr\/wp-json\/wp\/v2\/product_brand?post=6186"},{"taxonomy":"product_cat","embeddable":true,"href":"https:\/\/www.vargenthor.nl\/fr\/wp-json\/wp\/v2\/product_cat?post=6186"},{"taxonomy":"product_tag","embeddable":true,"href":"https:\/\/www.vargenthor.nl\/fr\/wp-json\/wp\/v2\/product_tag?post=6186"}],"curies":[{"name":"wp","href":"https:\/\/api.w.org\/{rel}","templated":true}]}}