{"id":6185,"date":"2024-07-11T14:52:01","date_gmt":"2024-07-11T12:52:01","guid":{"rendered":"https:\/\/www.vargenthor.nl\/product\/hajen-bestekset-gepolijst-zilver\/"},"modified":"2024-12-29T10:36:47","modified_gmt":"2024-12-29T09:36:47","slug":"hajen-bestekset-gepolijst-zilver","status":"publish","type":"product","link":"https:\/\/www.vargenthor.nl\/fr\/produit\/bestek\/besteksets\/hajen-bestekset-gepolijst-zilver\/","title":{"rendered":"Ensemble de couverts HAJEN (argent poli)"},"content":{"rendered":"<p>Tout a commenc\u00e9 dans un restaurant en Italie. Nous avons tout de suite eu l'impression qu'un couteau devait tenir dans la main. Nous voulions modifier certains d\u00e9tails et rendre le couteau vraiment tranchant. Suffisamment tranchant pour couper de gros morceaux de viande et \u00e9plucher des fruits.<br \/>\nNous nous sommes mis au travail et avons commenc\u00e9 \u00e0 faire des croquis, et nous sommes incroyablement heureux du r\u00e9sultat. Un couteau optimal avec support MicroBlade enti\u00e8rement fabriqu\u00e9 en acier AISI 304 en Italie.<\/p>\n<p>L'ensemble est compl\u00e9t\u00e9 par des fourchettes, des cuill\u00e8res et des cuill\u00e8res \u00e0 caf\u00e9 assorties et \u00e9l\u00e9gantes. Tous sont \u00e9galement bien pens\u00e9s et r\u00e9alis\u00e9s dans les moindres d\u00e9tails.<br \/>\nUn set comprend 16 pi\u00e8ces (4 fourchettes, 4 cuill\u00e8res, 4 couteaux, 4 cuill\u00e8res \u00e0 caf\u00e9).<\/p>\n<p>A noter ! HAJEN de Vargen &amp; Thor a \u00e9t\u00e9 fabriqu\u00e9 en \u00e9dition limit\u00e9e. Au total, seuls 1 000 exemplaires ont \u00e9t\u00e9 fabriqu\u00e9s pour \u00eatre vendus dans le monde entier. En achetant HAJEN, vous n'achetez donc pas seulement quelque chose de beau, mais aussi quelque chose d'unique.<\/p>\n<p>D\u00e9tails<br \/>\no\tMes \u2013 22 cm<br \/>\no\tVork &#8211; 20.5 cm<br \/>\no\tLepel &#8211; 20.5 cm<br \/>\no\tTheelepel &#8211; 12.9 cm<br \/>\no\tAISI304 staal uit Itali\u00eb.<br \/>\no\t100% vaatwasmachinebestendig<br \/>\no\tGegraveerd logo op het mes<br \/>\no\tEen 16-delige set bestaat uit: 4 vorken, 4 lepels, 4 messen en 4 theelepels.<br \/>\no\tGemaakt van duurzaam roestvrij staal<br \/>\no\tScherp mes met Microblade standaard<\/p>","protected":false},"excerpt":{"rendered":"\u00c9dition limit\u00e9e !!!\r\n\r\nJ'ai l'honneur de vous pr\u00e9senter HAJEN, ou Shark. Un ensemble unique de couverts en argent poli compos\u00e9 de 16 pi\u00e8ces.","protected":false},"featured_media":6872,"template":"","meta":{"_acf_changed":false},"product_brand":[],"product_cat":[135,162],"product_tag":[],"class_list":{"0":"post-6185","1":"product","2":"type-product","3":"status-publish","4":"has-post-thumbnail","6":"product_cat-besteksets","7":"product_cat-hajen","8":"product_shipping_class-0-2kg","10":"first","11":"outofstock","12":"taxable","13":"shipping-taxable","14":"purchasable","15":"product-type-simple"},"composite_virtual":false,"composite_layout":"","composite_add_to_cart_form_location":"","composite_editable_in_cart":false,"composite_sold_individually_context":"","composite_shop_price_calc":"","composite_components":[],"composite_scenarios":[],"exclude_global_add_ons":[],"addons":[],"acf":[],"yoast_head":null,"yoast_head_json":null,"_links":{"self":[{"href":"https:\/\/www.vargenthor.nl\/fr\/wp-json\/wp\/v2\/product\/6185","targetHints":{"allow":["GET"]}}],"collection":[{"href":"https:\/\/www.vargenthor.nl\/fr\/wp-json\/wp\/v2\/product"}],"about":[{"href":"https:\/\/www.vargenthor.nl\/fr\/wp-json\/wp\/v2\/types\/product"}],"wp:featuredmedia":[{"embeddable":true,"href":"https:\/\/www.vargenthor.nl\/fr\/wp-json\/wp\/v2\/media\/6872"}],"wp:attachment":[{"href":"https:\/\/www.vargenthor.nl\/fr\/wp-json\/wp\/v2\/media?parent=6185"}],"wp:term":[{"taxonomy":"product_brand","embeddable":true,"href":"https:\/\/www.vargenthor.nl\/fr\/wp-json\/wp\/v2\/product_brand?post=6185"},{"taxonomy":"product_cat","embeddable":true,"href":"https:\/\/www.vargenthor.nl\/fr\/wp-json\/wp\/v2\/product_cat?post=6185"},{"taxonomy":"product_tag","embeddable":true,"href":"https:\/\/www.vargenthor.nl\/fr\/wp-json\/wp\/v2\/product_tag?post=6185"}],"curies":[{"name":"wp","href":"https:\/\/api.w.org\/{rel}","templated":true}]}}