{"id":6180,"date":"2024-07-11T14:51:54","date_gmt":"2024-07-11T12:51:54","guid":{"rendered":"https:\/\/www.vargenthor.nl\/product\/taartschep-messing-serie-frost\/"},"modified":"2026-01-21T20:43:10","modified_gmt":"2026-01-21T19:43:10","slug":"taartschep-messing-serie-frost","status":"publish","type":"product","link":"https:\/\/www.vargenthor.nl\/fr\/produit\/bestek\/taartschep\/taartschep-messing-serie-frost\/","title":{"rendered":"Pelle \u00e0 g\u00e2teau en laiton (S\u00e9rie - Frost)"},"content":{"rendered":"<p>Faisant partie de la s\u00e9rie FROST, ce serveur \u00e0 g\u00e2teau est fabriqu\u00e9 en laiton brillant, parfaitement assorti \u00e0 la ligne NIMBUS.<\/p>\n<p>D\u00e9tails<br \/>\no Fabriqu\u00e9 en acier inoxydable durable<br \/>\no Motif martel\u00e9 embl\u00e9matique en acier poli brillant<br \/>\no Couleur : laiton<br \/>\no Hauteur : 24cm<br \/>\no Largeur : 5,5 cm<br \/>\no Lavable au lave-vaisselle (&lt;55\u00b0)<\/p>\n<p>Livr\u00e9 dans une jolie bo\u00eete, parfait pour offrir \u00e0 un ami ou \u00e0 soi-m\u00eame.<\/p>","protected":false},"excerpt":{"rendered":"Un bel ajout \u00e0 la s\u00e9rie FROST, le serveur \u00e0 g\u00e2teau.\r\nEl\u00e9gant, au design unique, il est enti\u00e8rement fabriqu\u00e9 en acier. La poign\u00e9e pr\u00e9sente notre surface martel\u00e9e embl\u00e9matique.","protected":false},"featured_media":6278,"template":"","meta":{"_acf_changed":false},"product_brand":[],"product_cat":[139,144],"product_tag":[],"class_list":{"0":"post-6180","1":"product","2":"type-product","3":"status-publish","4":"has-post-thumbnail","6":"product_cat-nimbus","7":"product_cat-taartschep","8":"product_shipping_class-0-2kg","10":"first","11":"instock","12":"taxable","13":"shipping-taxable","14":"purchasable","15":"product-type-simple"},"composite_virtual":false,"composite_layout":"","composite_add_to_cart_form_location":"","composite_editable_in_cart":false,"composite_sold_individually_context":"","composite_shop_price_calc":"","composite_components":[],"composite_scenarios":[],"exclude_global_add_ons":[],"addons":[],"acf":[],"yoast_head":null,"yoast_head_json":null,"_links":{"self":[{"href":"https:\/\/www.vargenthor.nl\/fr\/wp-json\/wp\/v2\/product\/6180","targetHints":{"allow":["GET"]}}],"collection":[{"href":"https:\/\/www.vargenthor.nl\/fr\/wp-json\/wp\/v2\/product"}],"about":[{"href":"https:\/\/www.vargenthor.nl\/fr\/wp-json\/wp\/v2\/types\/product"}],"wp:featuredmedia":[{"embeddable":true,"href":"https:\/\/www.vargenthor.nl\/fr\/wp-json\/wp\/v2\/media\/6278"}],"wp:attachment":[{"href":"https:\/\/www.vargenthor.nl\/fr\/wp-json\/wp\/v2\/media?parent=6180"}],"wp:term":[{"taxonomy":"product_brand","embeddable":true,"href":"https:\/\/www.vargenthor.nl\/fr\/wp-json\/wp\/v2\/product_brand?post=6180"},{"taxonomy":"product_cat","embeddable":true,"href":"https:\/\/www.vargenthor.nl\/fr\/wp-json\/wp\/v2\/product_cat?post=6180"},{"taxonomy":"product_tag","embeddable":true,"href":"https:\/\/www.vargenthor.nl\/fr\/wp-json\/wp\/v2\/product_tag?post=6180"}],"curies":[{"name":"wp","href":"https:\/\/api.w.org\/{rel}","templated":true}]}}