{"id":6174,"date":"2024-07-11T14:51:52","date_gmt":"2024-07-11T12:51:52","guid":{"rendered":"https:\/\/www.vargenthor.nl\/product\/maatlepelset-7-delig-zilver-serie-frost\/"},"modified":"2025-12-28T02:52:20","modified_gmt":"2025-12-28T01:52:20","slug":"maatlepelset-7-delig-zilver-serie-frost","status":"publish","type":"product","link":"https:\/\/www.vargenthor.nl\/fr\/produit\/accessoires-en-overig\/maatlepelsets\/maatlepelset-7-delig-zilver-serie-frost\/","title":{"rendered":"Set de cuill\u00e8res \u00e0 mesurer 7 pi\u00e8ces Argent (S\u00e9rie - Frost)"},"content":{"rendered":"<p>Le design martel\u00e9 et coh\u00e9rent des deux c\u00f4t\u00e9s indique qu'il s'agit d'un v\u00e9ritable Vargen &amp; Thor !<br \/>\nCes leviers de mesure de couleur argent\u00e9e s'accordent parfaitement avec la s\u00e9rie GR\u00c5FOT.<\/p>\n<p>L'ensemble comprend les tailles suivantes :<br \/>\no 1 TASSE = 240 ml<br \/>\no 1\/2 TASSE = 120 ml<br \/>\no 1 dl = 100 ml<br \/>\no 1 cuiller\u00e9e \u00e0 caf\u00e9 = 20 ml<br \/>\no 1 cuill\u00e8re \u00e0 soupe = 15 ml<br \/>\no 1 cuill\u00e8re \u00e0 caf\u00e9 = 5 ml<br \/>\no 1 pinc\u00e9e = 1 ml<br \/>\nEt 2 anneaux de fixation<\/p>\n<p>L'information sur le volume est grav\u00e9e sur chaque taille. Poids robuste et design unique. Fabriqu\u00e9 en acier inoxydable durable et sans soudure, les poign\u00e9es sont orn\u00e9es de notre embl\u00e9matique motif FROST martel\u00e9 sur le devant et le dos.<\/p>\n<p>Livr\u00e9 dans une belle bo\u00eete, parfait pour offrir \u00e0 un ami ou \u00e0 soi-m\u00eame.<\/p>\n<p>Lavable au lave-vaisselle (&lt;55\u00b0)<\/p>","protected":false},"excerpt":{"rendered":"Il doit y avoir une taille, et elle doit \u00eatre \u00e9l\u00e9gante.\r\n\r\nUn produit tr\u00e8s attendu de la s\u00e9rie FROST : le set de cuill\u00e8res \u00e0 mesurer, compos\u00e9 de 7 cuill\u00e8res \u00e0 mesurer et de 2 anneaux et contenant toutes les tailles de tasses n\u00e9cessaires.","protected":false},"featured_media":6317,"template":"","meta":{"_acf_changed":false},"product_brand":[],"product_cat":[142,138],"product_tag":[],"class_list":{"0":"post-6174","1":"product","2":"type-product","3":"status-publish","4":"has-post-thumbnail","6":"product_cat-maatlepelsets","7":"product_cat-grafot","8":"product_shipping_class-0-2kg","10":"first","11":"instock","12":"taxable","13":"shipping-taxable","14":"purchasable","15":"product-type-simple"},"composite_virtual":false,"composite_layout":"","composite_add_to_cart_form_location":"","composite_editable_in_cart":false,"composite_sold_individually_context":"","composite_shop_price_calc":"","composite_components":[],"composite_scenarios":[],"exclude_global_add_ons":[],"addons":[],"acf":[],"yoast_head":null,"yoast_head_json":null,"_links":{"self":[{"href":"https:\/\/www.vargenthor.nl\/fr\/wp-json\/wp\/v2\/product\/6174","targetHints":{"allow":["GET"]}}],"collection":[{"href":"https:\/\/www.vargenthor.nl\/fr\/wp-json\/wp\/v2\/product"}],"about":[{"href":"https:\/\/www.vargenthor.nl\/fr\/wp-json\/wp\/v2\/types\/product"}],"wp:featuredmedia":[{"embeddable":true,"href":"https:\/\/www.vargenthor.nl\/fr\/wp-json\/wp\/v2\/media\/6317"}],"wp:attachment":[{"href":"https:\/\/www.vargenthor.nl\/fr\/wp-json\/wp\/v2\/media?parent=6174"}],"wp:term":[{"taxonomy":"product_brand","embeddable":true,"href":"https:\/\/www.vargenthor.nl\/fr\/wp-json\/wp\/v2\/product_brand?post=6174"},{"taxonomy":"product_cat","embeddable":true,"href":"https:\/\/www.vargenthor.nl\/fr\/wp-json\/wp\/v2\/product_cat?post=6174"},{"taxonomy":"product_tag","embeddable":true,"href":"https:\/\/www.vargenthor.nl\/fr\/wp-json\/wp\/v2\/product_tag?post=6174"}],"curies":[{"name":"wp","href":"https:\/\/api.w.org\/{rel}","templated":true}]}}