{"id":6167,"date":"2024-07-11T14:51:48","date_gmt":"2024-07-11T12:51:48","guid":{"rendered":"https:\/\/www.vargenthor.nl\/product\/dessert-voorgerechtbestek-grafot-zilver\/"},"modified":"2026-05-10T11:19:17","modified_gmt":"2026-05-10T09:19:17","slug":"dessert-voorgerechtbestek-grafot-zilver","status":"publish","type":"product","link":"https:\/\/www.vargenthor.nl\/fr\/product\/bestek\/dessert-en-voorgerechtbestekken\/dessert-voorgerechtbestek-grafot-zilver\/","title":{"rendered":"Couverts \u00e0 dessert\/ap\u00e9ritif GR\u00c5FOT (argent)"},"content":{"rendered":"<p>Un compl\u00e9ment parfait \u00e0 la s\u00e9rie argent\u00e9e GR\u00c5FOT. Couverts \u00e0 dessert\/ap\u00e9ritif en acier inoxydable durable, polis \u00e0 l'argent et 100% lavables au lave-vaisselle (&lt; 45 degr\u00e9s).<br \/>\nUn set comprend 8 pi\u00e8ces, 4 fourchettes et 4 cuill\u00e8res.<\/p>\n<p>Motif martel\u00e9 sur le devant et le dos. Fabriqu\u00e9 en acier inoxydable, poli de type 18\/10. Un pur plaisir pour les yeux et pour l'utilisation.<\/p>\n<p>D\u00e9tails<br \/>\n- Surface martel\u00e9e embl\u00e9matique \u00e0 l'avant et \u00e0 l'arri\u00e8re<br \/>\n- Lavable au lave-vaisselle (&lt;45 degr\u00e9s Celsius)<br \/>\n- Couleur : argent<br \/>\n- Le set de 8 pi\u00e8ces comprend : 4 fourchettes et 4 cuill\u00e8res<br \/>\n- Longueur 18,8 cm<br \/>\n- Fabriqu\u00e9 en acier inoxydable durable<\/p>","protected":false},"excerpt":{"rendered":"Ces couverts \u00e0 dessert\/ap\u00e9ritif en argent compl\u00e8tent parfaitement la s\u00e9rie GR\u00c5FOT.\r\nLe design martel\u00e9 et homog\u00e8ne des deux c\u00f4t\u00e9s indique qu'il s'agit d'un authentique Vargen &amp; Thor !","protected":false},"featured_media":6447,"template":"","meta":{"_acf_changed":false},"product_brand":[],"product_cat":[141,138],"product_tag":[],"class_list":{"0":"post-6167","1":"product","2":"type-product","3":"status-publish","4":"has-post-thumbnail","6":"product_cat-dessert-en-voorgerechtbestekken","7":"product_cat-grafot","8":"product_shipping_class-0-2kg","10":"first","11":"instock","12":"taxable","13":"shipping-taxable","14":"purchasable","15":"product-type-simple"},"composite_virtual":false,"composite_layout":"","composite_add_to_cart_form_location":"","composite_editable_in_cart":false,"composite_sold_individually_context":"","composite_shop_price_calc":"","composite_components":[],"composite_scenarios":[],"exclude_global_add_ons":[],"addons":[],"acf":[],"yoast_head":null,"yoast_head_json":null,"_links":{"self":[{"href":"https:\/\/www.vargenthor.nl\/fr\/wp-json\/wp\/v2\/product\/6167","targetHints":{"allow":["GET"]}}],"collection":[{"href":"https:\/\/www.vargenthor.nl\/fr\/wp-json\/wp\/v2\/product"}],"about":[{"href":"https:\/\/www.vargenthor.nl\/fr\/wp-json\/wp\/v2\/types\/product"}],"wp:featuredmedia":[{"embeddable":true,"href":"https:\/\/www.vargenthor.nl\/fr\/wp-json\/wp\/v2\/media\/6447"}],"wp:attachment":[{"href":"https:\/\/www.vargenthor.nl\/fr\/wp-json\/wp\/v2\/media?parent=6167"}],"wp:term":[{"taxonomy":"product_brand","embeddable":true,"href":"https:\/\/www.vargenthor.nl\/fr\/wp-json\/wp\/v2\/product_brand?post=6167"},{"taxonomy":"product_cat","embeddable":true,"href":"https:\/\/www.vargenthor.nl\/fr\/wp-json\/wp\/v2\/product_cat?post=6167"},{"taxonomy":"product_tag","embeddable":true,"href":"https:\/\/www.vargenthor.nl\/fr\/wp-json\/wp\/v2\/product_tag?post=6167"}],"curies":[{"name":"wp","href":"https:\/\/api.w.org\/{rel}","templated":true}]}}