{"id":6166,"date":"2024-07-11T14:51:48","date_gmt":"2024-07-11T12:51:48","guid":{"rendered":"https:\/\/www.vargenthor.nl\/product\/onyx-bestekset-zwart\/"},"modified":"2026-04-24T17:43:06","modified_gmt":"2026-04-24T15:43:06","slug":"onyx-bestekset-zwart","status":"publish","type":"product","link":"https:\/\/www.vargenthor.nl\/fr\/product\/bestek\/besteksets\/onyx-bestekset-zwart\/","title":{"rendered":"Set de couverts ONYX (noir)"},"content":{"rendered":"<p>ONYX est fabriqu\u00e9 en acier inoxydable durable, laqu\u00e9 en noir mat et 100% lavable au lave-vaisselle (&lt; 45 degr\u00e9s). ONYX est livr\u00e9 dans un set de 16 pi\u00e8ces (4 fourchettes, 4 couteaux, 4 cuill\u00e8res et 4 cuill\u00e8res \u00e0 dessert).<\/p>\n<p>D\u00e9couvrez toute la gamme ONYX : Baguettes, Couverts \u00e0 dessert, Couverts \u00e0 salade pour un service de table complet.<\/p>\n<p>ONYX, des couverts qui tiennent bien dans la main, qui se sentent bien et qui sont beaux. Les couverts ont le bon poids et la bonne forme.<\/p>\n<p>D\u00e9tails<br \/>\n- Surface martel\u00e9e<br \/>\n- Lavable au lave-vaisselle (&lt;45 degr\u00e9s Celsius)<br \/>\n- Logo grav\u00e9 sur le couteau<br \/>\n- Couleur : noir mat<br \/>\n- Le set de 16 pi\u00e8ces comprend : 4 fourchettes, 4 cuill\u00e8res, 4 couteaux et 4 cuill\u00e8res \u00e0 caf\u00e9.<br \/>\n- Longueurs (mm) : couteau : 230, cuill\u00e8re : 205, cuill\u00e8re \u00e0 caf\u00e9 : 145, fourchette : 208<br \/>\n- Fabriqu\u00e9 en acier inoxydable durable<\/p>","protected":false},"excerpt":{"rendered":"Lorsque vous voyez la surface martel\u00e9e unique, vous savez qu'il s'agit d'un vrai Vargen &amp; Thor !\r\nONYX est l'ensemble de couverts noir mat de la s\u00e9rie iconique FROST, compos\u00e9 de 16 pi\u00e8ces.","protected":false},"featured_media":6350,"template":"","meta":{"_acf_changed":false},"product_brand":[],"product_cat":[135,140],"product_tag":[],"class_list":{"0":"post-6166","1":"product","2":"type-product","3":"status-publish","4":"has-post-thumbnail","6":"product_cat-besteksets","7":"product_cat-onyx","8":"product_shipping_class-0-2kg","10":"first","11":"instock","12":"sale","13":"taxable","14":"shipping-taxable","15":"purchasable","16":"product-type-simple"},"composite_virtual":false,"composite_layout":"","composite_add_to_cart_form_location":"","composite_editable_in_cart":false,"composite_sold_individually_context":"","composite_shop_price_calc":"","composite_components":[],"composite_scenarios":[],"exclude_global_add_ons":[],"addons":[],"acf":[],"yoast_head":null,"yoast_head_json":null,"_links":{"self":[{"href":"https:\/\/www.vargenthor.nl\/fr\/wp-json\/wp\/v2\/product\/6166","targetHints":{"allow":["GET"]}}],"collection":[{"href":"https:\/\/www.vargenthor.nl\/fr\/wp-json\/wp\/v2\/product"}],"about":[{"href":"https:\/\/www.vargenthor.nl\/fr\/wp-json\/wp\/v2\/types\/product"}],"wp:featuredmedia":[{"embeddable":true,"href":"https:\/\/www.vargenthor.nl\/fr\/wp-json\/wp\/v2\/media\/6350"}],"wp:attachment":[{"href":"https:\/\/www.vargenthor.nl\/fr\/wp-json\/wp\/v2\/media?parent=6166"}],"wp:term":[{"taxonomy":"product_brand","embeddable":true,"href":"https:\/\/www.vargenthor.nl\/fr\/wp-json\/wp\/v2\/product_brand?post=6166"},{"taxonomy":"product_cat","embeddable":true,"href":"https:\/\/www.vargenthor.nl\/fr\/wp-json\/wp\/v2\/product_cat?post=6166"},{"taxonomy":"product_tag","embeddable":true,"href":"https:\/\/www.vargenthor.nl\/fr\/wp-json\/wp\/v2\/product_tag?post=6166"}],"curies":[{"name":"wp","href":"https:\/\/api.w.org\/{rel}","templated":true}]}}