{"id":6162,"date":"2024-07-11T14:51:46","date_gmt":"2024-07-11T12:51:46","guid":{"rendered":"https:\/\/www.vargenthor.nl\/product\/aura-bestekset-cava\/"},"modified":"2026-04-18T14:12:35","modified_gmt":"2026-04-18T12:12:35","slug":"aura-bestekset-cava","status":"publish","type":"product","link":"https:\/\/www.vargenthor.nl\/fr\/product\/bestek\/besteksets\/aura-bestekset-cava\/","title":{"rendered":"Set de couverts AURA (cava)"},"content":{"rendered":"<p>AURA est fabriqu\u00e9 en acier inoxydable durable, laqu\u00e9 en couleur cava polie et 100% lavable au lave-vaisselle (&lt; 45 degr\u00e9s). AURA est livr\u00e9 dans un set de 16 pi\u00e8ces (4 fourchettes, 4 couteaux, 4 cuill\u00e8res et 4 cuill\u00e8res \u00e0 dessert).<\/p>\n<p>D\u00e9couvrez la gamme compl\u00e8te AURA : baguettes, couverts \u00e0 dessert, couverts \u00e0 salade pour une mise en sc\u00e8ne compl\u00e8te de la table.<\/p>\n<p>AURA, des couverts qui tiennent bien dans la main, qui sont agr\u00e9ables au toucher et qui ont fi\u00e8re allure. Les couverts ont le bon poids et la bonne forme.<\/p>\n<p>D\u00e9tails<br \/>\n- Surface martel\u00e9e<br \/>\n- Lavable au lave-vaisselle (&lt;45 degr\u00e9s Celsius)<br \/>\n- Logo grav\u00e9 sur le couteau<br \/>\n- Couleur : cava\/champagne.<br \/>\n- Le set de 16 pi\u00e8ces comprend : 4 fourchettes, 4 cuill\u00e8res, 4 couteaux et 4 cuill\u00e8res \u00e0 caf\u00e9.<br \/>\n- Longueurs (mm) : couteau : 230, cuill\u00e8re : 205, cuill\u00e8re \u00e0 caf\u00e9 : 145, fourchette : 208<br \/>\n- Fabriqu\u00e9 en acier inoxydable durable<\/p>","protected":false},"excerpt":{"rendered":"Lorsque vous voyez la surface martel\u00e9e unique, vous savez qu'il s'agit d'un vrai Vargen &amp; Thor !\r\nAURA est l'ensemble de couverts de couleur cava de la s\u00e9rie embl\u00e9matique FROST, compos\u00e9e de 16 pi\u00e8ces.","protected":false},"featured_media":6731,"template":"","meta":{"_acf_changed":false},"product_brand":[],"product_cat":[135,136],"product_tag":[],"class_list":{"0":"post-6162","1":"product","2":"type-product","3":"status-publish","4":"has-post-thumbnail","6":"product_cat-besteksets","7":"product_cat-aura","8":"product_shipping_class-0-2kg","10":"first","11":"outofstock","12":"sale","13":"taxable","14":"shipping-taxable","15":"purchasable","16":"product-type-simple"},"composite_virtual":false,"composite_layout":"","composite_add_to_cart_form_location":"","composite_editable_in_cart":false,"composite_sold_individually_context":"","composite_shop_price_calc":"","composite_components":[],"composite_scenarios":[],"exclude_global_add_ons":[],"addons":[],"acf":[],"yoast_head":null,"yoast_head_json":null,"_links":{"self":[{"href":"https:\/\/www.vargenthor.nl\/fr\/wp-json\/wp\/v2\/product\/6162","targetHints":{"allow":["GET"]}}],"collection":[{"href":"https:\/\/www.vargenthor.nl\/fr\/wp-json\/wp\/v2\/product"}],"about":[{"href":"https:\/\/www.vargenthor.nl\/fr\/wp-json\/wp\/v2\/types\/product"}],"wp:featuredmedia":[{"embeddable":true,"href":"https:\/\/www.vargenthor.nl\/fr\/wp-json\/wp\/v2\/media\/6731"}],"wp:attachment":[{"href":"https:\/\/www.vargenthor.nl\/fr\/wp-json\/wp\/v2\/media?parent=6162"}],"wp:term":[{"taxonomy":"product_brand","embeddable":true,"href":"https:\/\/www.vargenthor.nl\/fr\/wp-json\/wp\/v2\/product_brand?post=6162"},{"taxonomy":"product_cat","embeddable":true,"href":"https:\/\/www.vargenthor.nl\/fr\/wp-json\/wp\/v2\/product_cat?post=6162"},{"taxonomy":"product_tag","embeddable":true,"href":"https:\/\/www.vargenthor.nl\/fr\/wp-json\/wp\/v2\/product_tag?post=6162"}],"curies":[{"name":"wp","href":"https:\/\/api.w.org\/{rel}","templated":true}]}}