{"id":6158,"date":"2024-07-11T14:51:44","date_gmt":"2024-07-11T12:51:44","guid":{"rendered":"https:\/\/www.vargenthor.nl\/product\/axia-peper-en-zout-molens-cava\/"},"modified":"2026-04-15T08:06:17","modified_gmt":"2026-04-15T06:06:17","slug":"axia-peper-en-zout-molens-cava","status":"publish","type":"product","link":"https:\/\/www.vargenthor.nl\/fr\/produit\/accessoires-en-overig\/peper-en-zout-molens\/axia-peper-en-zout-molens-cava\/","title":{"rendered":"Moulins \u00e0 sel et \u00e0 poivre AXIA (Cava)"},"content":{"rendered":"<p>Nous avons travaill\u00e9 de longues heures pour terminer ces moulins et nous sommes tr\u00e8s satisfaits du r\u00e9sultat, AXIA. Les moulins sont fabriqu\u00e9s \u00e0 partir de mat\u00e9riaux durables et offrent la possibilit\u00e9 de r\u00e9gler la finesse. Les moulins sont dot\u00e9s d'une prise en main confortable et ferme, et sont con\u00e7us pour durer.<\/p>\n<p>Sp\u00e9citfications :<br \/>\n- 2 moulins dans chaque paquet<br \/>\n- Mat\u00e9riau : acier + acrylique durable<br \/>\n- 18 cm de haut + 4,8 cm de large (par moulin)<br \/>\n&#8211; Kleur: licht messing (cava)<br \/>\n- Possibilit\u00e9 d'ajuster la grosseur de la lame \u00e0 l'aide de la molette sup\u00e9rieure<br \/>\n- Garantie de 2 ans<\/p>\n<p>CONSEIL : En raison de l'\u00e9troitesse du col, il peut \u00eatre difficile de verser rapidement le sel ou les grains de poivre. Une feuille de papier pli\u00e9e permet d'\u00e9viter les \u00e9claboussures de sel et de poivre.<\/p>\n<p>AXIA est \u00e9galement disponible en noir mat, en acier bross\u00e9 et en cuivre mat.<\/p>","protected":false},"excerpt":{"rendered":"AXIA - Nos propres moulins \u00e0 sel et \u00e0 poivre Vargen &amp; Thor, une nouvelle ic\u00f4ne. Avec leur design \u00e9l\u00e9gant et leur finition finement polie, ces moulins s'int\u00e8grent dans n'importe quelle cuisine ou sur n'importe quelle table \u00e0 manger joliment dress\u00e9e.","protected":false},"featured_media":6297,"template":"","meta":{"_acf_changed":false},"product_brand":[],"product_cat":[133],"product_tag":[],"class_list":{"0":"post-6158","1":"product","2":"type-product","3":"status-publish","4":"has-post-thumbnail","6":"product_cat-peper-en-zout-molens","7":"product_shipping_class-0-2kg","9":"first","10":"instock","11":"taxable","12":"shipping-taxable","13":"purchasable","14":"product-type-simple"},"composite_virtual":false,"composite_layout":"","composite_add_to_cart_form_location":"","composite_editable_in_cart":false,"composite_sold_individually_context":"","composite_shop_price_calc":"","composite_components":[],"composite_scenarios":[],"exclude_global_add_ons":[],"addons":[],"acf":[],"yoast_head":null,"yoast_head_json":null,"_links":{"self":[{"href":"https:\/\/www.vargenthor.nl\/fr\/wp-json\/wp\/v2\/product\/6158","targetHints":{"allow":["GET"]}}],"collection":[{"href":"https:\/\/www.vargenthor.nl\/fr\/wp-json\/wp\/v2\/product"}],"about":[{"href":"https:\/\/www.vargenthor.nl\/fr\/wp-json\/wp\/v2\/types\/product"}],"wp:featuredmedia":[{"embeddable":true,"href":"https:\/\/www.vargenthor.nl\/fr\/wp-json\/wp\/v2\/media\/6297"}],"wp:attachment":[{"href":"https:\/\/www.vargenthor.nl\/fr\/wp-json\/wp\/v2\/media?parent=6158"}],"wp:term":[{"taxonomy":"product_brand","embeddable":true,"href":"https:\/\/www.vargenthor.nl\/fr\/wp-json\/wp\/v2\/product_brand?post=6158"},{"taxonomy":"product_cat","embeddable":true,"href":"https:\/\/www.vargenthor.nl\/fr\/wp-json\/wp\/v2\/product_cat?post=6158"},{"taxonomy":"product_tag","embeddable":true,"href":"https:\/\/www.vargenthor.nl\/fr\/wp-json\/wp\/v2\/product_tag?post=6158"}],"curies":[{"name":"wp","href":"https:\/\/api.w.org\/{rel}","templated":true}]}}