{"id":6157,"date":"2024-07-11T14:51:43","date_gmt":"2024-07-11T12:51:43","guid":{"rendered":"https:\/\/www.vargenthor.nl\/product\/svartstal-pro-xl-6-delige-svartstal-pannenset\/"},"modified":"2025-06-03T13:02:05","modified_gmt":"2025-06-03T11:02:05","slug":"svartstal-pro-xl-6-delige-svartstal-pannenset","status":"publish","type":"product","link":"https:\/\/www.vargenthor.nl\/fr\/produit\/serie\/svartstal\/svartstal-pro-xl-6-delige-svartstal-pannenset\/","title":{"rendered":"SVARTST\u00c5L PRO XL - Ensemble de po\u00eales Svartst\u00e5l 6 pi\u00e8ces"},"content":{"rendered":"<p>L'ensemble de po\u00eales SVARTST\u00c5L PRO XL est un atout pour toute cuisine, \u00e0 la fois \u00e9l\u00e9gant et r\u00e9sistant. De v\u00e9ritables centrales fabriqu\u00e9es \u00e0 partir de cinq couches d'acier italien de premi\u00e8re qualit\u00e9 avec un c\u0153ur en aluminium pour une excellente performance de chauffage et de distribution de la chaleur.<\/p>\n<p>Cet ensemble complet de SVARTST\u00c5L comprend<br \/>\n- 1 x casserole Fox de 1 litre (1,6 L \u00e0 ras bord)<br \/>\n- 1 x BAMBA 5 iter pan (5.5L jusqu'au bord)<br \/>\n- 1 x po\u00eale \u00e0 p\u00e2tes ALFA 28 cm<br \/>\n- 1x MODELL Q 26cm po\u00eale \u00e0 frire avec rev\u00eatement Snowstick<\/p>\n<p>Toutes les casseroles peuvent \u00eatre utilis\u00e9es pour cuisiner sur toutes les sources de chaleur, y compris l'induction, le gaz, la vitroc\u00e9ramique et l'\u00e9mail, et peuvent \u00eatre lav\u00e9es au lave-vaisselle.<\/p>","protected":false},"excerpt":{"rendered":"Pour ceux qui ne peuvent (ou ne veulent) pas choisir, le set complet de casseroles SVARTST\u00c5L PRO XL combo deal, consistant en :\r\n- 1 x casserole Fox 1 litre (1,6 L jusqu'au bord)\r\n- 1 x casserole BAMBA 5 litres (5,5 litres jusqu'au bord)\r\n- 1 x po\u00eale \u00e0 p\u00e2tes ALFA 28 cm\r\n- 1x MODELL Q 26cm po\u00eale \u00e0 frire avec rev\u00eatement Snowstick","protected":false},"featured_media":6635,"template":"","meta":{"_acf_changed":false},"product_brand":[],"product_cat":[115,204,113],"product_tag":[],"class_list":{"0":"post-6157","1":"product","2":"type-product","3":"status-publish","4":"has-post-thumbnail","6":"product_cat-pannensets","7":"product_cat-sale","8":"product_cat-svartstal","9":"product_shipping_class-10kg","11":"first","12":"outofstock","13":"sale","14":"taxable","15":"shipping-taxable","16":"purchasable","17":"product-type-simple"},"composite_virtual":false,"composite_layout":"","composite_add_to_cart_form_location":"","composite_editable_in_cart":false,"composite_sold_individually_context":"","composite_shop_price_calc":"","composite_components":[],"composite_scenarios":[],"exclude_global_add_ons":[],"addons":[],"acf":[],"yoast_head":null,"yoast_head_json":null,"_links":{"self":[{"href":"https:\/\/www.vargenthor.nl\/fr\/wp-json\/wp\/v2\/product\/6157","targetHints":{"allow":["GET"]}}],"collection":[{"href":"https:\/\/www.vargenthor.nl\/fr\/wp-json\/wp\/v2\/product"}],"about":[{"href":"https:\/\/www.vargenthor.nl\/fr\/wp-json\/wp\/v2\/types\/product"}],"wp:featuredmedia":[{"embeddable":true,"href":"https:\/\/www.vargenthor.nl\/fr\/wp-json\/wp\/v2\/media\/6635"}],"wp:attachment":[{"href":"https:\/\/www.vargenthor.nl\/fr\/wp-json\/wp\/v2\/media?parent=6157"}],"wp:term":[{"taxonomy":"product_brand","embeddable":true,"href":"https:\/\/www.vargenthor.nl\/fr\/wp-json\/wp\/v2\/product_brand?post=6157"},{"taxonomy":"product_cat","embeddable":true,"href":"https:\/\/www.vargenthor.nl\/fr\/wp-json\/wp\/v2\/product_cat?post=6157"},{"taxonomy":"product_tag","embeddable":true,"href":"https:\/\/www.vargenthor.nl\/fr\/wp-json\/wp\/v2\/product_tag?post=6157"}],"curies":[{"name":"wp","href":"https:\/\/api.w.org\/{rel}","templated":true}]}}