{"id":6155,"date":"2024-07-11T14:51:42","date_gmt":"2024-07-11T12:51:42","guid":{"rendered":"https:\/\/www.vargenthor.nl\/product\/brassa-2-messing-pannenset\/"},"modified":"2026-04-29T19:40:30","modified_gmt":"2026-04-29T17:40:30","slug":"brassa-2-messing-pannenset","status":"publish","type":"product","link":"https:\/\/www.vargenthor.nl\/fr\/produit\/serie\/brassa\/brassa-2-messing-pannenset\/","title":{"rendered":"BRASSA.2 - set de casseroles en laiton"},"content":{"rendered":"<p>Vous souhaitez que notre s\u00e9rie BRASSA.2 soit compl\u00e8te ? Dans ce cas, c'est l'offre Combi que vous recherchez.<\/p>\n<p>La batterie de casseroles BRASSA.2 attire tous les regards dans la cuisine. Il pr\u00e9sente notre embl\u00e9matique ext\u00e9rieur martel\u00e9 et est enti\u00e8rement recouvert d'une finition laqu\u00e9e en laiton, avec des couvercles assortis de couleur laiton.<\/p>\n<p>L'ensemble complet BRASSA.2 comprend<br \/>\n&#8211; 1 x ELIS 1 liter steelpan (1,6L tot aan de rand)<br \/>\n&#8211; 1 x MEYA 4 liter pan (4,5L tot aan de rand)<br \/>\n&#8211; 1 x MODELL Lb 28cm koekenpan (met Froststick-coating)<\/p>\n<p>L'int\u00e9rieur des po\u00eales est enti\u00e8rement rev\u00eatu d'acier inoxydable bross\u00e9. La combinaison d'un c\u0153ur en aluminium comme couche interm\u00e9diaire et d'un ext\u00e9rieur en cuivre v\u00e9ritable garantit une vitesse de chauffe et une r\u00e9gularit\u00e9 optimales. Sans PFAS et avec une r\u00e9partition parfaite de la chaleur.<\/p>\n<p>Toutes les casseroles peuvent \u00eatre utilis\u00e9es pour cuisiner sur toutes les sources de chaleur, y compris l'induction, le gaz, le verre, la c\u00e9ramique et l'\u00e9mail, et peuvent \u00eatre lav\u00e9es au lave-vaisselle (&lt; 55\u00baC).<\/p>","protected":false},"excerpt":{"rendered":"Voor wie niet kan (of wil) kiezen, de complete messing BRASSA.2 pannenset, bestaande uit:\r\n&#8211; 1 x ELIS 1 liter steelpan (1,6L tot aan de rand)\r\n&#8211; 1 x MEYA 4 liter pan (4,5L tot aan de rand)\r\n&#8211; 1 x MODELL Lb 28cm koekenpan (met Froststick-coating)","protected":false},"featured_media":6369,"template":"","meta":{"_acf_changed":false},"product_brand":[],"product_cat":[115,204,112],"product_tag":[],"class_list":{"0":"post-6155","1":"product","2":"type-product","3":"status-publish","4":"has-post-thumbnail","6":"product_cat-pannensets","7":"product_cat-sale","8":"product_cat-brassa","9":"product_shipping_class-5-10kg","11":"first","12":"instock","13":"sale","14":"taxable","15":"shipping-taxable","16":"purchasable","17":"product-type-simple"},"composite_virtual":false,"composite_layout":"","composite_add_to_cart_form_location":"","composite_editable_in_cart":false,"composite_sold_individually_context":"","composite_shop_price_calc":"","composite_components":[],"composite_scenarios":[],"exclude_global_add_ons":[],"addons":[],"acf":[],"yoast_head":null,"yoast_head_json":null,"_links":{"self":[{"href":"https:\/\/www.vargenthor.nl\/fr\/wp-json\/wp\/v2\/product\/6155","targetHints":{"allow":["GET"]}}],"collection":[{"href":"https:\/\/www.vargenthor.nl\/fr\/wp-json\/wp\/v2\/product"}],"about":[{"href":"https:\/\/www.vargenthor.nl\/fr\/wp-json\/wp\/v2\/types\/product"}],"wp:featuredmedia":[{"embeddable":true,"href":"https:\/\/www.vargenthor.nl\/fr\/wp-json\/wp\/v2\/media\/6369"}],"wp:attachment":[{"href":"https:\/\/www.vargenthor.nl\/fr\/wp-json\/wp\/v2\/media?parent=6155"}],"wp:term":[{"taxonomy":"product_brand","embeddable":true,"href":"https:\/\/www.vargenthor.nl\/fr\/wp-json\/wp\/v2\/product_brand?post=6155"},{"taxonomy":"product_cat","embeddable":true,"href":"https:\/\/www.vargenthor.nl\/fr\/wp-json\/wp\/v2\/product_cat?post=6155"},{"taxonomy":"product_tag","embeddable":true,"href":"https:\/\/www.vargenthor.nl\/fr\/wp-json\/wp\/v2\/product_tag?post=6155"}],"curies":[{"name":"wp","href":"https:\/\/api.w.org\/{rel}","templated":true}]}}