{"id":6153,"date":"2024-07-11T14:51:37","date_gmt":"2024-07-11T12:51:37","guid":{"rendered":"https:\/\/www.vargenthor.nl\/product\/arvet-xl-6-delige-zwarte-pannenset\/"},"modified":"2025-12-07T13:15:04","modified_gmt":"2025-12-07T12:15:04","slug":"arvet-xl-6-delige-zwarte-pannenset","status":"publish","type":"product","link":"https:\/\/www.vargenthor.nl\/fr\/produit\/serie\/arvet\/arvet-xl-6-delige-zwarte-pannenset\/","title":{"rendered":"ARVET XL - Set de casseroles noires 6 pi\u00e8ces"},"content":{"rendered":"<p>Vous voulez que notre s\u00e9rie ARVET soit compl\u00e8te ? Alors c'est l'offre Combi que vous recherchez.<\/p>\n<p>L'ensemble de casseroles ARVET XL attire tous les regards dans la cuisine, avec style et \u00e9l\u00e9gance. Reconnaissable \u00e0 sa finition martel\u00e9e noire mate unique et \u00e0 ses d\u00e9tails en laiton.<\/p>\n<p>L'ensemble ARVET complet, compos\u00e9 de 6 pi\u00e8ces, comprend<br \/>\n- 1 x casserole VIGGO de 1 litre (1,6 L \u00e0 ras bord)<br \/>\n- 1 x casserole MIO de 4 litres (4,5 litres jusqu'au bord)<br \/>\n- 1x casserole MANDUS de 2,8 litres (3L \u00e0 ras bord)<br \/>\n- 1 x MODELL X 28cm po\u00eale \u00e0 frire (avec rev\u00eatement Froststick)<br \/>\n- 1 x po\u00eale \u00e0 frire MODELL Xb 28cm (avec rev\u00eatement Froststick)<br \/>\nEt, le panier de p\u00e2tes Vargen &amp; Thor (adapt\u00e9 \u00e0 MIO)<\/p>\n<p>L'int\u00e9rieur des po\u00eales est enti\u00e8rement rev\u00eatu d'acier inoxydable bross\u00e9. La combinaison d'un c\u0153ur en aluminium comme couche interm\u00e9diaire et d'un ext\u00e9rieur en cuivre v\u00e9ritable garantit une vitesse de chauffe et une r\u00e9gularit\u00e9 optimales. Sans PFAS et avec une r\u00e9partition parfaite de la chaleur.<\/p>\n<p>Toutes les casseroles peuvent \u00eatre utilis\u00e9es pour cuisiner sur toutes les sources de chaleur, y compris l'induction, le gaz, la vitroc\u00e9ramique et l'\u00e9mail, et peuvent \u00eatre lav\u00e9es au lave-vaisselle.<\/p>","protected":false},"excerpt":{"rendered":"Pour ceux qui ne peuvent (ou ne veulent) pas choisir, le set complet de casseroles ARVET XL noir mat, compos\u00e9 de :\r\n- 1 x casserole VIGGO 1 litre (1,6L jusqu'au bord)\r\n- 1 x casserole MIO de 4 litres (4,5 litres jusqu'au bord)\r\n- 1x MANDUS 2.8 litres (3L jusqu'au bord)\r\n- 1 x MODELL X 28cm po\u00eale \u00e0 frire (avec rev\u00eatement Froststick)\r\n- 1 x MODELL Xb 28cm po\u00eale \u00e0 frire (avec rev\u00eatement Froststick)\r\nEt le panier \u00e0 p\u00e2tes Vargen &amp; Thor (adapt\u00e9 \u00e0 MIO)","protected":false},"featured_media":6864,"template":"","meta":{"_acf_changed":false},"product_brand":[],"product_cat":[115,204,110],"product_tag":[],"class_list":{"0":"post-6153","1":"product","2":"type-product","3":"status-publish","4":"has-post-thumbnail","6":"product_cat-pannensets","7":"product_cat-sale","8":"product_cat-arvet","9":"product_shipping_class-10kg","11":"first","12":"instock","13":"sale","14":"taxable","15":"shipping-taxable","16":"purchasable","17":"product-type-simple"},"composite_virtual":false,"composite_layout":"","composite_add_to_cart_form_location":"","composite_editable_in_cart":false,"composite_sold_individually_context":"","composite_shop_price_calc":"","composite_components":[],"composite_scenarios":[],"exclude_global_add_ons":[],"addons":[],"acf":[],"yoast_head":null,"yoast_head_json":null,"_links":{"self":[{"href":"https:\/\/www.vargenthor.nl\/fr\/wp-json\/wp\/v2\/product\/6153","targetHints":{"allow":["GET"]}}],"collection":[{"href":"https:\/\/www.vargenthor.nl\/fr\/wp-json\/wp\/v2\/product"}],"about":[{"href":"https:\/\/www.vargenthor.nl\/fr\/wp-json\/wp\/v2\/types\/product"}],"wp:featuredmedia":[{"embeddable":true,"href":"https:\/\/www.vargenthor.nl\/fr\/wp-json\/wp\/v2\/media\/6864"}],"wp:attachment":[{"href":"https:\/\/www.vargenthor.nl\/fr\/wp-json\/wp\/v2\/media?parent=6153"}],"wp:term":[{"taxonomy":"product_brand","embeddable":true,"href":"https:\/\/www.vargenthor.nl\/fr\/wp-json\/wp\/v2\/product_brand?post=6153"},{"taxonomy":"product_cat","embeddable":true,"href":"https:\/\/www.vargenthor.nl\/fr\/wp-json\/wp\/v2\/product_cat?post=6153"},{"taxonomy":"product_tag","embeddable":true,"href":"https:\/\/www.vargenthor.nl\/fr\/wp-json\/wp\/v2\/product_tag?post=6153"}],"curies":[{"name":"wp","href":"https:\/\/api.w.org\/{rel}","templated":true}]}}