{"id":6150,"date":"2024-07-11T14:51:36","date_gmt":"2024-07-11T12:51:36","guid":{"rendered":"https:\/\/www.vargenthor.nl\/product\/mjolner-xl-6-delige-koperen-pannenset\/"},"modified":"2026-04-06T02:20:16","modified_gmt":"2026-04-06T00:20:16","slug":"mjolner-xl-6-delige-koperen-pannenset","status":"publish","type":"product","link":"https:\/\/www.vargenthor.nl\/fr\/produit\/serie\/mjolner\/mjolner-xl-6-delige-koperen-pannenset\/","title":{"rendered":"MJ\u00d6LNER XL - Set de 6 casseroles en cuivre"},"content":{"rendered":"<p>Vous souhaitez que notre s\u00e9rie MJ\u00d6LNER soit compl\u00e8te ? Dans ce cas, c'est l'offre Combi que vous recherchez.<\/p>\n<p>La s\u00e9rie MJ\u00d6LNER est tr\u00e8s appr\u00e9ci\u00e9e des professionnels et des amateurs. Reconnaissable \u00e0 sa finition unique en cuivre martel\u00e9 et \u00e0 ses d\u00e9tails en acier inoxydable.<\/p>\n<p>L'ensemble MJ\u00d6LNER XL complet, compos\u00e9 de 6 pi\u00e8ces, comprend<br \/>\n- 1 x casserole VERA de 1 litre (1,6 L \u00e0 ras bord)<br \/>\n- 1 x casserole MIRANDA de 4 litres (4,5 litres jusqu'au bord)<br \/>\n- 1x casserole NOELLE de 2,8 litres (3L \u00e0 ras bord)<br \/>\n- 1 x po\u00eale \u00e0 frire MODELL Y 28cm (avec rev\u00eatement Froststick)<br \/>\n- 1 x po\u00eale \u00e0 frire MODELL Yb 28cm (avec rev\u00eatement Froststick)<br \/>\nEt, le panier de p\u00e2tes Vargen &amp; Thor (adapt\u00e9 \u00e0 MIRANDA)<\/p>\n<p>L'int\u00e9rieur des po\u00eales est enti\u00e8rement rev\u00eatu d'acier inoxydable bross\u00e9. La combinaison d'un c\u0153ur en aluminium comme couche interm\u00e9diaire et d'un ext\u00e9rieur en cuivre v\u00e9ritable garantit une vitesse de chauffe et une r\u00e9gularit\u00e9 optimales. Sans PFAS et avec une r\u00e9partition parfaite de la chaleur.<\/p>\n<p>Toutes les casseroles peuvent \u00eatre utilis\u00e9es pour cuisiner sur toutes les sources de chaleur, y compris l'induction, le gaz, la vitroc\u00e9ramique et l'\u00e9mail, et peuvent \u00eatre lav\u00e9es au lave-vaisselle.<\/p>\n<p>Remarque : le cuivre est un produit naturel qui se d\u00e9colore \u00e0 l'usage, car il s'oxyde naturellement. Pour conserver la couleur et l'\u00e9clat d'origine, nous recommandons de polir le cuivre.<\/p>","protected":false},"excerpt":{"rendered":"Pour ceux qui ne peuvent (ou ne veulent) pas choisir, le set complet de casseroles MJ\u00d6LNER XL en cuivre, compos\u00e9 de :\r\n- 1 x casserole VERA 1 litre (1,6L jusqu'au bord)\r\n- 1 x casserole MIRANDA de 4 litres (4,5 litres jusqu'au bord)\r\n- 1x casserole NOELLE 2,8 litres (3L jusqu'au bord)\r\n- 1 x MODELL Y 28cm po\u00eale \u00e0 frire (avec rev\u00eatement Froststick)\r\n- 1 x MODELL Yb 28cm po\u00eale \u00e0 frire (avec rev\u00eatement Froststick)\r\nEt, le panier \u00e0 p\u00e2tes Vargen &amp; Thor (adapt\u00e9 \u00e0 MIRANDA)","protected":false},"featured_media":6793,"template":"","meta":{"_acf_changed":false},"product_brand":[],"product_cat":[115,204,106],"product_tag":[],"class_list":{"0":"post-6150","1":"product","2":"type-product","3":"status-publish","4":"has-post-thumbnail","6":"product_cat-pannensets","7":"product_cat-sale","8":"product_cat-mjolner","9":"product_shipping_class-10kg","11":"first","12":"onbackorder","13":"sale","14":"taxable","15":"shipping-taxable","16":"purchasable","17":"product-type-simple"},"composite_virtual":false,"composite_layout":"","composite_add_to_cart_form_location":"","composite_editable_in_cart":false,"composite_sold_individually_context":"","composite_shop_price_calc":"","composite_components":[],"composite_scenarios":[],"exclude_global_add_ons":[],"addons":[],"acf":[],"yoast_head":null,"yoast_head_json":null,"_links":{"self":[{"href":"https:\/\/www.vargenthor.nl\/fr\/wp-json\/wp\/v2\/product\/6150","targetHints":{"allow":["GET"]}}],"collection":[{"href":"https:\/\/www.vargenthor.nl\/fr\/wp-json\/wp\/v2\/product"}],"about":[{"href":"https:\/\/www.vargenthor.nl\/fr\/wp-json\/wp\/v2\/types\/product"}],"wp:featuredmedia":[{"embeddable":true,"href":"https:\/\/www.vargenthor.nl\/fr\/wp-json\/wp\/v2\/media\/6793"}],"wp:attachment":[{"href":"https:\/\/www.vargenthor.nl\/fr\/wp-json\/wp\/v2\/media?parent=6150"}],"wp:term":[{"taxonomy":"product_brand","embeddable":true,"href":"https:\/\/www.vargenthor.nl\/fr\/wp-json\/wp\/v2\/product_brand?post=6150"},{"taxonomy":"product_cat","embeddable":true,"href":"https:\/\/www.vargenthor.nl\/fr\/wp-json\/wp\/v2\/product_cat?post=6150"},{"taxonomy":"product_tag","embeddable":true,"href":"https:\/\/www.vargenthor.nl\/fr\/wp-json\/wp\/v2\/product_tag?post=6150"}],"curies":[{"name":"wp","href":"https:\/\/api.w.org\/{rel}","templated":true}]}}