{"id":6149,"date":"2024-07-11T14:51:35","date_gmt":"2024-07-11T12:51:35","guid":{"rendered":"https:\/\/www.vargenthor.nl\/product\/mjolner-2-koperen-pannenset\/"},"modified":"2026-03-25T18:43:10","modified_gmt":"2026-03-25T17:43:10","slug":"mjolner-2-koperen-pannenset","status":"publish","type":"product","link":"https:\/\/www.vargenthor.nl\/fr\/produit\/serie\/mjolner\/mjolner-2-koperen-pannenset\/","title":{"rendered":"MJ\u00d6LNER.2 - set de casseroles en cuivre"},"content":{"rendered":"<p>Notre s\u00e9rie MJ\u00d6LNER est devenue une ic\u00f4ne parmi les professionnels et les amateurs. Elle est reconnaissable \u00e0 sa finition unique en cuivre martel\u00e9 et \u00e0 ses d\u00e9tails en acier inoxydable.<\/p>\n<p>Cet ensemble MJ\u00d6LNER.2 comprend<br \/>\n- 1 x casserole VERA de 1 litre (1,6 L \u00e0 ras bord)<br \/>\n- 1 x MIRANDA 4 lter pan (4.5L \u00e0 ras bord)<br \/>\n- 1 x po\u00eale \u00e0 frire MODELL Yb 28cm (avec rev\u00eatement Froststick)<\/p>\n<p>L'int\u00e9rieur des po\u00eales est enti\u00e8rement rev\u00eatu d'acier inoxydable bross\u00e9. La combinaison d'un c\u0153ur en aluminium comme couche interm\u00e9diaire et d'un ext\u00e9rieur en cuivre v\u00e9ritable garantit une vitesse de chauffe et une r\u00e9gularit\u00e9 optimales. Sans PFAS et avec une r\u00e9partition parfaite de la chaleur.<\/p>\n<p>Toutes les casseroles peuvent \u00eatre utilis\u00e9es pour cuisiner sur toutes les sources de chaleur, y compris l'induction, le gaz, la vitroc\u00e9ramique et l'\u00e9mail, et peuvent \u00eatre lav\u00e9es au lave-vaisselle.<\/p>\n<p>Remarque : le cuivre est un produit naturel qui se d\u00e9colore \u00e0 l'usage, car il s'oxyde naturellement. Pour conserver la couleur et l'\u00e9clat d'origine, nous recommandons de polir le cuivre.<\/p>","protected":false},"excerpt":{"rendered":"Le set de casseroles en cuivre MJ\u00d6LNER.2 combi deal, compos\u00e9 de :\r\n- 1 x casserole VERA 1 litre (1,6L jusqu'au bord)\r\n- 1 x casserole MIRANDA de 4 litres (4,5 litres jusqu'au bord)\r\n- 1 x po\u00eale MODELL Yb 28 cm (avec rev\u00eatement Froststick)","protected":false},"featured_media":6759,"template":"","meta":{"_acf_changed":false},"product_brand":[],"product_cat":[115,204,106],"product_tag":[],"class_list":{"0":"post-6149","1":"product","2":"type-product","3":"status-publish","4":"has-post-thumbnail","6":"product_cat-pannensets","7":"product_cat-sale","8":"product_cat-mjolner","9":"product_shipping_class-5-10kg","11":"first","12":"instock","13":"sale","14":"taxable","15":"shipping-taxable","16":"purchasable","17":"product-type-simple"},"composite_virtual":false,"composite_layout":"","composite_add_to_cart_form_location":"","composite_editable_in_cart":false,"composite_sold_individually_context":"","composite_shop_price_calc":"","composite_components":[],"composite_scenarios":[],"exclude_global_add_ons":[],"addons":[],"acf":[],"yoast_head":null,"yoast_head_json":null,"_links":{"self":[{"href":"https:\/\/www.vargenthor.nl\/fr\/wp-json\/wp\/v2\/product\/6149","targetHints":{"allow":["GET"]}}],"collection":[{"href":"https:\/\/www.vargenthor.nl\/fr\/wp-json\/wp\/v2\/product"}],"about":[{"href":"https:\/\/www.vargenthor.nl\/fr\/wp-json\/wp\/v2\/types\/product"}],"wp:featuredmedia":[{"embeddable":true,"href":"https:\/\/www.vargenthor.nl\/fr\/wp-json\/wp\/v2\/media\/6759"}],"wp:attachment":[{"href":"https:\/\/www.vargenthor.nl\/fr\/wp-json\/wp\/v2\/media?parent=6149"}],"wp:term":[{"taxonomy":"product_brand","embeddable":true,"href":"https:\/\/www.vargenthor.nl\/fr\/wp-json\/wp\/v2\/product_brand?post=6149"},{"taxonomy":"product_cat","embeddable":true,"href":"https:\/\/www.vargenthor.nl\/fr\/wp-json\/wp\/v2\/product_cat?post=6149"},{"taxonomy":"product_tag","embeddable":true,"href":"https:\/\/www.vargenthor.nl\/fr\/wp-json\/wp\/v2\/product_tag?post=6149"}],"curies":[{"name":"wp","href":"https:\/\/api.w.org\/{rel}","templated":true}]}}