{"id":6147,"date":"2024-07-11T14:51:34","date_gmt":"2024-07-11T12:51:34","guid":{"rendered":"https:\/\/www.vargenthor.nl\/product\/fox-1-liter-steelpan-svartstal\/"},"modified":"2025-07-05T11:10:12","modified_gmt":"2025-07-05T09:10:12","slug":"fox-1-liter-steelpan-svartstal","status":"publish","type":"product","link":"https:\/\/www.vargenthor.nl\/fr\/product\/serie\/svartstal\/fox-1-liter-steelpan-svartstal\/","title":{"rendered":"FOX - Casserole de 1 litre SVARTST\u00c5L"},"content":{"rendered":"<p>FOX, la casserole de 1 litre de la s\u00e9rie SVARTST\u00c5L, d\u00e9tails noirs, poign\u00e9es r\u00e9sistantes \u00e0 la chaleur et \u00e9l\u00e9ments de design caract\u00e9ristiques de Vargen &amp; Thor.<\/p>\n<p>Fabriqu\u00e9e \u00e0 partir de cinq couches d'acier italien de premi\u00e8re qualit\u00e9 et d'un c\u0153ur en aluminium, elle offre d'excellentes performances de chauffage et de distribution de la chaleur. Convient \u00e0 toutes les sources de chaleur, y compris l'induction, le gaz, la vitroc\u00e9ramique, l'\u00e9mail ou le four, et peut \u00eatre lav\u00e9 au lave-vaisselle.<\/p>\n<p>\u00c9dition exclusive de seulement 1 000 pi\u00e8ces.<\/p>\n<p>Sp\u00e9cifications :<br \/>\n- Diam\u00e8tre : 16 cm<br \/>\n- Capacit\u00e9 : 1 litre (1,6 litre \u00e0 ras bord)<br \/>\n- Convient \u00e0 toutes les sources de chaleur, y compris l'induction<br \/>\n- Poign\u00e9e r\u00e9sistante \u00e0 la chaleur<br \/>\n- Lavable au lave-vaisselle<br \/>\n- Bo\u00eetier et couvercle noirs avec d\u00e9tails noirs<br \/>\n- Sans PFAS<\/p>","protected":false},"excerpt":{"rendered":"FOX est la plus petite casserole de la s\u00e9rie SVARTST\u00c5L de Vargen &amp; Thor. Elle est \u00e9l\u00e9gamment assortie aux autres po\u00eales de la s\u00e9rie SVARTST\u00c5L de Vargen &amp; Thor : ALFA, BAMBA et MODELL Q\r\n\r\n\u00c9dition exclusive de seulement 1 000 pi\u00e8ces.","protected":false},"featured_media":6352,"template":"","meta":{"_acf_changed":false},"product_brand":[],"product_cat":[204,113,109],"product_tag":[],"class_list":{"0":"post-6147","1":"product","2":"type-product","3":"status-publish","4":"has-post-thumbnail","6":"product_cat-sale","7":"product_cat-svartstal","8":"product_cat-steelpannen","9":"product_shipping_class-0-2kg","11":"first","12":"instock","13":"sale","14":"taxable","15":"shipping-taxable","16":"purchasable","17":"product-type-simple"},"composite_virtual":false,"composite_layout":"","composite_add_to_cart_form_location":"","composite_editable_in_cart":false,"composite_sold_individually_context":"","composite_shop_price_calc":"","composite_components":[],"composite_scenarios":[],"exclude_global_add_ons":[],"addons":[],"acf":[],"yoast_head":null,"yoast_head_json":null,"_links":{"self":[{"href":"https:\/\/www.vargenthor.nl\/fr\/wp-json\/wp\/v2\/product\/6147","targetHints":{"allow":["GET"]}}],"collection":[{"href":"https:\/\/www.vargenthor.nl\/fr\/wp-json\/wp\/v2\/product"}],"about":[{"href":"https:\/\/www.vargenthor.nl\/fr\/wp-json\/wp\/v2\/types\/product"}],"wp:featuredmedia":[{"embeddable":true,"href":"https:\/\/www.vargenthor.nl\/fr\/wp-json\/wp\/v2\/media\/6352"}],"wp:attachment":[{"href":"https:\/\/www.vargenthor.nl\/fr\/wp-json\/wp\/v2\/media?parent=6147"}],"wp:term":[{"taxonomy":"product_brand","embeddable":true,"href":"https:\/\/www.vargenthor.nl\/fr\/wp-json\/wp\/v2\/product_brand?post=6147"},{"taxonomy":"product_cat","embeddable":true,"href":"https:\/\/www.vargenthor.nl\/fr\/wp-json\/wp\/v2\/product_cat?post=6147"},{"taxonomy":"product_tag","embeddable":true,"href":"https:\/\/www.vargenthor.nl\/fr\/wp-json\/wp\/v2\/product_tag?post=6147"}],"curies":[{"name":"wp","href":"https:\/\/api.w.org\/{rel}","templated":true}]}}