{"id":6146,"date":"2024-07-11T14:51:34","date_gmt":"2024-07-11T12:51:34","guid":{"rendered":"https:\/\/www.vargenthor.nl\/product\/bamba-55-liter-pan-svartstal\/"},"modified":"2025-08-02T17:37:02","modified_gmt":"2025-08-02T15:37:02","slug":"bamba-55-liter-pan-svartstal","status":"publish","type":"product","link":"https:\/\/www.vargenthor.nl\/fr\/produit\/serie\/svartstal\/bamba-55-liter-pan-svartstal\/","title":{"rendered":"BAMBA - 5.5-litre pan SVARTST\u00c5L"},"content":{"rendered":"<p>BAMBA, la casserole en acier noir de 5,5 litres de la s\u00e9rie SVARTST\u00c5L, offre une exp\u00e9rience de cuisson puissante avec des d\u00e9tails noirs, des poign\u00e9es r\u00e9sistantes \u00e0 la chaleur et des \u00e9l\u00e9ments de design caract\u00e9ristiques de Vargen &amp; Thor.<\/p>\n<p>Une v\u00e9ritable centrale construite \u00e0 partir de cinq couches d'acier italien de premi\u00e8re qualit\u00e9 et d'un c\u0153ur en aluminium pour d'excellentes performances de chauffage et de distribution de la chaleur. Convient \u00e0 toutes les sources de chaleur telles que l'induction, le gaz, la vitroc\u00e9ramique, l'\u00e9mail ou le four, et peut \u00eatre lav\u00e9 au lave-vaisselle.<\/p>\n<p>BAMBA offre la possibilit\u00e9 d'ajouter un panier \u00e0 p\u00e2tes \u00e0 l'achat, ce qui le rend encore plus pratique et professionnel. Parfait \u00e9galement pour la friture.<\/p>\n<p>\u00c9dition exclusive de seulement 1 000 pi\u00e8ces.<\/p>\n<p>Sp\u00e9cifications :<br \/>\n- Diam\u00e8tre : 24 cm<br \/>\n- Capacit\u00e9 : 5 litres (5,5 litres \u00e0 ras bord)<br \/>\n- Convient \u00e0 toutes les sources de chaleur, y compris l'induction<br \/>\n- Poign\u00e9es r\u00e9sistantes \u00e0 la chaleur<br \/>\n- Lavable au lave-vaisselle<br \/>\n- Bo\u00eetier et couvercle noirs avec d\u00e9tails noirs<br \/>\n- Option pour un panier \u00e0 p\u00e2tes comme variante<br \/>\n- Sans PFAS<\/p>","protected":false},"excerpt":{"rendered":"BAMBA est une casserole noire unique de 5 litres en acier inoxydable. Elle est \u00e9l\u00e9gamment assortie aux autres casseroles de la s\u00e9rie SVARTST\u00c5L de Vargen &amp; Thor : ALFA, FOX et MODELL Q\r\n\r\nEdition limit\u00e9e \u00e0 1000 pi\u00e8ces","protected":false},"featured_media":6331,"template":"","meta":{"_acf_changed":false},"product_brand":[],"product_cat":[104,204,113],"product_tag":[],"class_list":{"0":"post-6146","1":"product","2":"type-product","3":"status-publish","4":"has-post-thumbnail","6":"product_cat-kookpannen","7":"product_cat-sale","8":"product_cat-svartstal","9":"product_shipping_class-2-5kg","11":"first","12":"outofstock","13":"sale","14":"taxable","15":"shipping-taxable","16":"purchasable","17":"product-type-simple"},"composite_virtual":false,"composite_layout":"","composite_add_to_cart_form_location":"","composite_editable_in_cart":false,"composite_sold_individually_context":"","composite_shop_price_calc":"","composite_components":[],"composite_scenarios":[],"exclude_global_add_ons":[],"addons":[],"acf":[],"yoast_head":null,"yoast_head_json":null,"_links":{"self":[{"href":"https:\/\/www.vargenthor.nl\/fr\/wp-json\/wp\/v2\/product\/6146","targetHints":{"allow":["GET"]}}],"collection":[{"href":"https:\/\/www.vargenthor.nl\/fr\/wp-json\/wp\/v2\/product"}],"about":[{"href":"https:\/\/www.vargenthor.nl\/fr\/wp-json\/wp\/v2\/types\/product"}],"wp:featuredmedia":[{"embeddable":true,"href":"https:\/\/www.vargenthor.nl\/fr\/wp-json\/wp\/v2\/media\/6331"}],"wp:attachment":[{"href":"https:\/\/www.vargenthor.nl\/fr\/wp-json\/wp\/v2\/media?parent=6146"}],"wp:term":[{"taxonomy":"product_brand","embeddable":true,"href":"https:\/\/www.vargenthor.nl\/fr\/wp-json\/wp\/v2\/product_brand?post=6146"},{"taxonomy":"product_cat","embeddable":true,"href":"https:\/\/www.vargenthor.nl\/fr\/wp-json\/wp\/v2\/product_cat?post=6146"},{"taxonomy":"product_tag","embeddable":true,"href":"https:\/\/www.vargenthor.nl\/fr\/wp-json\/wp\/v2\/product_tag?post=6146"}],"curies":[{"name":"wp","href":"https:\/\/api.w.org\/{rel}","templated":true}]}}