{"id":6145,"date":"2024-07-11T14:51:33","date_gmt":"2024-07-11T12:51:33","guid":{"rendered":"https:\/\/www.vargenthor.nl\/product\/alfa-pastapan-svartstal\/"},"modified":"2025-01-04T12:04:23","modified_gmt":"2025-01-04T11:04:23","slug":"alfa-pastapan-svartstal","status":"publish","type":"product","link":"https:\/\/www.vargenthor.nl\/fr\/product\/serie\/svartstal\/alfa-pastapan-svartstal\/","title":{"rendered":"ALFA - po\u00eale \u00e0 p\u00e2tes SVARTST\u00c5L"},"content":{"rendered":"<p>Cette po\u00eale \u00e0 p\u00e2tes noire de la s\u00e9rie SVARTST\u00c5L est con\u00e7ue avec des d\u00e9tails noirs et est polyvalente, \u00e9galement parfaite pour les plats au wok. Elle n'a pas de rev\u00eatement et est livr\u00e9e avec un couvercle. Elle est dot\u00e9e de poign\u00e9es r\u00e9sistantes \u00e0 la chaleur et d'\u00e9l\u00e9ments de design embl\u00e9matiques de Vargen &amp; Thor.<\/p>\n<p>Fabriqu\u00e9 \u00e0 partir de cinq couches d'acier italien de premi\u00e8re qualit\u00e9 avec un c\u0153ur en aluminium pour une excellente performance de chauffage et de distribution de la chaleur. Convient \u00e0 toutes les sources de chaleur, y compris l'induction, le gaz, la vitroc\u00e9ramique et l'\u00e9mail, et passe au lave-vaisselle.<\/p>\n<p>\u00c9dition exclusive de seulement 1 000 pi\u00e8ces.<\/p>\n<p>Sp\u00e9cifications :<br \/>\n- Diam\u00e8tre : 28 cm<br \/>\n- Convient \u00e0 toutes les sources de chaleur, y compris l'induction<br \/>\n- Poign\u00e9es noires r\u00e9sistantes \u00e0 la chaleur<br \/>\n- Lavable au lave-vaisselle<br \/>\n- Bo\u00eetier et couvercle noirs avec d\u00e9tails noirs<br \/>\n- Sans PFAS<\/p>","protected":false},"excerpt":{"rendered":"La grande po\u00eale \u00e0 p\u00e2tes de la s\u00e9rie SVARTST\u00c5L, ALFA. ALFA est \u00e9l\u00e9gamment assortie aux autres po\u00eales de la s\u00e9rie SVARTST\u00c5L de Vargen &amp; Thor : MODELL Q, BAMBA et FOX.\r\n\r\n\u00c9dition exclusive de seulement 1 000 pi\u00e8ces.","protected":false},"featured_media":6423,"template":"","meta":{"_acf_changed":false},"product_brand":[],"product_cat":[114,204,113],"product_tag":[],"class_list":{"0":"post-6145","1":"product","2":"type-product","3":"status-publish","4":"has-post-thumbnail","6":"product_cat-pastapannen","7":"product_cat-sale","8":"product_cat-svartstal","9":"product_shipping_class-2-5kg","11":"first","12":"outofstock","13":"sale","14":"taxable","15":"shipping-taxable","16":"purchasable","17":"product-type-simple"},"composite_virtual":false,"composite_layout":"","composite_add_to_cart_form_location":"","composite_editable_in_cart":false,"composite_sold_individually_context":"","composite_shop_price_calc":"","composite_components":[],"composite_scenarios":[],"exclude_global_add_ons":[],"addons":[],"acf":[],"yoast_head":null,"yoast_head_json":null,"_links":{"self":[{"href":"https:\/\/www.vargenthor.nl\/fr\/wp-json\/wp\/v2\/product\/6145","targetHints":{"allow":["GET"]}}],"collection":[{"href":"https:\/\/www.vargenthor.nl\/fr\/wp-json\/wp\/v2\/product"}],"about":[{"href":"https:\/\/www.vargenthor.nl\/fr\/wp-json\/wp\/v2\/types\/product"}],"wp:featuredmedia":[{"embeddable":true,"href":"https:\/\/www.vargenthor.nl\/fr\/wp-json\/wp\/v2\/media\/6423"}],"wp:attachment":[{"href":"https:\/\/www.vargenthor.nl\/fr\/wp-json\/wp\/v2\/media?parent=6145"}],"wp:term":[{"taxonomy":"product_brand","embeddable":true,"href":"https:\/\/www.vargenthor.nl\/fr\/wp-json\/wp\/v2\/product_brand?post=6145"},{"taxonomy":"product_cat","embeddable":true,"href":"https:\/\/www.vargenthor.nl\/fr\/wp-json\/wp\/v2\/product_cat?post=6145"},{"taxonomy":"product_tag","embeddable":true,"href":"https:\/\/www.vargenthor.nl\/fr\/wp-json\/wp\/v2\/product_tag?post=6145"}],"curies":[{"name":"wp","href":"https:\/\/api.w.org\/{rel}","templated":true}]}}