{"id":6144,"date":"2024-07-11T14:51:33","date_gmt":"2024-07-11T12:51:33","guid":{"rendered":"https:\/\/www.vargenthor.nl\/product\/modell-q-koekenpan-svartstal\/"},"modified":"2025-05-05T18:24:06","modified_gmt":"2025-05-05T16:24:06","slug":"modell-q-koekenpan-svartstal","status":"publish","type":"product","link":"https:\/\/www.vargenthor.nl\/fr\/produit\/serie\/svartstal\/modell-q-koekenpan-svartstal\/","title":{"rendered":"MODELL Q - po\u00eale \u00e0 frire SVARTST\u00c5L"},"content":{"rendered":"<p>La po\u00eale \u00e0 frire MODELL Q avec manche Snowstick allie fonctionnalit\u00e9 et \u00e9l\u00e9gance. Cette po\u00eale en acier poli avec un manche noir est un choix polyvalent pour un usage quotidien. Elle convient \u00e0 toutes les plaques de cuisson et peut m\u00eame aller au four.<\/p>\n<p>Le rev\u00eatement sans PFOA permet de cuisiner facilement et sans effort, tandis que les poign\u00e9es r\u00e9sistantes \u00e0 la chaleur et les \u00e9l\u00e9ments de design embl\u00e9matiques de Vargen &amp; Thor lui conf\u00e8rent un aspect sophistiqu\u00e9.<\/p>\n<p>D\u00e9couvrez le mod\u00e8le Q et faites l'exp\u00e9rience de la diff\u00e9rence avec cette \u00e9dition exclusive de seulement 1 000 exemplaires.<\/p>\n<p>Le rev\u00eatement SNOWSTICK est un excellent rev\u00eatement antiadh\u00e9sif sans PFOA, id\u00e9al pour la cuisine \u00e0 faible teneur en mati\u00e8res grasses. Le motif hexagonal de Snowstick ne contient pas de nickel et a fait l'objet de tests et de recherches approfondis, avec l'approbation du rapport de test SGS.<\/p>\n<p>Sp\u00e9cifications :<br \/>\n- Diam\u00e8tre : 26 cm<br \/>\n- Convient \u00e0 toutes les sources de chaleur, y compris l'induction<br \/>\n- R\u00e9sistant au four (&lt; 240\u00baC)<br \/>\n- Poign\u00e9e r\u00e9sistante \u00e0 la chaleur<br \/>\n- Sans PFAS<\/p>","protected":false},"excerpt":{"rendered":"La po\u00eale \u00e0 frire de la s\u00e9rie SVARTST\u00c5L, MODELL Q. MODELL Q est \u00e9l\u00e9gamment assortie aux autres po\u00eales de la s\u00e9rie SVARTST\u00c5L de Vargen &amp; Thor : ALFA, BAMBA et FOX.\r\n\r\n\u00c9dition exclusive de seulement 1 000 pi\u00e8ces.","protected":false},"featured_media":6426,"template":"","meta":{"_acf_changed":false},"product_brand":[],"product_cat":[108,204,113],"product_tag":[],"class_list":{"0":"post-6144","1":"product","2":"type-product","3":"status-publish","4":"has-post-thumbnail","6":"product_cat-koekenpannen","7":"product_cat-sale","8":"product_cat-svartstal","9":"product_shipping_class-0-2kg","11":"first","12":"outofstock","13":"sale","14":"taxable","15":"shipping-taxable","16":"purchasable","17":"product-type-simple"},"composite_virtual":false,"composite_layout":"","composite_add_to_cart_form_location":"","composite_editable_in_cart":false,"composite_sold_individually_context":"","composite_shop_price_calc":"","composite_components":[],"composite_scenarios":[],"exclude_global_add_ons":[],"addons":[],"acf":[],"yoast_head":null,"yoast_head_json":null,"_links":{"self":[{"href":"https:\/\/www.vargenthor.nl\/fr\/wp-json\/wp\/v2\/product\/6144","targetHints":{"allow":["GET"]}}],"collection":[{"href":"https:\/\/www.vargenthor.nl\/fr\/wp-json\/wp\/v2\/product"}],"about":[{"href":"https:\/\/www.vargenthor.nl\/fr\/wp-json\/wp\/v2\/types\/product"}],"wp:featuredmedia":[{"embeddable":true,"href":"https:\/\/www.vargenthor.nl\/fr\/wp-json\/wp\/v2\/media\/6426"}],"wp:attachment":[{"href":"https:\/\/www.vargenthor.nl\/fr\/wp-json\/wp\/v2\/media?parent=6144"}],"wp:term":[{"taxonomy":"product_brand","embeddable":true,"href":"https:\/\/www.vargenthor.nl\/fr\/wp-json\/wp\/v2\/product_brand?post=6144"},{"taxonomy":"product_cat","embeddable":true,"href":"https:\/\/www.vargenthor.nl\/fr\/wp-json\/wp\/v2\/product_cat?post=6144"},{"taxonomy":"product_tag","embeddable":true,"href":"https:\/\/www.vargenthor.nl\/fr\/wp-json\/wp\/v2\/product_tag?post=6144"}],"curies":[{"name":"wp","href":"https:\/\/api.w.org\/{rel}","templated":true}]}}