{"id":6143,"date":"2024-07-11T14:51:33","date_gmt":"2024-07-11T12:51:33","guid":{"rendered":"https:\/\/www.vargenthor.nl\/product\/elis-16-liter-messing-steelpan\/"},"modified":"2026-04-13T09:01:07","modified_gmt":"2026-04-13T07:01:07","slug":"elis-16-liter-messing-steelpan","status":"publish","type":"product","link":"https:\/\/www.vargenthor.nl\/fr\/produit\/serie\/brassa\/elis-16-liter-messing-steelpan\/","title":{"rendered":"ELIS - Casserole en laiton de 1,6 litre"},"content":{"rendered":"<p>ELIS fait partie de notre s\u00e9rie iconique BRASSA et s'associe parfaitement aux autres mod\u00e8les de la s\u00e9rie BRASSA de Vargen &amp; Thor : MEYA et MODELL Lb.<\/p>\n<p>Son int\u00e9rieur est enti\u00e8rement rev\u00eatu d'acier inoxydable bross\u00e9. La combinaison d'un c\u0153ur en aluminium comme couche interm\u00e9diaire et d'un ext\u00e9rieur en cuivre v\u00e9ritable garantit une vitesse de chauffe et une r\u00e9gularit\u00e9 optimales. Sans PFAS et avec une r\u00e9partition parfaite de la chaleur.<\/p>\n<p>ELIS peut \u00eatre utilis\u00e9 pour cuisiner sur toutes les sources de chaleur, y compris l'induction, le gaz, la vitroc\u00e9ramique, l'\u00e9mail et peut \u00eatre lav\u00e9 au lave-vaisselle.<\/p>\n<p>Sp\u00e9cifications :<br \/>\n- Diam\u00e8tre : 16 cm<br \/>\n- Capacit\u00e9 : 1 litre (1,4 litre \u00e0 ras bord)<br \/>\n- Convient \u00e0 toutes les sources de chaleur, y compris l'induction<br \/>\n- Poign\u00e9e r\u00e9sistante \u00e0 la chaleur<br \/>\n- Aluminium de 2,5 mm<br \/>\n- Lavable au lave-vaisselle (&lt; 55 degr\u00e9s Celsius)<br \/>\n- Couvercle en laiton inclus<br \/>\n- Sans PFAS<\/p>\n<p>Instruction d'entretien :<br \/>\nEn cas d'utilisation du lave-vaisselle, nous recommandons une temp\u00e9rature maximale de 55 degr\u00e9s pour pr\u00e9server l'\u00e9clat et la couleur d'origine. L'int\u00e9rieur est enti\u00e8rement en acier inoxydable bross\u00e9. Nettoyer avant la premi\u00e8re utilisation.<\/p>","protected":false},"excerpt":{"rendered":"ELIS est la plus petite casserole de la gamme iconique BRASSA.\r\n\r\nELIS a une apparence gracieuse et une capacit\u00e9 de 1 litre. Elle poss\u00e8de notre embl\u00e9matique ext\u00e9rieur martel\u00e9 et est enti\u00e8rement recouverte d'une finition laqu\u00e9e en laiton, avec un couvercle assorti de couleur laiton.","protected":false},"featured_media":6390,"template":"","meta":{"_acf_changed":false},"product_brand":[],"product_cat":[112,109],"product_tag":[],"class_list":{"0":"post-6143","1":"product","2":"type-product","3":"status-publish","4":"has-post-thumbnail","6":"product_cat-brassa","7":"product_cat-steelpannen","8":"product_shipping_class-0-2kg","10":"first","11":"instock","12":"taxable","13":"shipping-taxable","14":"purchasable","15":"product-type-simple"},"composite_virtual":false,"composite_layout":"","composite_add_to_cart_form_location":"","composite_editable_in_cart":false,"composite_sold_individually_context":"","composite_shop_price_calc":"","composite_components":[],"composite_scenarios":[],"exclude_global_add_ons":[],"addons":[],"acf":[],"yoast_head":null,"yoast_head_json":null,"_links":{"self":[{"href":"https:\/\/www.vargenthor.nl\/fr\/wp-json\/wp\/v2\/product\/6143","targetHints":{"allow":["GET"]}}],"collection":[{"href":"https:\/\/www.vargenthor.nl\/fr\/wp-json\/wp\/v2\/product"}],"about":[{"href":"https:\/\/www.vargenthor.nl\/fr\/wp-json\/wp\/v2\/types\/product"}],"wp:featuredmedia":[{"embeddable":true,"href":"https:\/\/www.vargenthor.nl\/fr\/wp-json\/wp\/v2\/media\/6390"}],"wp:attachment":[{"href":"https:\/\/www.vargenthor.nl\/fr\/wp-json\/wp\/v2\/media?parent=6143"}],"wp:term":[{"taxonomy":"product_brand","embeddable":true,"href":"https:\/\/www.vargenthor.nl\/fr\/wp-json\/wp\/v2\/product_brand?post=6143"},{"taxonomy":"product_cat","embeddable":true,"href":"https:\/\/www.vargenthor.nl\/fr\/wp-json\/wp\/v2\/product_cat?post=6143"},{"taxonomy":"product_tag","embeddable":true,"href":"https:\/\/www.vargenthor.nl\/fr\/wp-json\/wp\/v2\/product_tag?post=6143"}],"curies":[{"name":"wp","href":"https:\/\/api.w.org\/{rel}","templated":true}]}}