{"id":6141,"date":"2024-07-11T14:51:31","date_gmt":"2024-07-11T12:51:31","guid":{"rendered":"https:\/\/www.vargenthor.nl\/product\/modell-lb-messing-koekenpan\/"},"modified":"2026-04-29T19:41:02","modified_gmt":"2026-04-29T17:41:02","slug":"modell-lb-messing-koekenpan","status":"publish","type":"product","link":"https:\/\/www.vargenthor.nl\/fr\/product\/serie\/brassa\/modell-lb-messing-koekenpan\/","title":{"rendered":"MODELL Lb - po\u00eale \u00e0 frire en laiton"},"content":{"rendered":"<p>MODELL Lb fait partie de notre s\u00e9rie iconique BRASSA et s'associe parfaitement aux autres mod\u00e8les de la s\u00e9rie BRASSA de Vargen &amp; Thor : MEYA et ELIS.<\/p>\n<p>\u00c0 l'int\u00e9rieur, MODELL Lb est enti\u00e8rement \u00e9quip\u00e9 d'acier inoxydable bross\u00e9, ce qui permet \u00e0 la vitesse de chauffe de se propager rapidement et parfaitement. Il est \u00e9galement dot\u00e9 d'un rev\u00eatement innovant sans PFAS appel\u00e9 Froststick.<\/p>\n<p>Rev\u00eatement Froststick - Un v\u00e9ritable changement de donne. Un rev\u00eatement qui r\u00e9fute tout ce que vous pensiez des rev\u00eatements. Il ne contient pas de PFAS et offre une surface de friture parfaite. Combin\u00e9 \u00e0 un noyau d'aluminium comme couche interm\u00e9diaire, il permet de r\u00e9partir la vitesse de chauffe de mani\u00e8re parfaitement uniforme. Une r\u00e9partition de la chaleur \u00e0 la perfection. Une cuisson simple et naturelle.<\/p>\n<p>MODELL Lb peut \u00eatre utilis\u00e9 pour cuisiner sur toutes les sources de chaleur telles que l'induction, le gaz, la vitroc\u00e9ramique, l'\u00e9mail ou au four et peut \u00eatre lav\u00e9 au lave-vaisselle.<\/p>\n<p>Sp\u00e9cifications :<br \/>\n- Diam\u00e8tre : 28 cm<br \/>\n- Convient \u00e0 toutes les sources de chaleur, y compris l'induction<br \/>\n- R\u00e9sistant au four (&lt; 240\u00baC)<br \/>\n- Poign\u00e9e r\u00e9sistante \u00e0 la chaleur<br \/>\n- Aluminium de 2,5 mm<br \/>\n- Lavable au lave-vaisselle (&lt; 55\u00baC)<br \/>\n- Sans PFAS<\/p>","protected":false},"excerpt":{"rendered":"La po\u00eale \u00e0 frire de la s\u00e9rie BRASSA, MODELL Lb.\r\n\r\nMODELL Lb a une apparence gracieuse avec un diam\u00e8tre de 28 cm. Elle pr\u00e9sente notre embl\u00e9matique ext\u00e9rieur martel\u00e9 et est enti\u00e8rement recouverte d'une laque en laiton, avec un couvercle assorti de couleur laiton.","protected":false},"featured_media":6324,"template":"","meta":{"_acf_changed":false},"product_brand":[],"product_cat":[108,112],"product_tag":[],"class_list":{"0":"post-6141","1":"product","2":"type-product","3":"status-publish","4":"has-post-thumbnail","6":"product_cat-koekenpannen","7":"product_cat-brassa","8":"product_shipping_class-2-5kg","10":"first","11":"instock","12":"taxable","13":"shipping-taxable","14":"purchasable","15":"product-type-simple"},"composite_virtual":false,"composite_layout":"","composite_add_to_cart_form_location":"","composite_editable_in_cart":false,"composite_sold_individually_context":"","composite_shop_price_calc":"","composite_components":[],"composite_scenarios":[],"exclude_global_add_ons":[],"addons":[],"acf":[],"yoast_head":null,"yoast_head_json":null,"_links":{"self":[{"href":"https:\/\/www.vargenthor.nl\/fr\/wp-json\/wp\/v2\/product\/6141","targetHints":{"allow":["GET"]}}],"collection":[{"href":"https:\/\/www.vargenthor.nl\/fr\/wp-json\/wp\/v2\/product"}],"about":[{"href":"https:\/\/www.vargenthor.nl\/fr\/wp-json\/wp\/v2\/types\/product"}],"wp:featuredmedia":[{"embeddable":true,"href":"https:\/\/www.vargenthor.nl\/fr\/wp-json\/wp\/v2\/media\/6324"}],"wp:attachment":[{"href":"https:\/\/www.vargenthor.nl\/fr\/wp-json\/wp\/v2\/media?parent=6141"}],"wp:term":[{"taxonomy":"product_brand","embeddable":true,"href":"https:\/\/www.vargenthor.nl\/fr\/wp-json\/wp\/v2\/product_brand?post=6141"},{"taxonomy":"product_cat","embeddable":true,"href":"https:\/\/www.vargenthor.nl\/fr\/wp-json\/wp\/v2\/product_cat?post=6141"},{"taxonomy":"product_tag","embeddable":true,"href":"https:\/\/www.vargenthor.nl\/fr\/wp-json\/wp\/v2\/product_tag?post=6141"}],"curies":[{"name":"wp","href":"https:\/\/api.w.org\/{rel}","templated":true}]}}