{"id":6140,"date":"2024-07-11T14:51:31","date_gmt":"2024-07-11T12:51:31","guid":{"rendered":"https:\/\/www.vargenthor.nl\/product\/teddy-1-liter-zilveren-steelpan\/"},"modified":"2026-04-05T20:33:23","modified_gmt":"2026-04-05T18:33:23","slug":"teddy-1-liter-zilveren-steelpan","status":"publish","type":"product","link":"https:\/\/www.vargenthor.nl\/fr\/produit\/pannen\/steelpannen\/teddy-1-liter-zilveren-steelpan\/","title":{"rendered":"Teddy - Casserole argent\u00e9e de 1 litre"},"content":{"rendered":"<p>TEDDY fait partie de notre s\u00e9rie KROMA en argent. Il est reconnaissable \u00e0 sa finition argent\u00e9e martel\u00e9e unique et \u00e0 ses d\u00e9tails en acier inoxydable.<\/p>\n<p>Son int\u00e9rieur est enti\u00e8rement rev\u00eatu d'acier inoxydable bross\u00e9. La combinaison d'un c\u0153ur en aluminium assure une vitesse de chauffe et une r\u00e9gularit\u00e9 optimales. Sans PFAS et avec une parfaite r\u00e9partition de la chaleur.<\/p>\n<p>TEDDY peut \u00eatre utilis\u00e9 pour cuisiner sur toutes les sources de chaleur, y compris l'induction, le gaz, la vitroc\u00e9ramique, l'\u00e9mail et peut \u00eatre lav\u00e9 au lave-vaisselle.<\/p>\n<p>Sp\u00e9cifications :<br \/>\n- Diam\u00e8tre : 16 cm<br \/>\n- Capacit\u00e9 : 1 litre (1,4 litre \u00e0 ras bord)<br \/>\n- Convient \u00e0 toutes les sources de chaleur, y compris l'induction<br \/>\n- Poign\u00e9e r\u00e9sistante \u00e0 la chaleur<br \/>\n- Aluminium de 2,5 mm<br \/>\n- Lavable au lave-vaisselle<br \/>\n- Couvercle en verre avec bord en acier inoxydable inclus<br \/>\n- Manche en acier inoxydable, chrom\u00e9<br \/>\n- Sans PFAS<\/p>","protected":false},"excerpt":{"rendered":"La plus petite po\u00eale de la magnifique s\u00e9rie KROMA, TEDDY.\r\n\r\nTEDDY est une casserole argent\u00e9e d'une capacit\u00e9 de 1 litre, fabriqu\u00e9e de mani\u00e8re experte avec la finition embl\u00e9matique du marteau. Elle s'accorde parfaitement avec les autres casseroles de la s\u00e9rie KROMA de Vargen &amp; Thor.","protected":false},"featured_media":6336,"template":"","meta":{"_acf_changed":false},"product_brand":[],"product_cat":[111,109],"product_tag":[],"class_list":{"0":"post-6140","1":"product","2":"type-product","3":"status-publish","4":"has-post-thumbnail","6":"product_cat-kroma","7":"product_cat-steelpannen","8":"product_shipping_class-0-2kg","10":"first","11":"onbackorder","12":"sale","13":"taxable","14":"shipping-taxable","15":"purchasable","16":"product-type-simple"},"composite_virtual":false,"composite_layout":"","composite_add_to_cart_form_location":"","composite_editable_in_cart":false,"composite_sold_individually_context":"","composite_shop_price_calc":"","composite_components":[],"composite_scenarios":[],"exclude_global_add_ons":[],"addons":[],"acf":[],"yoast_head":null,"yoast_head_json":null,"_links":{"self":[{"href":"https:\/\/www.vargenthor.nl\/fr\/wp-json\/wp\/v2\/product\/6140","targetHints":{"allow":["GET"]}}],"collection":[{"href":"https:\/\/www.vargenthor.nl\/fr\/wp-json\/wp\/v2\/product"}],"about":[{"href":"https:\/\/www.vargenthor.nl\/fr\/wp-json\/wp\/v2\/types\/product"}],"wp:featuredmedia":[{"embeddable":true,"href":"https:\/\/www.vargenthor.nl\/fr\/wp-json\/wp\/v2\/media\/6336"}],"wp:attachment":[{"href":"https:\/\/www.vargenthor.nl\/fr\/wp-json\/wp\/v2\/media?parent=6140"}],"wp:term":[{"taxonomy":"product_brand","embeddable":true,"href":"https:\/\/www.vargenthor.nl\/fr\/wp-json\/wp\/v2\/product_brand?post=6140"},{"taxonomy":"product_cat","embeddable":true,"href":"https:\/\/www.vargenthor.nl\/fr\/wp-json\/wp\/v2\/product_cat?post=6140"},{"taxonomy":"product_tag","embeddable":true,"href":"https:\/\/www.vargenthor.nl\/fr\/wp-json\/wp\/v2\/product_tag?post=6140"}],"curies":[{"name":"wp","href":"https:\/\/api.w.org\/{rel}","templated":true}]}}