{"id":6137,"date":"2024-07-11T14:51:29","date_gmt":"2024-07-11T12:51:29","guid":{"rendered":"https:\/\/www.vargenthor.nl\/product\/bark-2-28-liter-zilveren-pan\/"},"modified":"2026-03-08T14:30:04","modified_gmt":"2026-03-08T13:30:04","slug":"bark-2-28-liter-zilveren-pan","status":"publish","type":"product","link":"https:\/\/www.vargenthor.nl\/fr\/produit\/serie\/kroma\/bark-2-28-liter-zilveren-pan\/","title":{"rendered":"BARK.2 - 2,8 litres, plateau argent\u00e9"},"content":{"rendered":"<p>Notre s\u00e9rie KROMA attire tous les regards dans la cuisine. Elle est \u00e9l\u00e9gante et reconnaissable \u00e0 sa finition unique en argent martel\u00e9. BARK.2 est une casserole dont la taille se situe entre TEDDY (1,6 L) et PIXEL (4 L) et qui compl\u00e8te parfaitement l'ensemble de la s\u00e9rie KROMA.<\/p>\n<p>L'int\u00e9rieur est enti\u00e8rement rev\u00eatu d'acier inoxydable bross\u00e9. La combinaison avec un c\u0153ur en aluminium garantit une vitesse de chauffe et une homog\u00e9n\u00e9it\u00e9 optimales. Sans PFAS et avec une r\u00e9partition parfaite de la chaleur.<\/p>\n<p>BARK.2 peut \u00eatre utilis\u00e9 pour cuisiner sur toutes les sources de chaleur, y compris l'induction, le gaz, la vitroc\u00e9ramique, l'\u00e9mail et peut \u00eatre lav\u00e9 au lave-vaisselle.<\/p>\n<p>Sp\u00e9cifications :<br \/>\n- Diam\u00e8tre : 21 cm<br \/>\n- Capacit\u00e9 : 2,8 litres (3 litres \u00e0 ras bord)<br \/>\n- Convient \u00e0 toutes les sources de chaleur, y compris l'induction<br \/>\n- Poign\u00e9es r\u00e9sistantes \u00e0 la chaleur<br \/>\n- Aluminium de 2,5 mm<br \/>\n- Lavable au lave-vaisselle<br \/>\n- Poign\u00e9es en acier inoxydable, chrom\u00e9es<br \/>\n- Sans PFAS<\/p>","protected":false},"excerpt":{"rendered":"De pan waar al lang naar werd uitgekeken. De tussenmaat binnen de schitterende KROMA zilverkleurige pannenset, BARK.2\r\n\r\nBARK.2 is een pan met een inhoud van 2,8 liter, vakkundig vervaardigd met de iconische hamerslag afwerking. Ze harmonieert moeiteloos met de andere pannen uit de KROMA-serie van Vargen &amp; Thor.","protected":false},"featured_media":6842,"template":"","meta":{"_acf_changed":false},"product_brand":[],"product_cat":[104,111],"product_tag":[],"class_list":{"0":"post-6137","1":"product","2":"type-product","3":"status-publish","4":"has-post-thumbnail","6":"product_cat-kookpannen","7":"product_cat-kroma","8":"product_shipping_class-2-5kg","10":"first","11":"outofstock","12":"sale","13":"taxable","14":"shipping-taxable","15":"purchasable","16":"product-type-simple"},"composite_virtual":false,"composite_layout":"","composite_add_to_cart_form_location":"","composite_editable_in_cart":false,"composite_sold_individually_context":"","composite_shop_price_calc":"","composite_components":[],"composite_scenarios":[],"exclude_global_add_ons":[],"addons":[],"acf":[],"yoast_head":null,"yoast_head_json":null,"_links":{"self":[{"href":"https:\/\/www.vargenthor.nl\/fr\/wp-json\/wp\/v2\/product\/6137","targetHints":{"allow":["GET"]}}],"collection":[{"href":"https:\/\/www.vargenthor.nl\/fr\/wp-json\/wp\/v2\/product"}],"about":[{"href":"https:\/\/www.vargenthor.nl\/fr\/wp-json\/wp\/v2\/types\/product"}],"wp:featuredmedia":[{"embeddable":true,"href":"https:\/\/www.vargenthor.nl\/fr\/wp-json\/wp\/v2\/media\/6842"}],"wp:attachment":[{"href":"https:\/\/www.vargenthor.nl\/fr\/wp-json\/wp\/v2\/media?parent=6137"}],"wp:term":[{"taxonomy":"product_brand","embeddable":true,"href":"https:\/\/www.vargenthor.nl\/fr\/wp-json\/wp\/v2\/product_brand?post=6137"},{"taxonomy":"product_cat","embeddable":true,"href":"https:\/\/www.vargenthor.nl\/fr\/wp-json\/wp\/v2\/product_cat?post=6137"},{"taxonomy":"product_tag","embeddable":true,"href":"https:\/\/www.vargenthor.nl\/fr\/wp-json\/wp\/v2\/product_tag?post=6137"}],"curies":[{"name":"wp","href":"https:\/\/api.w.org\/{rel}","templated":true}]}}