{"id":6136,"date":"2024-07-11T14:51:28","date_gmt":"2024-07-11T12:51:28","guid":{"rendered":"https:\/\/www.vargenthor.nl\/product\/bark-28-liter-zilveren-pan\/"},"modified":"2025-10-24T10:26:43","modified_gmt":"2025-10-24T08:26:43","slug":"bark-28-liter-zilveren-pan","status":"publish","type":"product","link":"https:\/\/www.vargenthor.nl\/fr\/produit\/serie\/kroma\/bark-28-liter-zilveren-pan\/","title":{"rendered":"BARK - 2.8-litre silver pan"},"content":{"rendered":"<p>Notre s\u00e9rie KROMA attire tous les regards dans la cuisine, elle est \u00e9l\u00e9gante et reconnaissable \u00e0 sa finition unique en argent martel\u00e9. BARK est une casserole dont la taille se situe parfaitement entre TEDDY (1,6 L) et PIXEL (4 L) et qui compl\u00e8te parfaitement toute la gamme KROMA.<\/p>\n<p>L'int\u00e9rieur est enti\u00e8rement rev\u00eatu d'acier inoxydable bross\u00e9. La combinaison avec un c\u0153ur en aluminium garantit une vitesse de chauffe et une homog\u00e9n\u00e9it\u00e9 optimales. Sans PFAS et avec une r\u00e9partition parfaite de la chaleur.<\/p>\n<p>BARK peut \u00eatre utilis\u00e9 pour cuisiner sur toutes les sources de chaleur, y compris l'induction, le gaz, la vitroc\u00e9ramique, l'\u00e9mail et peut \u00eatre lav\u00e9 au lave-vaisselle.<\/p>\n<p>Sp\u00e9cifications :<br \/>\n- Diam\u00e8tre : 21 cm<br \/>\n- Capacit\u00e9 : 2,8 litres (3 litres \u00e0 ras bord)<br \/>\n- Convient \u00e0 toutes les sources de chaleur, y compris l'induction<br \/>\n- Poign\u00e9e r\u00e9sistante \u00e0 la chaleur<br \/>\n- Aluminium de 2,5 mm<br \/>\n- Lavable au lave-vaisselle<br \/>\n- Manche en acier inoxydable, chrom\u00e9<br \/>\n- Sans PFAS<\/p>","protected":false},"excerpt":{"rendered":"La po\u00eale que l'on attendait depuis longtemps. La taille interm\u00e9diaire de l'ensemble de casseroles en argent KROMA, BARK.\r\n\r\nBARK est une casserole de 2,8 litres, fabriqu\u00e9e de mani\u00e8re experte avec la finition embl\u00e9matique du marteau. Elle s'harmonise parfaitement avec les autres casseroles de la s\u00e9rie KROMA de Vargen &amp; Thor.","protected":false},"featured_media":6468,"template":"","meta":{"_acf_changed":false},"product_brand":[],"product_cat":[104,204,111],"product_tag":[],"class_list":{"0":"post-6136","1":"product","2":"type-product","3":"status-publish","4":"has-post-thumbnail","6":"product_cat-kookpannen","7":"product_cat-sale","8":"product_cat-kroma","9":"product_shipping_class-2-5kg","11":"first","12":"outofstock","13":"sale","14":"taxable","15":"shipping-taxable","16":"purchasable","17":"product-type-simple"},"composite_virtual":false,"composite_layout":"","composite_add_to_cart_form_location":"","composite_editable_in_cart":false,"composite_sold_individually_context":"","composite_shop_price_calc":"","composite_components":[],"composite_scenarios":[],"exclude_global_add_ons":[],"addons":[],"acf":[],"yoast_head":null,"yoast_head_json":null,"_links":{"self":[{"href":"https:\/\/www.vargenthor.nl\/fr\/wp-json\/wp\/v2\/product\/6136","targetHints":{"allow":["GET"]}}],"collection":[{"href":"https:\/\/www.vargenthor.nl\/fr\/wp-json\/wp\/v2\/product"}],"about":[{"href":"https:\/\/www.vargenthor.nl\/fr\/wp-json\/wp\/v2\/types\/product"}],"wp:featuredmedia":[{"embeddable":true,"href":"https:\/\/www.vargenthor.nl\/fr\/wp-json\/wp\/v2\/media\/6468"}],"wp:attachment":[{"href":"https:\/\/www.vargenthor.nl\/fr\/wp-json\/wp\/v2\/media?parent=6136"}],"wp:term":[{"taxonomy":"product_brand","embeddable":true,"href":"https:\/\/www.vargenthor.nl\/fr\/wp-json\/wp\/v2\/product_brand?post=6136"},{"taxonomy":"product_cat","embeddable":true,"href":"https:\/\/www.vargenthor.nl\/fr\/wp-json\/wp\/v2\/product_cat?post=6136"},{"taxonomy":"product_tag","embeddable":true,"href":"https:\/\/www.vargenthor.nl\/fr\/wp-json\/wp\/v2\/product_tag?post=6136"}],"curies":[{"name":"wp","href":"https:\/\/api.w.org\/{rel}","templated":true}]}}