{"id":6135,"date":"2024-07-11T14:51:28","date_gmt":"2024-07-11T12:51:28","guid":{"rendered":"https:\/\/www.vargenthor.nl\/product\/pixel-4-liter-zilveren-pan\/"},"modified":"2026-04-19T15:45:38","modified_gmt":"2026-04-19T13:45:38","slug":"pixel-4-liter-zilveren-pan","status":"publish","type":"product","link":"https:\/\/www.vargenthor.nl\/fr\/produit\/pannen\/kookpannen\/pixel-4-liter-zilveren-pan\/","title":{"rendered":"PIXEL - Cuvette argent\u00e9e de 4 litres"},"content":{"rendered":"<p>Avec un diam\u00e8tre g\u00e9n\u00e9reux de 24 cm, PIXEL offre la taille parfaite pour une vari\u00e9t\u00e9 d'applications culinaires.<\/p>\n<p>Son int\u00e9rieur est enti\u00e8rement rev\u00eatu d'acier inoxydable bross\u00e9. La combinaison d'un c\u0153ur en aluminium assure une vitesse de chauffe et une r\u00e9gularit\u00e9 optimales. Sans PFAS et avec une parfaite r\u00e9partition de la chaleur.<\/p>\n<p>PIXEL peut \u00eatre utilis\u00e9 pour cuisiner sur toutes les sources de chaleur, y compris l'induction, le gaz, la vitroc\u00e9ramique, l'\u00e9mail et peut \u00eatre lav\u00e9 au lave-vaisselle.<\/p>\n<p>Sp\u00e9cifications :<br \/>\n- Diam\u00e8tre : 24 cm<br \/>\n- Capacit\u00e9 : 4 litres (4,5 litres \u00e0 ras bord)<br \/>\n- Convient \u00e0 toutes les sources de chaleur, y compris l'induction<br \/>\n- Poign\u00e9es r\u00e9sistantes \u00e0 la chaleur<br \/>\n- Aluminium de 2,5 mm<br \/>\n- Lavable au lave-vaisselle<br \/>\n- Couvercle en verre avec bord en acier inoxydable inclus<br \/>\n- Poign\u00e9es en acier inoxydable, chrom\u00e9es<br \/>\n- Sans PFAS<\/p>","protected":false},"excerpt":{"rendered":"PIXEL est une magnifique casserole de 4 litres en acier inoxydable de couleur argent\u00e9e. Elle est \u00e9l\u00e9gamment assortie aux autres casseroles de la s\u00e9rie KROMA de Vargen &amp; Thor.","protected":false},"featured_media":6289,"template":"","meta":{"_acf_changed":false},"product_brand":[],"product_cat":[104,111],"product_tag":[],"class_list":{"0":"post-6135","1":"product","2":"type-product","3":"status-publish","4":"has-post-thumbnail","6":"product_cat-kookpannen","7":"product_cat-kroma","8":"product_shipping_class-2-5kg","10":"first","11":"instock","12":"sale","13":"taxable","14":"shipping-taxable","15":"purchasable","16":"product-type-simple"},"composite_virtual":false,"composite_layout":"","composite_add_to_cart_form_location":"","composite_editable_in_cart":false,"composite_sold_individually_context":"","composite_shop_price_calc":"","composite_components":[],"composite_scenarios":[],"exclude_global_add_ons":[],"addons":[],"acf":[],"yoast_head":null,"yoast_head_json":null,"_links":{"self":[{"href":"https:\/\/www.vargenthor.nl\/fr\/wp-json\/wp\/v2\/product\/6135","targetHints":{"allow":["GET"]}}],"collection":[{"href":"https:\/\/www.vargenthor.nl\/fr\/wp-json\/wp\/v2\/product"}],"about":[{"href":"https:\/\/www.vargenthor.nl\/fr\/wp-json\/wp\/v2\/types\/product"}],"wp:featuredmedia":[{"embeddable":true,"href":"https:\/\/www.vargenthor.nl\/fr\/wp-json\/wp\/v2\/media\/6289"}],"wp:attachment":[{"href":"https:\/\/www.vargenthor.nl\/fr\/wp-json\/wp\/v2\/media?parent=6135"}],"wp:term":[{"taxonomy":"product_brand","embeddable":true,"href":"https:\/\/www.vargenthor.nl\/fr\/wp-json\/wp\/v2\/product_brand?post=6135"},{"taxonomy":"product_cat","embeddable":true,"href":"https:\/\/www.vargenthor.nl\/fr\/wp-json\/wp\/v2\/product_cat?post=6135"},{"taxonomy":"product_tag","embeddable":true,"href":"https:\/\/www.vargenthor.nl\/fr\/wp-json\/wp\/v2\/product_tag?post=6135"}],"curies":[{"name":"wp","href":"https:\/\/api.w.org\/{rel}","templated":true}]}}