{"id":6133,"date":"2024-07-11T14:51:26","date_gmt":"2024-07-11T12:51:26","guid":{"rendered":"https:\/\/www.vargenthor.nl\/product\/mandus-2-28-liter-zwarte-pan\/"},"modified":"2026-04-07T09:23:07","modified_gmt":"2026-04-07T07:23:07","slug":"mandus-2-28-liter-zwarte-pan","status":"publish","type":"product","link":"https:\/\/www.vargenthor.nl\/fr\/produit\/serie\/arvet\/mandus-2-28-liter-zwarte-pan\/","title":{"rendered":"MANDUS.2 - bac noir de 2,8 litres"},"content":{"rendered":"<p>Notre s\u00e9rie ARVET attire tous les regards dans la cuisine. Elle est \u00e9l\u00e9gante et reconnaissable \u00e0 sa finition martel\u00e9e noire mate et \u00e0 ses d\u00e9tails en laiton. Une taille interm\u00e9diaire parfaite pour VIGGO (1,6 L) et MIO (4 L) et donc un compl\u00e9ment parfait \u00e0 l'ensemble de la gamme ARVET.<\/p>\n<p>L'int\u00e9rieur est enti\u00e8rement rev\u00eatu d'acier inoxydable bross\u00e9. La combinaison avec un c\u0153ur en aluminium garantit une vitesse de chauffe et une homog\u00e9n\u00e9it\u00e9 optimales. Sans PFAS et avec une r\u00e9partition parfaite de la chaleur.<\/p>\n<p>MANDUS.2 peut \u00eatre utilis\u00e9 pour cuisiner sur toutes les sources de chaleur, y compris l'induction, le gaz, la vitroc\u00e9ramique, l'\u00e9mail et peut \u00eatre lav\u00e9 au lave-vaisselle.<\/p>\n<p>Sp\u00e9cifications :<br \/>\n- Diam\u00e8tre : 21 cm<br \/>\n- Capacit\u00e9 : 2,8 litres (3 litres \u00e0 ras bord)<br \/>\n- Convient \u00e0 toutes les sources de chaleur, y compris l'induction<br \/>\n- Poign\u00e9es r\u00e9sistantes \u00e0 la chaleur<br \/>\n- Aluminium de 2,5 mm<br \/>\n- Lavable au lave-vaisselle<br \/>\n- Couvercle noir mat inclus<br \/>\n- Poign\u00e9es en laiton<br \/>\n- Sans PFAS<\/p>","protected":false},"excerpt":{"rendered":"De pan waar al lang naar werd uitgekeken. De tussenmaat binnen de iconische ARVET koperen pannenset, MANDUS.2.\r\n\r\nMANDUS.2 is een pan met een inhoud van 2.8 liter, prachtig afgewerkt met de unieke matzwart gehamerde buitenkant en messing handgrepen. Hij matcht perfect met de andere pannen uit de prestigieuze ARVET-serie van Vargen &amp; Thor.","protected":false},"featured_media":6270,"template":"","meta":{"_acf_changed":false},"product_brand":[],"product_cat":[104,110],"product_tag":[],"class_list":{"0":"post-6133","1":"product","2":"type-product","3":"status-publish","4":"has-post-thumbnail","6":"product_cat-kookpannen","7":"product_cat-arvet","8":"product_shipping_class-2-5kg","10":"first","11":"instock","12":"taxable","13":"shipping-taxable","14":"purchasable","15":"product-type-simple"},"composite_virtual":false,"composite_layout":"","composite_add_to_cart_form_location":"","composite_editable_in_cart":false,"composite_sold_individually_context":"","composite_shop_price_calc":"","composite_components":[],"composite_scenarios":[],"exclude_global_add_ons":[],"addons":[],"acf":[],"yoast_head":null,"yoast_head_json":null,"_links":{"self":[{"href":"https:\/\/www.vargenthor.nl\/fr\/wp-json\/wp\/v2\/product\/6133","targetHints":{"allow":["GET"]}}],"collection":[{"href":"https:\/\/www.vargenthor.nl\/fr\/wp-json\/wp\/v2\/product"}],"about":[{"href":"https:\/\/www.vargenthor.nl\/fr\/wp-json\/wp\/v2\/types\/product"}],"wp:featuredmedia":[{"embeddable":true,"href":"https:\/\/www.vargenthor.nl\/fr\/wp-json\/wp\/v2\/media\/6270"}],"wp:attachment":[{"href":"https:\/\/www.vargenthor.nl\/fr\/wp-json\/wp\/v2\/media?parent=6133"}],"wp:term":[{"taxonomy":"product_brand","embeddable":true,"href":"https:\/\/www.vargenthor.nl\/fr\/wp-json\/wp\/v2\/product_brand?post=6133"},{"taxonomy":"product_cat","embeddable":true,"href":"https:\/\/www.vargenthor.nl\/fr\/wp-json\/wp\/v2\/product_cat?post=6133"},{"taxonomy":"product_tag","embeddable":true,"href":"https:\/\/www.vargenthor.nl\/fr\/wp-json\/wp\/v2\/product_tag?post=6133"}],"curies":[{"name":"wp","href":"https:\/\/api.w.org\/{rel}","templated":true}]}}