{"id":6132,"date":"2024-07-11T14:51:26","date_gmt":"2024-07-11T12:51:26","guid":{"rendered":"https:\/\/www.vargenthor.nl\/product\/modell-xb-jr-zwarte-koekenpan-22-cm\/"},"modified":"2026-04-07T09:23:07","modified_gmt":"2026-04-07T07:23:07","slug":"modell-xb-jr-zwarte-koekenpan-22-cm","status":"publish","type":"product","link":"https:\/\/www.vargenthor.nl\/fr\/produit\/serie\/arvet\/modell-xb-jr-zwarte-koekenpan-22-cm\/","title":{"rendered":"MODELL Xb Jr - po\u00eale \u00e0 frire noire 22 cm"},"content":{"rendered":"<p>Comme son homologue plus grand, le MODELL Xb Jr est reconnaissable \u00e0 sa finition noire mate martel\u00e9e unique et \u00e0 ses d\u00e9tails en laiton. Elle s'harmonise parfaitement avec les autres casseroles de la gamme ARVET.<\/p>\n<p>\u00c0 l'int\u00e9rieur, MODELL Xb Jr est enti\u00e8rement \u00e9quip\u00e9 d'acier inoxydable bross\u00e9, ce qui permet \u00e0 la vitesse de chauffe de se propager rapidement et parfaitement. Il est \u00e9galement dot\u00e9 d'un rev\u00eatement innovant sans PFAS appel\u00e9 Froststick.<\/p>\n<p>Rev\u00eatement Froststick - Un v\u00e9ritable changement de donne. Un rev\u00eatement qui r\u00e9fute tout ce que vous pensiez des rev\u00eatements. Il ne contient pas de PFAS et offre une surface de friture parfaite. Combin\u00e9 \u00e0 un noyau d'aluminium comme couche interm\u00e9diaire, il permet de r\u00e9partir la vitesse de chauffe de mani\u00e8re parfaitement uniforme. Une r\u00e9partition de la chaleur \u00e0 la perfection. Une cuisson simple et naturelle.<\/p>\n<p>MODELL Xb Jr peut \u00eatre utilis\u00e9 pour cuisiner sur toutes les sources de chaleur telles que l'induction, le gaz, la vitroc\u00e9ramique, l'\u00e9mail ou au four et peut \u00eatre lav\u00e9 au lave-vaisselle. De plus, il est compatible avec le lave-vaisselle 100% pour une plus grande facilit\u00e9 d'utilisation.<\/p>\n<p>Sp\u00e9cifications :<br \/>\n- Diam\u00e8tre : 22 cm<br \/>\n- Convient \u00e0 toutes les sources de chaleur, y compris l'induction<br \/>\n- R\u00e9sistant au four (&lt; 240\u00baC)<br \/>\n- Poign\u00e9e r\u00e9sistante \u00e0 la chaleur<br \/>\n- Aluminium de 2,5 mm<br \/>\n- Lavable au lave-vaisselle<br \/>\n- Poign\u00e9e en laiton<br \/>\n- Sans PFAS<\/p>","protected":false},"excerpt":{"rendered":"Nous avons \u00e9cout\u00e9 vos souhaits et sommes fiers de vous pr\u00e9senter le MODELL Xb Jr - une po\u00eale \u00e0 frire noire compacte d'un diam\u00e8tre de 22 cm.\r\n\r\nElle compl\u00e8te parfaitement la gamme ARVET, avec sa finition noir mat martel\u00e9 et ses d\u00e9tails raffin\u00e9s en laiton.","protected":false},"featured_media":6245,"template":"","meta":{"_acf_changed":false},"product_brand":[],"product_cat":[108,110],"product_tag":[],"class_list":{"0":"post-6132","1":"product","2":"type-product","3":"status-publish","4":"has-post-thumbnail","6":"product_cat-koekenpannen","7":"product_cat-arvet","8":"product_shipping_class-0-2kg","10":"first","11":"instock","12":"taxable","13":"shipping-taxable","14":"purchasable","15":"product-type-simple"},"composite_virtual":false,"composite_layout":"","composite_add_to_cart_form_location":"","composite_editable_in_cart":false,"composite_sold_individually_context":"","composite_shop_price_calc":"","composite_components":[],"composite_scenarios":[],"exclude_global_add_ons":[],"addons":[],"acf":[],"yoast_head":null,"yoast_head_json":null,"_links":{"self":[{"href":"https:\/\/www.vargenthor.nl\/fr\/wp-json\/wp\/v2\/product\/6132","targetHints":{"allow":["GET"]}}],"collection":[{"href":"https:\/\/www.vargenthor.nl\/fr\/wp-json\/wp\/v2\/product"}],"about":[{"href":"https:\/\/www.vargenthor.nl\/fr\/wp-json\/wp\/v2\/types\/product"}],"wp:featuredmedia":[{"embeddable":true,"href":"https:\/\/www.vargenthor.nl\/fr\/wp-json\/wp\/v2\/media\/6245"}],"wp:attachment":[{"href":"https:\/\/www.vargenthor.nl\/fr\/wp-json\/wp\/v2\/media?parent=6132"}],"wp:term":[{"taxonomy":"product_brand","embeddable":true,"href":"https:\/\/www.vargenthor.nl\/fr\/wp-json\/wp\/v2\/product_brand?post=6132"},{"taxonomy":"product_cat","embeddable":true,"href":"https:\/\/www.vargenthor.nl\/fr\/wp-json\/wp\/v2\/product_cat?post=6132"},{"taxonomy":"product_tag","embeddable":true,"href":"https:\/\/www.vargenthor.nl\/fr\/wp-json\/wp\/v2\/product_tag?post=6132"}],"curies":[{"name":"wp","href":"https:\/\/api.w.org\/{rel}","templated":true}]}}